{"id":963,"date":"2024-01-29T16:48:06","date_gmt":"2024-01-29T16:48:06","guid":{"rendered":"https:\/\/nis2resources.eu\/?page_id=963"},"modified":"2024-08-12T02:13:15","modified_gmt":"2024-08-12T02:13:15","slug":"direttiva-3","status":"publish","type":"page","link":"https:\/\/nis2resources.eu\/it\/directive-2022-2557-cer\/","title":{"rendered":"Direttiva CER (UE) 2022\/2557"},"content":{"rendered":"<div class=\"wp-block-greenshift-blocks-row gspb_row gspb_row-id-gsbp-90dd5fd gspb_row--gutter-custom-0\" id=\"gspb_row-id-gsbp-90dd5fd\"><div class=\"gspb_row__content\"> \n<div class=\"wp-block-greenshift-blocks-row-column gspb_row__col--4 gspb_row__col--md-12 gspb_col-id-gsbp-d560c25\" id=\"gspb_col-id-gsbp-d560c25\">\n\n\n<h2 id=\"gspb_heading-id-gsbp-2ffee04\" class=\"gspb_heading gspb_heading-id-gsbp-2ffee04\">Direttiva sulla resilienza delle entit\u00e0 critiche (CER)<\/h2>\n\n\n\n<div id=\"gspb_text-id-gsbp-e310166\" class=\"gspb_text gspb_text-id-gsbp-e310166\">Direttiva (UE) 2022\/2557 del Parlamento europeo e del Consiglio, del 14 dicembre 2022, sulla resilienza delle entit\u00e0 critiche e che abroga la direttiva 2008\/114\/CE del Consiglio (direttiva CER).<\/div>\n\n\n\n<div class=\"gspb_button_wrapper gspb_button-id-gsbp-017e9fc\" id=\"gspb_button-id-gsbp-017e9fc\"><a class=\"wp-block-greenshift-blocks-buttonbox gspb-buttonbox wp-element-button\" href=\"\/it\/direttiva-3\/preambolo\/\" rel=\"noopener\"><span class=\"gspb-buttonbox-textwrap\"><span class=\"gspb-buttonbox-text\"><span class=\"gspb-buttonbox-title\">Per saperne di pi\u00f9<\/span><\/span><span class=\"gspb-buttonbox-icon\"><svg xmlns=\"http:\/\/www.w3.org\/2000\/svg\" style=\"width:5rem;height:5rem;margin:10px\" viewbox=\"0 0 24 24\"><path fill-rule=\"evenodd\" d=\"M24 0v22.78h-2.87V4.9L2.03 24 0 21.97l19.1-19.1H1.26V0H24Z\"><\/path><\/svg><\/span><\/span><\/a><\/div>\n<\/div>\n <\/div><\/div>\n\n\n\n<p>La direttiva CER \u00e8 strutturata in modo da fornire un quadro completo per migliorare la resilienza delle entit\u00e0 critiche all'interno dell'UE. \u00c8 organizzata in diverse sezioni chiave che delineano gli obiettivi della direttiva, l'ambito di applicazione, gli obblighi specifici per gli Stati membri e le entit\u00e0 critiche e i meccanismi di cooperazione e applicazione. La struttura comprende:<\/p>\n\n\n\n<h3 class=\"wp-block-heading\" id=\"structure-and-key-sections\">Struttura e sezioni chiave<\/h3>\n\n\n\n<ol class=\"wp-block-list\">\n<li>La direttiva CER \u00e8 strutturata in modo da fornire un quadro completo per migliorare la resilienza delle entit\u00e0 critiche all'interno dell'UE. \u00c8 organizzata in diverse sezioni chiave che delineano gli obiettivi della direttiva, l'ambito di applicazione, gli obblighi specifici per gli Stati membri e le entit\u00e0 critiche e i meccanismi di cooperazione e applicazione.<\/li>\n\n\n\n<li><strong>Disposizioni generali e obiettivi<\/strong>: Questa sezione definisce gli obiettivi della direttiva, che comprendono il rafforzamento della resilienza delle entit\u00e0 critiche contro vari rischi, tra cui disastri naturali, terrorismo e attacchi informatici. Stabilisce inoltre l'ambito di applicazione della direttiva, identificando i settori e le tipologie di enti interessati.<\/li>\n\n\n\n<li><strong>Obblighi per gli Stati membri<\/strong>: La direttiva prevede che ogni Stato membro dell'UE sia responsabile dell'identificazione delle entit\u00e0 critiche all'interno della propria giurisdizione. Gli Stati membri sono tenuti a garantire che tali entit\u00e0 implementino solide misure di resilienza. Questa sezione illustra anche i quadri nazionali che gli Stati membri devono istituire, compresa la designazione delle autorit\u00e0 competenti e la creazione di strategie nazionali per la protezione delle infrastrutture critiche.<\/li>\n\n\n\n<li><strong>Obblighi delle entit\u00e0 critiche<\/strong>: Le entit\u00e0 critiche identificate dagli Stati membri devono rispettare i requisiti specifici previsti dalla Direttiva CER. Questi includono la conduzione di <span tabindex='0' class='glossary-item-container'>rischio<span class='glossary-item-hidden-content'><span class='glossary-item-header'>Il rischio<\/span> <span class='glossary-item-description'>Si intende il potenziale di perdita o di perturbazione causato da un incidente e deve essere espresso come una combinazione dell'entit\u00e0 di tale perdita o perturbazione e della probabilit\u00e0 che l'incidente si verifichi -. <a href=\"https:\/\/nis2resources.eu\/it\/directive\/articolo-6\/\">Definizione ai sensi dell'articolo 6 della direttiva (UE) 2022\/2555 (direttiva NIS2)<\/a><\/span><\/span><\/span> valutazioni, l'implementazione di misure di sicurezza e la segnalazione di incidenti che potrebbero avere un impatto sulle loro operazioni. La direttiva sottolinea inoltre l'importanza della pianificazione e della preparazione alla resilienza, richiedendo alle entit\u00e0 di sviluppare e mantenere piani di resilienza.<\/li>\n\n\n\n<li><strong>Cooperazione e condivisione delle informazioni<\/strong>: La direttiva promuove la cooperazione tra gli Stati membri e le entit\u00e0 critiche. Delinea i meccanismi per la condivisione delle informazioni, sia a livello nazionale che di UE, per migliorare la resilienza collettiva. Questa sezione introduce anche il ruolo della Commissione europea nel facilitare la cooperazione e nel garantire la coerenza dell'attuazione della direttiva in tutta l'UE.<\/li>\n\n\n\n<li><strong>Vigilanza e applicazione<\/strong>: La direttiva CER contiene disposizioni per la supervisione delle entit\u00e0 critiche e l'applicazione della conformit\u00e0. Gli Stati membri sono tenuti a istituire meccanismi di monitoraggio e applicazione per garantire che gli enti critici rispettino i requisiti della direttiva. Questa sezione delinea anche le sanzioni in caso di non conformit\u00e0.<\/li>\n\n\n\n<li><strong>Disposizioni finali<\/strong>: Questa sezione comprende misure transitorie, tempi di attuazione e disposizioni per la revisione e la modifica della direttiva.<\/li>\n\n\n\n<li>Sezioni chiave della direttiva CER<\/li>\n<\/ol>\n\n\n\n<h3 class=\"wp-block-heading\" id=\"key-sections-of-the-cer-directive\">Sezioni chiave della direttiva CER<\/h3>\n\n\n\n<ul class=\"wp-block-list\">\n<li><strong>Ambito e definizioni<\/strong>: Definisce i settori critici coperti, come energia, trasporti, sanit\u00e0, finanza e infrastrutture digitali.<\/li>\n\n\n\n<li><strong>Requisiti di gestione del rischio e resilienza<\/strong>: Specifica che le entit\u00e0 critiche devono condurre valutazioni periodiche del rischio e implementare misure per garantire la resilienza.<\/li>\n\n\n\n<li><strong><span tabindex='0' class='glossary-item-container'>Incidente<span class='glossary-item-hidden-content'><span class='glossary-item-header'>Incidente<\/span> <span class='glossary-item-description'>Si intende un evento che compromette la disponibilit\u00e0, l'autenticit\u00e0, l'integrit\u00e0 o la riservatezza dei dati memorizzati, trasmessi o elaborati o dei servizi offerti o accessibili tramite i sistemi di rete e di informazione -. <a href=\"https:\/\/nis2resources.eu\/it\/directive\/articolo-6\/\">Definizione ai sensi dell'articolo 6 della direttiva (UE) 2022\/2555 (direttiva NIS2)<\/a><\/span><\/span><\/span> Segnalazione e risposta<\/strong>: Delinea i requisiti per le entit\u00e0 critiche per segnalare gli incidenti e mantenere le operazioni durante le interruzioni.<\/li>\n\n\n\n<li><strong>Strategie nazionali e autorit\u00e0 competenti<\/strong>: Incarica gli Stati membri di sviluppare strategie nazionali e di designare le autorit\u00e0 responsabili della supervisione dell'attuazione della direttiva.<\/li>\n\n\n\n<li><strong>Cooperazione e coordinamento<\/strong>: Incoraggia la collaborazione transfrontaliera e la condivisione delle informazioni per migliorare la resilienza complessiva delle infrastrutture critiche nell'UE.<\/li>\n<\/ul>\n\n\n\n<p>La direttiva CER rappresenta un significativo passo avanti negli sforzi dell'UE per salvaguardare le infrastrutture critiche da un'ampia gamma di minacce. Stabilendo obblighi chiari sia per gli Stati membri che per le entit\u00e0 critiche, la direttiva mira a creare un ambiente pi\u00f9 resiliente e sicuro in tutta l'Unione.<\/p>\n\n\n\n<div style=\"height:100px\" aria-hidden=\"true\" class=\"wp-block-spacer\"><\/div>\n\n\n\n<div class=\"wp-block-greenshift-blocks-row gspb_row gspb_row-id-gsbp-d224a29 gspb_row--gutter-custom-0\" id=\"gspb_row-id-gsbp-d224a29\"><div class=\"gspb_row__content\"> \n<div class=\"wp-block-greenshift-blocks-row-column gspb_row__col--6 gspb_row__col--md-12 gspb_col-id-gsbp-3f096c4\" id=\"gspb_col-id-gsbp-3f096c4\">\n<h3 id=\"gspb_heading-id-gsbp-d9024e8\" class=\"gspb_heading gspb_heading-id-gsbp-d9024e8\">Ottenere la lista di controllo del rischio della catena di approvvigionamento NIS 2<\/h3>\n\n\n\n<div id=\"gspb_text-id-gsbp-105d8e4\" class=\"gspb_text gspb_text-id-gsbp-105d8e4\">Scaricate la nostra lista di controllo gratuita sui rischi della catena di approvvigionamento NIS2 per assicurarvi che la vostra organizzazione soddisfi i requisiti pi\u00f9 recenti. <span tabindex='0' class='glossary-item-container'>sicurezza informatica<span class='glossary-item-hidden-content'><span class='glossary-item-header'>Sicurezza informatica<\/span> <span class='glossary-item-description'>per \"cibersicurezza\" si intende la cibersicurezza quale definita all'articolo 2, punto 1, del regolamento (UE) 2019\/881; - <a href=\"https:\/\/nis2resources.eu\/it\/directive\/articolo-6\/\">Definizione ai sensi dell'articolo 6 della direttiva (UE) 2022\/2555 (direttiva NIS2)<\/a>\r\rper \"sicurezza informatica\" si intendono le attivit\u00e0 necessarie per proteggere i sistemi di rete e di informazione, gli utenti di tali sistemi e le altre persone interessate dalle minacce informatiche; - definizione ai sensi dell'articolo 2, punto (1), del regolamento (UE) 2019\/881;<\/span><\/span><\/span> standard di conformit\u00e0 senza alcuno sforzo.<\/div>\n<\/div>\n\n\n\n<div class=\"wp-block-greenshift-blocks-row-column gspb_row__col--6 gspb_row__col--md-12 gspb_col-id-gsbp-a3dc620\" id=\"gspb_col-id-gsbp-a3dc620\">\n<div class=\"gspb_button_wrapper gspb_button-id-gsbp-51f288b\" id=\"gspb_button-id-gsbp-51f288b\"><a class=\"wp-block-greenshift-blocks-buttonbox gspb-buttonbox wp-element-button\" href=\"\/it\/kit-di-conformita\/\" rel=\"noopener\"><span class=\"gspb-buttonbox-textwrap\"><span class=\"gspb-buttonbox-text\"><span class=\"gspb-buttonbox-title\">Scaricare gratuitamente<\/span><\/span><span class=\"gspb-buttonbox-icon\"><svg xmlns=\"http:\/\/www.w3.org\/2000\/svg\" style=\"width:5rem;height:5rem;margin:10px\" viewbox=\"0 0 24 24\"><path fill-rule=\"evenodd\" d=\"M24 0v22.78h-2.87V4.9L2.03 24 0 21.97l19.1-19.1H1.26V0H24Z\"><\/path><\/svg><\/span><\/span><\/a><\/div>\n<\/div>\n <\/div><\/div>","protected":false},"excerpt":{"rendered":"<p>The CER Directive is structured to provide a comprehensive framework for enhancing the resilience of critical entities within the EU. It is organized into several key sections that outline the directive\u2019s objectives, the scope of application, specific obligations for member states and critical entities, and mechanisms for cooperation and enforcement. The structure includes: Structure and [&hellip;]<\/p>\n","protected":false},"author":1,"featured_media":0,"parent":0,"menu_order":0,"comment_status":"closed","ping_status":"closed","template":"","meta":{"_gspb_post_css":"#gspb_row-id-gsbp-90dd5fd{justify-content:space-between;margin-top:0;display:flex;flex-wrap:wrap;margin-bottom:120px;padding:0 80px}#gspb_row-id-gsbp-90dd5fd>.gspb_row__content{display:flex;justify-content:space-between;margin:0 auto;width:100%;flex-wrap:wrap}div[id^=gspb_col-id]{box-sizing:border-box;position:relative;padding:15px min(3vw,20px)}@media (max-width:991.98px){#gspb_row-id-gsbp-90dd5fd>.gspb_row__content{row-gap:30px}}body.gspb-bodyfront #gspb_row-id-gsbp-90dd5fd>.gspb_row__content{width:var(--theme-container-width, 1200px);max-width:var(--theme-normal-container-max-width, 1200px)}@media (max-width:991.98px){#gspb_row-id-gsbp-90dd5fd{margin-bottom:80px;padding-right:50px;padding-left:50px}}@media (max-width:575.98px){#gspb_row-id-gsbp-90dd5fd{margin-bottom:60px;padding-right:35px;padding-left:35px}}#gspb_row-id-gsbp-90dd5fd{background-color:var(--wp--preset--color--palette-color-7, var(--theme-palette-color-7, #F7FAFD))}#gspb_row-id-gsbp-90dd5fd,#gspb_row-id-gsbp-90dd5fd>.gspb_backgroundOverlay{border-top-left-radius:40px;border-top-right-radius:40px;border-bottom-right-radius:40px;border-bottom-left-radius:40px}#gspb_col-id-gsbp-d560c25.gspb_row__col--4{width:calc(33.333333333333336% - 5px)}@media (max-width:991.98px){#gspb_col-id-gsbp-d560c25.gspb_row__col--4{width:100%}}@media (max-width:767.98px){#gspb_col-id-gsbp-d560c25.gspb_row__col--4{width:calc(100% - 5px)}}@media (max-width:575.98px){#gspb_col-id-gsbp-d560c25.gspb_row__col--4{width:100%}}@media (min-width:992px){body.gspb-bodyfront #gspb_col-id-gsbp-d560c25.gspb_row__col--4{width:calc(100% - 0px - 5px)}}.gspb_row #gspb_col-id-gsbp-d560c25.gspb_row__col--4{padding:70px 0}@media (max-width:991.98px){.gspb_row #gspb_col-id-gsbp-d560c25.gspb_row__col--4{padding-top:50px;padding-bottom:0}}@media (max-width:575.98px){.gspb_row #gspb_col-id-gsbp-d560c25.gspb_row__col--4{padding-bottom:0}}body #gspb_col-id-gsbp-d560c25.gspb_row__col--4{display:flex;flex-direction:column;justify-content:center}@media (max-width:991.98px){body #gspb_col-id-gsbp-d560c25.gspb_row__col--4{align-items:center}}#gspb_heading-id-gsbp-2ffee04{font-size:50px}@media (max-width:991.98px){#gspb_heading-id-gsbp-2ffee04{font-size:35px}}@media (max-width:575.98px){#gspb_heading-id-gsbp-2ffee04{font-size:30px}}@media (max-width:991.98px){#gspb_heading-id-gsbp-2ffee04,#gspb_heading-id-gsbp-2ffee04 .gsap-g-line{text-align:center!important}}#gspb_heading-id-gsbp-2ffee04{font-weight:800!important;margin-top:0;margin-bottom:10px}@media (max-width:991.98px){.gspb_text-id-gsbp-e310166,.gspb_text-id-gsbp-e310166 .gsap-g-line{text-align:center!important}}.gspb_text-id-gsbp-e310166{margin-bottom:40px!important}#gspb_button-id-gsbp-017e9fc{display:flex;justify-content:flex-start}#gspb_button-id-gsbp-017e9fc .gspb-buttonbox-text{display:flex;flex-direction:column}#gspb_button-id-gsbp-017e9fc>.gspb-buttonbox{box-sizing:border-box}#gspb_button-id-gsbp-017e9fc>.gspb-buttonbox>.gspb-buttonbox-textwrap>.gspb-buttonbox-icon,#gspb_button-id-gsbp-51f288b>.gspb-buttonbox>.gspb-buttonbox-textwrap>.gspb-buttonbox-icon{display:flex}#gspb_button-id-gsbp-017e9fc>.gspb-buttonbox>.gspb-buttonbox-textwrap{display:flex;flex-direction:row;align-items:center}#gspb_button-id-gsbp-017e9fc .gspb-buttonbox-icon{margin-left:13px}#gspb_row-id-gsbp-d224a29{justify-content:space-between;margin-top:0;margin-bottom:0;display:flex;flex-wrap:wrap;align-content:center;padding:60px}#gspb_row-id-gsbp-d224a29>.gspb_row__content{display:flex;justify-content:space-between;margin:0 auto;width:100%;flex-wrap:wrap}.gspb_row{position:relative}@media (max-width:991.98px){#gspb_row-id-gsbp-d224a29>.gspb_row__content{row-gap:40px}}#gspb_row-id-gsbp-d224a29>.gspb_row__content{align-items:center}body.gspb-bodyfront #gspb_row-id-gsbp-d224a29>.gspb_row__content{width:var(--theme-container-width, 1200px);max-width:var(--theme-normal-container-max-width, 1200px)}@media (max-width:991.98px){#gspb_row-id-gsbp-d224a29{padding:50px}}@media (max-width:575.98px){#gspb_row-id-gsbp-d224a29{padding:35px}}#gspb_row-id-gsbp-d224a29{background-color:var(--wp--preset--color--palette-color-2, var(--theme-palette-color-2, #24417C))}#gspb_row-id-gsbp-d224a29,#gspb_row-id-gsbp-d224a29>.gspb_backgroundOverlay{border-top-left-radius:40px;border-top-right-radius:40px;border-bottom-right-radius:40px;border-bottom-left-radius:40px}body.gspb-bodyfront #gspb_row-id-gsbp-d224a29{z-index:3}#gspb_col-id-gsbp-3f096c4.gspb_row__col--6{width:50%}@media (max-width:991.98px){#gspb_col-id-gsbp-3f096c4.gspb_row__col--6{width:100%}}@media (max-width:575.98px){#gspb_col-id-gsbp-3f096c4.gspb_row__col--6{width:100%}}.gspb_row #gspb_col-id-gsbp-3f096c4.gspb_row__col--6,.gspb_row #gspb_col-id-gsbp-a3dc620.gspb_row__col--6{padding:0}@media (max-width:991.98px){#gspb_heading-id-gsbp-d9024e8{font-size:25px;text-align:center!important}#gspb_heading-id-gsbp-d9024e8 .gsap-g-line{text-align:center!important}}#gspb_heading-id-gsbp-d9024e8{color:var(--wp--preset--color--palette-color-8, var(--theme-palette-color-8, #ffffff));margin-top:0;margin-bottom:10px}@media (max-width:991.98px){.gspb_text-id-gsbp-105d8e4,.gspb_text-id-gsbp-105d8e4 .gsap-g-line{text-align:center!important}}.gspb_text-id-gsbp-105d8e4{color:var(--wp--preset--color--palette-color-8, var(--theme-palette-color-8, #ffffff))}#gspb_col-id-gsbp-a3dc620.gspb_row__col--6{width:50%}@media (max-width:991.98px){#gspb_col-id-gsbp-a3dc620.gspb_row__col--6{width:100%}}@media (max-width:575.98px){#gspb_col-id-gsbp-a3dc620.gspb_row__col--6{width:100%}}#gspb_button-id-gsbp-51f288b{display:flex;justify-content:flex-end}#gspb_button-id-gsbp-51f288b .gspb-buttonbox-text{display:flex;flex-direction:column}#gspb_button-id-gsbp-51f288b>.gspb-buttonbox{box-sizing:border-box}#gspb_button-id-gsbp-017e9fc>.gspb-buttonbox .gspb-buttonbox-icon svg,#gspb_button-id-gsbp-51f288b>.gspb-buttonbox .gspb-buttonbox-icon svg{height:13px!important;width:13px!important;min-width:13px!important;fill:currentColor!important;margin:0!important}#gspb_button-id-gsbp-017e9fc>.gspb-buttonbox .gspb-buttonbox-icon svg path,#gspb_button-id-gsbp-51f288b>.gspb-buttonbox .gspb-buttonbox-icon svg path{fill:currentColor!important}#gspb_button-id-gsbp-51f288b>.gspb-buttonbox>.gspb-buttonbox-textwrap{display:flex;flex-direction:row;align-items:center}#gspb_button-id-gsbp-51f288b .gspb-buttonbox-icon{margin-left:13px}@media (max-width:991.98px){#gspb_button-id-gsbp-51f288b{justify-content:center}}#gspb_button-id-gsbp-51f288b>.gspb-buttonbox{background-color:var(--wp--preset--color--palette-color-8, var(--theme-palette-color-8, #ffffff));color:var(--wp--preset--color--palette-color-2, var(--theme-palette-color-2, #24417C))}#gspb_button-id-gsbp-51f288b>.gspb-buttonbox:hover{background-color:var(--wp--preset--color--palette-color-9, var(--theme-palette-color-9, #FFE8DA))!important}","footnotes":""},"class_list":["post-963","page","type-page","status-publish","hentry"],"blocksy_meta":{"has_hero_section":"disabled","vertical_spacing_source":"custom","content_area_spacing":"none","styles_descriptor":{"styles":{"desktop":"","tablet":"","mobile":""},"google_fonts":[],"version":6},"page_structure_type":"type-2"},"_links":{"self":[{"href":"https:\/\/nis2resources.eu\/it\/wp-json\/wp\/v2\/pages\/963","targetHints":{"allow":["GET"]}}],"collection":[{"href":"https:\/\/nis2resources.eu\/it\/wp-json\/wp\/v2\/pages"}],"about":[{"href":"https:\/\/nis2resources.eu\/it\/wp-json\/wp\/v2\/types\/page"}],"author":[{"embeddable":true,"href":"https:\/\/nis2resources.eu\/it\/wp-json\/wp\/v2\/users\/1"}],"replies":[{"embeddable":true,"href":"https:\/\/nis2resources.eu\/it\/wp-json\/wp\/v2\/comments?post=963"}],"version-history":[{"count":0,"href":"https:\/\/nis2resources.eu\/it\/wp-json\/wp\/v2\/pages\/963\/revisions"}],"wp:attachment":[{"href":"https:\/\/nis2resources.eu\/it\/wp-json\/wp\/v2\/media?parent=963"}],"curies":[{"name":"wp","href":"https:\/\/api.w.org\/{rel}","templated":true}]}}