{"id":3,"date":"2024-08-01T23:10:14","date_gmt":"2024-08-01T23:10:14","guid":{"rendered":"https:\/\/nis2resources.eu\/?page_id=3"},"modified":"2024-08-17T01:10:05","modified_gmt":"2024-08-17T01:10:05","slug":"informativa-sulla-privacy","status":"publish","type":"page","link":"https:\/\/nis2resources.eu\/it\/privacy-policy\/","title":{"rendered":"Informativa sulla privacy"},"content":{"rendered":"<p>I riferimenti a \"noi\", \"nostro\" o \"ci\" nella presente informativa sulla privacy e sui cookie (\"Informativa sulla privacy\") si riferiscono a Occentus Network SL., una societ\u00e0 a responsabilit\u00e0 limitata costituita in Spagna, con sede legale in Vila de Madrid 44, ES46988 Paterna, con numero di registrazione e codice fiscale ESB97933022 che opera come <a href=\"https:\/\/edgewatch.com\" data-type=\"link\" data-id=\"https:\/\/edgewatch.com\" target=\"_blank\" rel=\"noreferrer noopener\">Edgewatch<\/a>, marchio registrato negli USA <strong>6083866<\/strong>, UE <strong>018130597<\/strong> e Regno Unito <strong>00918130597<\/strong>. Per ulteriori informazioni, consultare il nostro sito <a href=\"https:\/\/edgewatch.com\/legal\/trademark\/\" data-type=\"link\" data-id=\"https:\/\/edgewatch.com\/legal\/trademark\/\" target=\"_blank\" rel=\"noreferrer noopener nofollow\">politica di utilizzo del marchio e del brand<\/a>. <\/p>\n\n\n\n<p>Ai fini delle leggi sulla protezione dei dati, siamo il \"Responsabile del trattamento dei dati\" per quanto riguarda le informazioni personali raccolte attraverso il nostro sito web all'indirizzo <a href=\"https:\/\/nis2resources.eu\/it\/\" target=\"_blank\" rel=\"noreferrer noopener\">https:\/\/nis2resources.eu\/<\/a> (\"Sito\").<\/p>\n\n\n\n<ol class=\"wp-block-list\">\n<li>SCOPO Raccogliamo alcune informazioni attraverso il nostro Sito, compresi i prodotti e i servizi forniti sul Sito. La presente Informativa sulla privacy illustra le nostre politiche e procedure relative alla raccolta e al trattamento di tali dati che identificano un singolo utente o che potrebbero essere utilizzati per contattarlo o localizzarlo personalmente (\"Informazioni di identificazione personale\" o \"PII\"). La presente Informativa sulla privacy si applica esclusivamente al nostro Sito e ai prodotti e servizi forniti attraverso il nostro Sito. Non si applica a nessun sito o servizio di terzi collegato al nostro Sito o raccomandato o riferito dal nostro Sito, attraverso i nostri prodotti o servizi, o dal nostro personale. E non si applica a nessun altro sito web, prodotto o servizio gestito da noi, n\u00e9 a nessuna delle nostre attivit\u00e0 offline.<\/li>\n\n\n\n<li>I PII E ALTRI DATI SENSIBILI CHE RACCOGLIAMO Raccogliamo automaticamente i seguenti PII dagli utenti che visitano il nostro Sito:<ul><li>Indirizzo IP<\/li><li>tipo e versione del browser web<\/li><li>sistema operativo<\/li><li>un elenco di URL che iniziano con un sito di riferimento, la vostra attivit\u00e0 sul Nostro Sito e il sito da cui siete usciti<\/li><\/ul>Quando si crea un account individuale sul Sito, \u00e8 obbligatorio fornire, e noi registreremo, le seguenti PII:<ul><li>nome<\/li><li>indirizzo e-mail<\/li><li>nome dell'azienda<\/li><li>titolo<\/li><\/ul>Inoltre, quando l'utente diventa un cliente pagante, registreremo di conseguenza le seguenti PII, relative ai dati di fatturazione:<ul><li>Nome<\/li><li>Numero di partita IVA<\/li><li>Indirizzo<\/li><li>Codice postale<\/li><li>Citt\u00e0<\/li><li>Paese<\/li><\/ul>Oltre a quanto sopra, raccogliamo ed elaboriamo, su base anonima, dati relativi all'utilizzo del nostro Sito, come le pagine visitate, il tempo trascorso su ciascuna pagina, ecc. Al fine di fornire il servizio ai nostri clienti, il nostro prodotto raccoglie anche le seguenti informazioni:\n<ul class=\"wp-block-list\">\n<li>URL di destinazione e impostazioni (comprese le credenziali di test, se fornite)<\/li>\n\n\n\n<li><span tabindex='0' class='glossary-item-container'>Vulnerabilit\u00e0<span class='glossary-item-hidden-content'><span class='glossary-item-header'>Vulnerabilit\u00e0<\/span> <span class='glossary-item-description'>Si intende una debolezza, una suscettibilit\u00e0 o un difetto dei prodotti o dei servizi ICT che pu\u00f2 essere sfruttato da una minaccia informatica -. <a href=\"https:\/\/nis2resources.eu\/it\/directive\/articolo-6\/\">Definizione ai sensi dell'articolo 6 della direttiva (UE) 2022\/2555 (direttiva NIS2)<\/a><\/span><\/span><\/span> dettagli, comprese le richieste\/risposte per ogni vulnerabilit\u00e0 riscontrata<\/li>\n\n\n\n<li>Registri dei prodotti, compresi gli URL testati e le richieste complete (temporaneamente, fino a 60 giorni)<\/li>\n<\/ul>\n<\/li>\n\n\n\n<li>IL NOSTRO USO DEI DATI Tutti i dati personali sono conservati in modo sicuro in conformit\u00e0 al Regolamento generale sulla protezione dei dati dell'UE (Regolamento (UE) 2016\/679) (GDPR). Per maggiori dettagli sulla sicurezza, consultare la sezione 6, di seguito. Utilizziamo le vostre PII per personalizzare la vostra esperienza sul nostro sito, per creare il vostro account, per comunicare con voi sui prodotti e i servizi che offriamo, per fornirvi notizie e per la fatturazione. Utilizziamo inoltre tali informazioni nella misura necessaria a far rispettare le Condizioni d'uso del nostro sito e a prevenire danni imminenti a persone o propriet\u00e0. Siamo proprietari dei dati anonimi relativi all'utilizzo del nostro Sito e possiamo utilizzare tali dati anonimi per scopi statistici o commerciali. Ai sensi del GDPR, garantiremo che i vostri dati personali siano trattati in modo lecito, equo e trasparente, senza pregiudicare i vostri diritti. Tratteremo i vostri dati personali solo se si applica almeno una delle seguenti basi:\n<ul class=\"wp-block-list\">\n<li>avete dato il consenso al trattamento dei vostri dati personali per una o pi\u00f9 finalit\u00e0 specifiche;<\/li>\n\n\n\n<li>il trattamento \u00e8 necessario per l'esecuzione di un contratto di cui siete parte o per prendere provvedimenti su vostra richiesta prima della stipula di un contratto;<\/li>\n\n\n\n<li>il trattamento \u00e8 necessario per adempiere a un obbligo legale a cui siamo soggetti;<\/li>\n\n\n\n<li>il trattamento \u00e8 necessario per proteggere gli interessi vitali dell'utente o di un'altra persona fisica;<\/li>\n\n\n\n<li>il trattamento \u00e8 necessario per l'esecuzione di un compito svolto nell'interesse pubblico o nell'esercizio di pubblici poteri di cui \u00e8 investito il responsabile del trattamento.<\/li>\n<\/ul>\n<\/li>\n\n\n\n<li>I COOKIE CHE RACCOGLIAMO E L'UTILIZZO CHE NE FACCIAMO Un cookie \u00e8 una piccola quantit\u00e0 di dati, che spesso include un identificatore univoco, che viene inviata al browser del vostro computer o telefono cellulare (qui indicato come \"Dispositivo\") dal computer di un sito web. Viene memorizzato sul disco rigido del dispositivo. Ogni sito web pu\u00f2 inviare i propri cookie al vostro browser se le preferenze del browser lo consentono, ma per proteggere la vostra privacy il vostro browser permette a un sito web di accedere solo ai cookie che vi ha gi\u00e0 inviato, non ai cookie inviati da altri siti. I cookie ci forniscono dati sull'utilizzo, come la frequenza delle visite, i percorsi e le attivit\u00e0 svolte. Utilizziamo i cookie affinch\u00e9 il nostro Sito possa ricordarsi dell'utente e fornirgli le informazioni di cui \u00e8 pi\u00f9 probabile che abbia bisogno, nonch\u00e9 per compilare informazioni statistiche anonime. Ricordiamo che raccogliamo determinate informazioni da tutti gli utenti, compresi i visitatori che si limitano a consultare il nostro Sito. Possiamo anche utilizzare cookie di terze parti (ad esempio, Google AdSense e DoubleClick) e Web beacon sul nostro Sito per fornire pubblicit\u00e0 visualizzata all'utente su siti di terze parti. Possiamo anche utilizzare le informazioni dei cookie per sapere quando l'utente ritorna al nostro Sito dopo aver visitato questi siti di terzi. Inoltre, possiamo utilizzare servizi di analisi (come Google Analytics, Optimizely, New Relic e altri) per analizzare l'utilizzo del Sito da parte degli utenti. \u00c8 possibile rinunciare all'utilizzo dei cookie per scopi pubblicitari visitando il sito <a href=\"https:\/\/tools.google.com\/dlpage\/gaoptout\/\" target=\"_blank\" rel=\"noreferrer noopener\">https:\/\/tools.google.com\/dlpage\/gaoptout\/<\/a>. Analogamente ai cookie, possiamo utilizzare anche i \"web beacon\". I web beacon sono utilizzati come meccanismo per aiutarci a tenere traccia delle visite al nostro sito e dell'apertura o meno delle nostre e-mail. Le pagine del nostro Sito e le e-mail che vi inviamo possono contenere web beacon. Inoltre, possiamo utilizzare diversi servizi di terze parti che incorporano web beacon sul nostro sito per scopi di tracciamento simili. Questi servizi di terze parti vengono utilizzati per fornire agli utenti funzionalit\u00e0 aggiuntive, come la possibilit\u00e0 di condividere i contenuti del nostro sito con i propri social network. Nella tabella seguente sono riportati i cookie e i web beacon che attualmente installiamo sul vostro browser o dispositivo, il loro scopo e la durata massima:<ul><li><strong>_ga<\/strong> Utilizzato da Google Analytics per distinguere gli utenti (2 anni)<\/li><li><strong>_gid<\/strong> Utilizzato da Google Analytics per distinguere gli utenti (1 giorno)<\/li><li><strong>_gat<\/strong> Utilizzato da Google Analytics per limitare il tasso di richiesta (1 min)<\/li><li><strong>_gcl<\/strong>* Utilizzato da Google Adsense (3 mo)<\/li><li><strong>NID; DV; 1P_JAR<\/strong> Utilizzato da Google per memorizzare le preferenze (6 mon)<\/li><li><strong>__stripe_<\/strong>* Utilizzato da Stripe per la prevenzione delle frodi<\/li><\/ul>Gli utenti hanno la possibilit\u00e0 di impostare i propri dispositivi in modo che accettino tutti i cookie, che vengano avvisati quando viene emesso un cookie o che non ricevano cookie in qualsiasi momento. Ogni browser \u00e8 diverso dall'altro, pertanto \u00e8 necessario consultare il menu \"Aiuto\" del proprio browser per sapere come modificare le preferenze relative ai cookie. Per saperne di pi\u00f9 sui cookie, sulle loro funzioni e su come gestire le informazioni che raccolgono sull'utente e sull'utilizzo del Sito, si consiglia di consultare siti informativi come <a href=\"https:\/\/www.allaboutcookies.org\" target=\"_blank\" rel=\"noreferrer noopener\">https:\/\/www.allaboutcookies.org<\/a>. Si prega di notare che il blocco di tutti o di alcuni cookie pu\u00f2 compromettere la funzionalit\u00e0 del nostro sito. Si prega di consultare la tabella sopra riportata per conoscere la rilevanza dei cookie da noi utilizzati. Quando accedete al nostro Sito, sarete avvisati del fatto che utilizziamo i cookie e che, continuando a utilizzare il Sito, presumiamo che acconsentiate all'installazione e all'utilizzo dei cookie. Se non siete d'accordo, siete pregati di bloccare i cookie sul vostro browser o di interrompere l'utilizzo del Sito.<\/li>\n\n\n\n<li>PROTEZIONE DELLE PII E DI ALTRI DATI SENSIBILI In qualit\u00e0 di proprietari di un prodotto di sicurezza, prendiamo molto sul serio la sicurezza delle PII. Il seguente \u00e8 un elenco non esaustivo dei controlli di sicurezza che abbiamo implementato per proteggere la nostra infrastruttura, il nostro prodotto e le vostre PII:<ul><li>Consentiamo la comunicazione con i nostri server, che ospitano i nostri prodotti e il nostro sito, solo attraverso un canale sicuro (HTTPS) che utilizza TLS. L'HTTPS consente l'autenticazione del sito web visitato e la protezione della privacy e dell'integrit\u00e0 dei dati scambiati.<\/li><li>Tutta la nostra infrastruttura \u00e8 ospitata presso un provider cloud di alto livello, dove la sicurezza \u00e8 stata controllata. Utilizziamo i servizi gestiti forniti dal cloud provider nella misura pi\u00f9 elevata possibile. Utilizziamo anche le loro funzioni e i loro controlli di sicurezza, per segregare e monitorare le nostre reti di servizi, per i registri di audit e per la gestione degli eventi di sicurezza. I server frontend, backend e database utilizzano reti private e segregate, controllate da gruppi di sicurezza.<\/li><li>Seguiamo inoltre le migliori pratiche di sicurezza, tra cui (ma non solo):<ul><li>Principio del minimo privilegio (per accedere ai nostri sistemi e ai nostri dati),<\/li><li>Crittografia dei dati sensibili a riposo,<\/li><li>Irrigidimento del server e aggiornamenti di sicurezza,<\/li><li>Richiedere l'autenticazione a due fattori per accedere ai nostri sistemi,<\/li><li>Registrazione centrale<\/li><li>Ciclo di vita dello sviluppo del software sicuro, comprese le valutazioni periodiche della sicurezza (manuali e con Edgewatch).<\/li><\/ul><\/li><\/ul>Nonostante le misure di sicurezza da noi adottate, \u00e8 importante ricordare che la trasmissione di dati via Internet potrebbe non essere completamente sicura e che si consiglia all'utente di prendere le opportune precauzioni quando ci trasmette dati via Internet.<\/li>\n\n\n\n<li>ACCESSO DI TERZI ALLE VOSTRE PII Forniamo o potremmo fornire in futuro ad alcuni appaltatori indipendenti l'accesso alle PII (\"Responsabili del trattamento\"). Nessun Responsabile del trattamento dei dati sar\u00e0 assunto senza aver prima stipulato un contratto in cui si impegna a proteggere le PII utilizzando procedure ragionevolmente simili alle nostre e a trattare le PII solo in conformit\u00e0 alle nostre istruzioni. Possiamo inoltre divulgare le PII ad avvocati e investitori vincolati a restrizioni di riservatezza e alle autorit\u00e0 di polizia, ai tribunali e alle autorit\u00e0 pubbliche di regolamentazione, qualora ci\u00f2 sia richiesto dalla legislazione vigente. Infine, potremmo condividere le PII in relazione a una transazione di tutti o sostanzialmente tutti i nostri beni. Per fornire i servizi, ci affidiamo a diversi subprocessori di dati, che elaborano diverse categorie di dati. I processori non conservano mai i dati al di fuori del loro scopo specifico. Tali subprocessori sono elencati di seguito, con una descrizione del servizio e del luogo in cui i dati sono ospitati. Questo elenco pu\u00f2 essere aggiornato da Edgewatch di volta in volta:\n<ul class=\"wp-block-list\">\n<li>Stripe, Inc.\n<ul class=\"wp-block-list\">\n<li>Elaborazione dei pagamenti<\/li>\n\n\n\n<li>STATI UNITI D'AMERICA<\/li>\n<\/ul>\n<\/li>\n\n\n\n<li>Google\n<ul class=\"wp-block-list\">\n<li>Analisi, Tag Manager, Spazio di lavoro<\/li>\n\n\n\n<li>STATI UNITI D'AMERICA<\/li>\n<\/ul>\n<\/li>\n<\/ul>\n<\/li>\n<\/ol>\n\n\n\n<ol start=\"7\" class=\"wp-block-list\">\n<li>I VOSTRI DIRITTI Prima che il vostro account possa essere attivato, vi sar\u00e0 richiesto di confermare di aver letto e accettato le Condizioni d'uso del Sito e di aver preso conoscenza della presente Informativa sulla privacy. \u00c8 possibile accedere e modificare qualsiasi PII memorizzata contattandoci direttamente al seguente indirizzo e-mail: <a href=\"mailto:privacy@edgewatch.com\">privacy@edgewatch.com<\/a>. L'accesso e la correzione delle vostre PII sono gratuiti. Tuttavia, l'utente riconosce che tutte le PII fornite devono essere accurate e aggiornate. Potete inoltre opporvi, in qualsiasi momento e gratuitamente, all'uso delle vostre PII per il marketing diretto o per qualsiasi altra forma di uso commerciale. Se lo desiderate, dopo aver ricevuto un'e-mail o un SMS da parte nostra, vi forniremo una semplice opzione di opt-out o di rimozione dalla nostra directory di marketing. Potete anche ritirare il vostro consenso al trattamento delle vostre PII quando tale trattamento dipende dal consenso. Ci\u00f2 pu\u00f2 essere fatto semplicemente inviandoci un'e-mail a <a href=\"mailto:privacy@edgewatch.com\">privacy@edgewatch.com<\/a>. Inoltre, l'utente pu\u00f2 richiedere in qualsiasi momento la cancellazione o la limitazione delle PII in nostro possesso relative all'utente. Potete anche richiedere la portabilit\u00e0 delle vostre PII in conformit\u00e0 e nei limiti della legge applicabile. L'utente ha inoltre il diritto di richiedere la notifica a terzi con i quali abbiamo eventualmente condiviso le sue PII e di richiedere il rispetto delle sue istruzioni.<\/li>\n\n\n\n<li>DOVE CONSERVIAMO LE VOSTRE PII E PER QUANTO TEMPO Se non espressamente concordato o contrattato diversamente, tutte le PII relative ai nostri utenti sono conservate su server sicuri situati all'interno dell'Unione Europea. Informeremo i nostri utenti qualora dovessimo modificare la nostra politica. Il nostro obiettivo \u00e8 che i nostri utenti abbiano un rapporto duraturo con il nostro Sito, anche se le visite non sono molto frequenti. Conserveremo le PII dell'utente e il suo account continuer\u00e0 a essere attivo per i tre anni successivi alla sua ultima interazione con il nostro Sito. Prima di chiudere il vostro account, vi informeremo chiedendovi se desiderate mantenerlo attivo. Dopo una richiesta di cancellazione, le vostre PII saranno conservate per un massimo di 3 mesi come parte delle procedure di backup.<\/li>\n\n\n\n<li>MODIFICA DELLA PRESENTE INFORMATIVA SULLA PRIVACY Ci riserviamo il diritto di rivedere periodicamente la presente Informativa sulla privacy. La versione pi\u00f9 aggiornata della presente Informativa sulla privacy sar\u00e0 pubblicata sul sito Web di Edgewatch. <a href=\"https:\/\/edgewatch.com\" target=\"_blank\" rel=\"noopener\">https:\/\/edgewatch.com<\/a>\u00a0 (il \"Sito\"). Eventuali modifiche entreranno in vigore alla data indicata nella parte superiore dell'Informativa sulla privacy modificata. Se, a nostra esclusiva discrezione, riteniamo che una revisione della presente Informativa sulla privacy sia rilevante, vi informeremo tramite il Servizio e\/o via e-mail all'indirizzo di posta elettronica associato al vostro account. L'accesso o l'uso continuato di qualsiasi parte del Servizio costituisce l'accettazione di tali modifiche. Se l'utente si oppone a tali modifiche, deve cancellare e interrompere l'utilizzo del Servizio entro la data di entrata in vigore di tali modifiche. Per qualsiasi chiarimento in merito alla nostra Informativa sulla privacy, non esitate a contattarci all'indirizzo <a href=\"mailto:privacy@edgewatch.com\">privacy@edgewatch.com<\/a>.<\/li>\n<\/ol>","protected":false},"excerpt":{"rendered":"<p>References to \u201cwe\u201d, \u201cour\u201d or \u201cus\u201d in this privacy and cookies policy (\u201cPrivacy Policy\u201d) mean Occentus Network SL., a private limited liability company incorporated in Spain, with registered offices at Vila de Madrid 44, ES46988 Paterna, under registration and tax number ESB97933022 trading as Edgewatch, trademark registered in USA 6083866, EU 018130597 and UK 00918130597. [&hellip;]<\/p>\n","protected":false},"author":1,"featured_media":0,"parent":0,"menu_order":0,"comment_status":"closed","ping_status":"open","template":"","meta":{"_gspb_post_css":"","footnotes":""},"class_list":["post-3","page","type-page","status-publish","hentry"],"blocksy_meta":{"page_structure_type":"type-4","styles_descriptor":{"styles":{"desktop":"","tablet":"","mobile":""},"google_fonts":[],"version":6}},"_links":{"self":[{"href":"https:\/\/nis2resources.eu\/it\/wp-json\/wp\/v2\/pages\/3","targetHints":{"allow":["GET"]}}],"collection":[{"href":"https:\/\/nis2resources.eu\/it\/wp-json\/wp\/v2\/pages"}],"about":[{"href":"https:\/\/nis2resources.eu\/it\/wp-json\/wp\/v2\/types\/page"}],"author":[{"embeddable":true,"href":"https:\/\/nis2resources.eu\/it\/wp-json\/wp\/v2\/users\/1"}],"replies":[{"embeddable":true,"href":"https:\/\/nis2resources.eu\/it\/wp-json\/wp\/v2\/comments?post=3"}],"version-history":[{"count":0,"href":"https:\/\/nis2resources.eu\/it\/wp-json\/wp\/v2\/pages\/3\/revisions"}],"wp:attachment":[{"href":"https:\/\/nis2resources.eu\/it\/wp-json\/wp\/v2\/media?parent=3"}],"curies":[{"name":"wp","href":"https:\/\/api.w.org\/{rel}","templated":true}]}}