{"id":963,"date":"2024-01-29T16:48:06","date_gmt":"2024-01-29T16:48:06","guid":{"rendered":"https:\/\/nis2resources.eu\/?page_id=963"},"modified":"2024-08-12T02:13:15","modified_gmt":"2024-08-12T02:13:15","slug":"directive-3","status":"publish","type":"page","link":"https:\/\/nis2resources.eu\/fr\/directive-2022-2557-cer\/","title":{"rendered":"Directive CER (UE) 2022\/2557"},"content":{"rendered":"<div class=\"wp-block-greenshift-blocks-row gspb_row gspb_row-id-gsbp-90dd5fd gspb_row--gutter-custom-0\" id=\"gspb_row-id-gsbp-90dd5fd\"><div class=\"gspb_row__content\"> \n<div class=\"wp-block-greenshift-blocks-row-column gspb_row__col--4 gspb_row__col--md-12 gspb_col-id-gsbp-d560c25\" id=\"gspb_col-id-gsbp-d560c25\">\n\n\n<h2 id=\"gspb_heading-id-gsbp-2ffee04\" class=\"gspb_heading gspb_heading-id-gsbp-2ffee04\">Directive sur la r\u00e9silience des entit\u00e9s critiques (CER)<\/h2>\n\n\n\n<div id=\"gspb_text-id-gsbp-e310166\" class=\"gspb_text gspb_text-id-gsbp-e310166\">Directive (UE) 2022\/2557 du Parlement europ\u00e9en et du Conseil du 14 d\u00e9cembre 2022 concernant la r\u00e9silience des entit\u00e9s critiques et abrogeant la directive 2008\/114\/CE du Conseil (directive CER).<\/div>\n\n\n\n<div class=\"gspb_button_wrapper gspb_button-id-gsbp-017e9fc\" id=\"gspb_button-id-gsbp-017e9fc\"><a class=\"wp-block-greenshift-blocks-buttonbox gspb-buttonbox wp-element-button\" href=\"\/fr\/directive-3\/preambule\/\" rel=\"noopener\"><span class=\"gspb-buttonbox-textwrap\"><span class=\"gspb-buttonbox-text\"><span class=\"gspb-buttonbox-title\">En savoir plus<\/span><\/span><span class=\"gspb-buttonbox-icon\"><svg xmlns=\"http:\/\/www.w3.org\/2000\/svg\" style=\"width:5rem;height:5rem;margin:10px\" viewbox=\"0 0 24 24\"><path fill-rule=\"evenodd\" d=\"M24 0v22.78h-2.87V4.9L2.03 24 0 21.97l19.1-19.1H1.26V0H24Z\"><\/path><\/svg><\/span><\/span><\/a><\/div>\n<\/div>\n <\/div><\/div>\n\n\n\n<p>La directive RCE est structur\u00e9e de mani\u00e8re \u00e0 fournir un cadre complet pour renforcer la r\u00e9silience des entit\u00e9s critiques au sein de l'UE. Elle est organis\u00e9e en plusieurs sections cl\u00e9s qui d\u00e9crivent les objectifs de la directive, le champ d'application, les obligations sp\u00e9cifiques pour les \u00c9tats membres et les entit\u00e9s critiques, et les m\u00e9canismes de coop\u00e9ration et de mise en \u0153uvre. La structure comprend :<\/p>\n\n\n\n<h3 class=\"wp-block-heading\" id=\"structure-and-key-sections\">Structure et sections cl\u00e9s<\/h3>\n\n\n\n<ol class=\"wp-block-list\">\n<li>La directive RCE est structur\u00e9e de mani\u00e8re \u00e0 fournir un cadre complet pour renforcer la r\u00e9silience des entit\u00e9s critiques au sein de l'UE. Elle est organis\u00e9e en plusieurs sections cl\u00e9s qui d\u00e9crivent les objectifs de la directive, le champ d'application, les obligations sp\u00e9cifiques pour les \u00c9tats membres et les entit\u00e9s critiques, ainsi que les m\u00e9canismes de coop\u00e9ration et de mise en \u0153uvre.<\/li>\n\n\n\n<li><strong>Dispositions g\u00e9n\u00e9rales et objectifs<\/strong>: Cette section d\u00e9finit les objectifs de la directive, qui comprennent le renforcement de la r\u00e9silience des entit\u00e9s critiques contre divers risques, notamment les catastrophes naturelles, le terrorisme et les cyberattaques. Elle d\u00e9finit \u00e9galement le champ d'application de la directive, en identifiant les secteurs et les types d'entit\u00e9s couverts.<\/li>\n\n\n\n<li><strong>Obligations des \u00c9tats membres<\/strong>: La directive stipule que chaque \u00c9tat membre de l'UE est responsable de l'identification des entit\u00e9s critiques relevant de sa juridiction. Les \u00c9tats membres doivent veiller \u00e0 ce que ces entit\u00e9s mettent en \u0153uvre des mesures de r\u00e9silience solides. Cette section d\u00e9taille \u00e9galement les cadres nationaux que les \u00c9tats membres doivent mettre en place, y compris la d\u00e9signation des autorit\u00e9s comp\u00e9tentes et la cr\u00e9ation de strat\u00e9gies nationales pour la protection des infrastructures critiques.<\/li>\n\n\n\n<li><strong>Obligations pour les entit\u00e9s critiques<\/strong>: Les entit\u00e9s critiques identifi\u00e9es par les \u00c9tats membres doivent se conformer aux exigences sp\u00e9cifiques de la directive CER. Il s'agit notamment de mener <span tabindex='0' class='glossary-item-container'>risque<span class='glossary-item-hidden-content'><span class='glossary-item-header'>Risque<\/span> <span class='glossary-item-description'>d\u00e9signe le potentiel de perte ou de perturbation caus\u00e9 par un incident et doit \u00eatre exprim\u00e9 comme une combinaison de l'ampleur de cette perte ou de cette perturbation et de la probabilit\u00e9 d'occurrence de l'incident. <a href=\"https:\/\/nis2resources.eu\/fr\/directive\/article-6\/\">D\u00e9finition selon l'article 6 de la directive (UE) 2022\/2555 (directive NIS2)<\/a><\/span><\/span><\/span> La directive souligne \u00e9galement l'importance de la planification de la r\u00e9silience et de la pr\u00e9paration, en exigeant des entit\u00e9s qu'elles \u00e9laborent et maintiennent des plans de r\u00e9silience. La directive souligne \u00e9galement l'importance de la planification de la r\u00e9silience et de la pr\u00e9paration, en exigeant des entit\u00e9s qu'elles \u00e9laborent et tiennent \u00e0 jour des plans de r\u00e9silience.<\/li>\n\n\n\n<li><strong>Coop\u00e9ration et \u00e9change d'informations<\/strong>: La directive encourage la coop\u00e9ration entre les \u00c9tats membres et les entit\u00e9s critiques. Elle d\u00e9crit les m\u00e9canismes d'\u00e9change d'informations, tant au niveau national qu'au niveau de l'UE, afin d'am\u00e9liorer la r\u00e9silience collective. Cette section pr\u00e9sente \u00e9galement le r\u00f4le de la Commission europ\u00e9enne dans la facilitation de la coop\u00e9ration et la coh\u00e9rence de la mise en \u0153uvre de la directive dans l'ensemble de l'UE.<\/li>\n\n\n\n<li><strong>Supervision et application<\/strong>: La directive CER comprend des dispositions relatives \u00e0 la surveillance des entit\u00e9s critiques et \u00e0 l'application de la conformit\u00e9. Les \u00c9tats membres sont tenus de mettre en place des m\u00e9canismes de contr\u00f4le et d'application pour veiller \u00e0 ce que les entit\u00e9s critiques respectent les exigences de la directive. Cette section d\u00e9crit \u00e9galement les sanctions pr\u00e9vues en cas de non-conformit\u00e9.<\/li>\n\n\n\n<li><strong>Dispositions finales<\/strong>: Cette section comprend des mesures transitoires, des d\u00e9lais de mise en \u0153uvre et des dispositions relatives \u00e0 la r\u00e9vision et \u00e0 la modification de la directive.<\/li>\n\n\n\n<li>Principales sections de la directive CER<\/li>\n<\/ol>\n\n\n\n<h3 class=\"wp-block-heading\" id=\"key-sections-of-the-cer-directive\">Principales sections de la directive CER<\/h3>\n\n\n\n<ul class=\"wp-block-list\">\n<li><strong>Champ d'application et d\u00e9finitions<\/strong>: D\u00e9finit les secteurs critiques couverts, tels que l'\u00e9nergie, les transports, la sant\u00e9, la finance et l'infrastructure num\u00e9rique.<\/li>\n\n\n\n<li><strong>Exigences en mati\u00e8re de gestion des risques et de r\u00e9silience<\/strong>: Pr\u00e9cise que les entit\u00e9s critiques doivent proc\u00e9der \u00e0 des \u00e9valuations r\u00e9guli\u00e8res des risques et mettre en \u0153uvre des mesures pour assurer leur r\u00e9silience.<\/li>\n\n\n\n<li><strong><span tabindex='0' class='glossary-item-container'>Incident<span class='glossary-item-hidden-content'><span class='glossary-item-header'>Incident<\/span> <span class='glossary-item-description'>Un \u00e9v\u00e9nement compromettant la disponibilit\u00e9, l'authenticit\u00e9, l'int\u00e9grit\u00e9 ou la confidentialit\u00e9 des donn\u00e9es stock\u00e9es, transmises ou trait\u00e9es ou des services offerts par les r\u00e9seaux et les syst\u00e8mes d'information ou accessibles par leur interm\u00e9diaire. <a href=\"https:\/\/nis2resources.eu\/fr\/directive\/article-6\/\">D\u00e9finition selon l'article 6 de la directive (UE) 2022\/2555 (directive NIS2)<\/a><\/span><\/span><\/span> Rapports et r\u00e9ponses<\/strong>: Ce document d\u00e9crit les exigences impos\u00e9es aux entit\u00e9s critiques en mati\u00e8re de notification des incidents et de maintien des op\u00e9rations en cas de perturbations.<\/li>\n\n\n\n<li><strong>Strat\u00e9gies nationales et autorit\u00e9s comp\u00e9tentes<\/strong>: Les \u00c9tats membres sont tenus d'\u00e9laborer des strat\u00e9gies nationales et de d\u00e9signer des autorit\u00e9s charg\u00e9es de superviser la mise en \u0153uvre de la directive.<\/li>\n\n\n\n<li><strong>Coop\u00e9ration et coordination<\/strong>: Encourage la collaboration transfrontali\u00e8re et le partage d'informations afin d'am\u00e9liorer la r\u00e9silience globale des infrastructures critiques dans l'ensemble de l'UE.<\/li>\n<\/ul>\n\n\n\n<p>La directive CER repr\u00e9sente une avanc\u00e9e significative dans les efforts de l'UE pour prot\u00e9ger les infrastructures critiques contre un large \u00e9ventail de menaces. En \u00e9tablissant des obligations claires pour les \u00c9tats membres et les entit\u00e9s critiques, la directive vise \u00e0 cr\u00e9er un environnement plus r\u00e9silient et plus s\u00fbr dans l'ensemble de l'Union.<\/p>\n\n\n\n<div style=\"height:100px\" aria-hidden=\"true\" class=\"wp-block-spacer\"><\/div>\n\n\n\n<div class=\"wp-block-greenshift-blocks-row gspb_row gspb_row-id-gsbp-d224a29 gspb_row--gutter-custom-0\" id=\"gspb_row-id-gsbp-d224a29\"><div class=\"gspb_row__content\"> \n<div class=\"wp-block-greenshift-blocks-row-column gspb_row__col--6 gspb_row__col--md-12 gspb_col-id-gsbp-3f096c4\" id=\"gspb_col-id-gsbp-3f096c4\">\n<h3 id=\"gspb_heading-id-gsbp-d9024e8\" class=\"gspb_heading gspb_heading-id-gsbp-d9024e8\">Obtenir la liste de contr\u00f4le des risques de la cha\u00eene d'approvisionnement du NIS 2<\/h3>\n\n\n\n<div id=\"gspb_text-id-gsbp-105d8e4\" class=\"gspb_text gspb_text-id-gsbp-105d8e4\">T\u00e9l\u00e9chargez gratuitement notre liste de contr\u00f4le des risques de la cha\u00eene d'approvisionnement NIS2 pour vous assurer que votre organisation r\u00e9pond aux derni\u00e8res normes en vigueur. <span tabindex='0' class='glossary-item-container'>cybers\u00e9curit\u00e9<span class='glossary-item-hidden-content'><span class='glossary-item-header'>Cybers\u00e9curit\u00e9<\/span> <span class='glossary-item-description'>\"cybers\u00e9curit\u00e9\", la cybers\u00e9curit\u00e9 telle que d\u00e9finie \u00e0 l'article 2, point 1), du r\u00e8glement (UE) 2019\/881 ; - <a href=\"https:\/\/nis2resources.eu\/fr\/directive\/article-6\/\">D\u00e9finition selon l'article 6 de la directive (UE) 2022\/2555 (directive NIS2)<\/a>\r\r\"cybers\u00e9curit\u00e9\" : les activit\u00e9s n\u00e9cessaires pour prot\u00e9ger les r\u00e9seaux et les syst\u00e8mes d'information, les utilisateurs de ces syst\u00e8mes et les autres personnes concern\u00e9es par les cybermenaces ; - D\u00e9finition selon l'article 2, point 1), du r\u00e8glement (UE) 2019\/881 ;<\/span><\/span><\/span> et les normes de conformit\u00e9 sans effort.<\/div>\n<\/div>\n\n\n\n<div class=\"wp-block-greenshift-blocks-row-column gspb_row__col--6 gspb_row__col--md-12 gspb_col-id-gsbp-a3dc620\" id=\"gspb_col-id-gsbp-a3dc620\">\n<div class=\"gspb_button_wrapper gspb_button-id-gsbp-51f288b\" id=\"gspb_button-id-gsbp-51f288b\"><a class=\"wp-block-greenshift-blocks-buttonbox gspb-buttonbox wp-element-button\" href=\"\/fr\/kits-de-conformite\/\" rel=\"noopener\"><span class=\"gspb-buttonbox-textwrap\"><span class=\"gspb-buttonbox-text\"><span class=\"gspb-buttonbox-title\">T\u00e9l\u00e9charger gratuitement<\/span><\/span><span class=\"gspb-buttonbox-icon\"><svg xmlns=\"http:\/\/www.w3.org\/2000\/svg\" style=\"width:5rem;height:5rem;margin:10px\" viewbox=\"0 0 24 24\"><path fill-rule=\"evenodd\" d=\"M24 0v22.78h-2.87V4.9L2.03 24 0 21.97l19.1-19.1H1.26V0H24Z\"><\/path><\/svg><\/span><\/span><\/a><\/div>\n<\/div>\n <\/div><\/div>","protected":false},"excerpt":{"rendered":"<p>The CER Directive is structured to provide a comprehensive framework for enhancing the resilience of critical entities within the EU. It is organized into several key sections that outline the directive\u2019s objectives, the scope of application, specific obligations for member states and critical entities, and mechanisms for cooperation and enforcement. The structure includes: Structure and [&hellip;]<\/p>\n","protected":false},"author":1,"featured_media":0,"parent":0,"menu_order":0,"comment_status":"closed","ping_status":"closed","template":"","meta":{"_gspb_post_css":"#gspb_row-id-gsbp-90dd5fd{justify-content:space-between;margin-top:0;display:flex;flex-wrap:wrap;margin-bottom:120px;padding:0 80px}#gspb_row-id-gsbp-90dd5fd>.gspb_row__content{display:flex;justify-content:space-between;margin:0 auto;width:100%;flex-wrap:wrap}div[id^=gspb_col-id]{box-sizing:border-box;position:relative;padding:15px min(3vw,20px)}@media (max-width:991.98px){#gspb_row-id-gsbp-90dd5fd>.gspb_row__content{row-gap:30px}}body.gspb-bodyfront #gspb_row-id-gsbp-90dd5fd>.gspb_row__content{width:var(--theme-container-width, 1200px);max-width:var(--theme-normal-container-max-width, 1200px)}@media (max-width:991.98px){#gspb_row-id-gsbp-90dd5fd{margin-bottom:80px;padding-right:50px;padding-left:50px}}@media (max-width:575.98px){#gspb_row-id-gsbp-90dd5fd{margin-bottom:60px;padding-right:35px;padding-left:35px}}#gspb_row-id-gsbp-90dd5fd{background-color:var(--wp--preset--color--palette-color-7, var(--theme-palette-color-7, #F7FAFD))}#gspb_row-id-gsbp-90dd5fd,#gspb_row-id-gsbp-90dd5fd>.gspb_backgroundOverlay{border-top-left-radius:40px;border-top-right-radius:40px;border-bottom-right-radius:40px;border-bottom-left-radius:40px}#gspb_col-id-gsbp-d560c25.gspb_row__col--4{width:calc(33.333333333333336% - 5px)}@media (max-width:991.98px){#gspb_col-id-gsbp-d560c25.gspb_row__col--4{width:100%}}@media (max-width:767.98px){#gspb_col-id-gsbp-d560c25.gspb_row__col--4{width:calc(100% - 5px)}}@media (max-width:575.98px){#gspb_col-id-gsbp-d560c25.gspb_row__col--4{width:100%}}@media (min-width:992px){body.gspb-bodyfront #gspb_col-id-gsbp-d560c25.gspb_row__col--4{width:calc(100% - 0px - 5px)}}.gspb_row #gspb_col-id-gsbp-d560c25.gspb_row__col--4{padding:70px 0}@media (max-width:991.98px){.gspb_row #gspb_col-id-gsbp-d560c25.gspb_row__col--4{padding-top:50px;padding-bottom:0}}@media (max-width:575.98px){.gspb_row #gspb_col-id-gsbp-d560c25.gspb_row__col--4{padding-bottom:0}}body #gspb_col-id-gsbp-d560c25.gspb_row__col--4{display:flex;flex-direction:column;justify-content:center}@media (max-width:991.98px){body #gspb_col-id-gsbp-d560c25.gspb_row__col--4{align-items:center}}#gspb_heading-id-gsbp-2ffee04{font-size:50px}@media (max-width:991.98px){#gspb_heading-id-gsbp-2ffee04{font-size:35px}}@media (max-width:575.98px){#gspb_heading-id-gsbp-2ffee04{font-size:30px}}@media (max-width:991.98px){#gspb_heading-id-gsbp-2ffee04,#gspb_heading-id-gsbp-2ffee04 .gsap-g-line{text-align:center!important}}#gspb_heading-id-gsbp-2ffee04{font-weight:800!important;margin-top:0;margin-bottom:10px}@media (max-width:991.98px){.gspb_text-id-gsbp-e310166,.gspb_text-id-gsbp-e310166 .gsap-g-line{text-align:center!important}}.gspb_text-id-gsbp-e310166{margin-bottom:40px!important}#gspb_button-id-gsbp-017e9fc{display:flex;justify-content:flex-start}#gspb_button-id-gsbp-017e9fc .gspb-buttonbox-text{display:flex;flex-direction:column}#gspb_button-id-gsbp-017e9fc>.gspb-buttonbox{box-sizing:border-box}#gspb_button-id-gsbp-017e9fc>.gspb-buttonbox>.gspb-buttonbox-textwrap>.gspb-buttonbox-icon,#gspb_button-id-gsbp-51f288b>.gspb-buttonbox>.gspb-buttonbox-textwrap>.gspb-buttonbox-icon{display:flex}#gspb_button-id-gsbp-017e9fc>.gspb-buttonbox>.gspb-buttonbox-textwrap{display:flex;flex-direction:row;align-items:center}#gspb_button-id-gsbp-017e9fc .gspb-buttonbox-icon{margin-left:13px}#gspb_row-id-gsbp-d224a29{justify-content:space-between;margin-top:0;margin-bottom:0;display:flex;flex-wrap:wrap;align-content:center;padding:60px}#gspb_row-id-gsbp-d224a29>.gspb_row__content{display:flex;justify-content:space-between;margin:0 auto;width:100%;flex-wrap:wrap}.gspb_row{position:relative}@media (max-width:991.98px){#gspb_row-id-gsbp-d224a29>.gspb_row__content{row-gap:40px}}#gspb_row-id-gsbp-d224a29>.gspb_row__content{align-items:center}body.gspb-bodyfront #gspb_row-id-gsbp-d224a29>.gspb_row__content{width:var(--theme-container-width, 1200px);max-width:var(--theme-normal-container-max-width, 1200px)}@media (max-width:991.98px){#gspb_row-id-gsbp-d224a29{padding:50px}}@media (max-width:575.98px){#gspb_row-id-gsbp-d224a29{padding:35px}}#gspb_row-id-gsbp-d224a29{background-color:var(--wp--preset--color--palette-color-2, var(--theme-palette-color-2, #24417C))}#gspb_row-id-gsbp-d224a29,#gspb_row-id-gsbp-d224a29>.gspb_backgroundOverlay{border-top-left-radius:40px;border-top-right-radius:40px;border-bottom-right-radius:40px;border-bottom-left-radius:40px}body.gspb-bodyfront #gspb_row-id-gsbp-d224a29{z-index:3}#gspb_col-id-gsbp-3f096c4.gspb_row__col--6{width:50%}@media (max-width:991.98px){#gspb_col-id-gsbp-3f096c4.gspb_row__col--6{width:100%}}@media (max-width:575.98px){#gspb_col-id-gsbp-3f096c4.gspb_row__col--6{width:100%}}.gspb_row #gspb_col-id-gsbp-3f096c4.gspb_row__col--6,.gspb_row #gspb_col-id-gsbp-a3dc620.gspb_row__col--6{padding:0}@media (max-width:991.98px){#gspb_heading-id-gsbp-d9024e8{font-size:25px;text-align:center!important}#gspb_heading-id-gsbp-d9024e8 .gsap-g-line{text-align:center!important}}#gspb_heading-id-gsbp-d9024e8{color:var(--wp--preset--color--palette-color-8, var(--theme-palette-color-8, #ffffff));margin-top:0;margin-bottom:10px}@media (max-width:991.98px){.gspb_text-id-gsbp-105d8e4,.gspb_text-id-gsbp-105d8e4 .gsap-g-line{text-align:center!important}}.gspb_text-id-gsbp-105d8e4{color:var(--wp--preset--color--palette-color-8, var(--theme-palette-color-8, #ffffff))}#gspb_col-id-gsbp-a3dc620.gspb_row__col--6{width:50%}@media (max-width:991.98px){#gspb_col-id-gsbp-a3dc620.gspb_row__col--6{width:100%}}@media (max-width:575.98px){#gspb_col-id-gsbp-a3dc620.gspb_row__col--6{width:100%}}#gspb_button-id-gsbp-51f288b{display:flex;justify-content:flex-end}#gspb_button-id-gsbp-51f288b .gspb-buttonbox-text{display:flex;flex-direction:column}#gspb_button-id-gsbp-51f288b>.gspb-buttonbox{box-sizing:border-box}#gspb_button-id-gsbp-017e9fc>.gspb-buttonbox .gspb-buttonbox-icon svg,#gspb_button-id-gsbp-51f288b>.gspb-buttonbox .gspb-buttonbox-icon svg{height:13px!important;width:13px!important;min-width:13px!important;fill:currentColor!important;margin:0!important}#gspb_button-id-gsbp-017e9fc>.gspb-buttonbox .gspb-buttonbox-icon svg path,#gspb_button-id-gsbp-51f288b>.gspb-buttonbox .gspb-buttonbox-icon svg path{fill:currentColor!important}#gspb_button-id-gsbp-51f288b>.gspb-buttonbox>.gspb-buttonbox-textwrap{display:flex;flex-direction:row;align-items:center}#gspb_button-id-gsbp-51f288b .gspb-buttonbox-icon{margin-left:13px}@media (max-width:991.98px){#gspb_button-id-gsbp-51f288b{justify-content:center}}#gspb_button-id-gsbp-51f288b>.gspb-buttonbox{background-color:var(--wp--preset--color--palette-color-8, var(--theme-palette-color-8, #ffffff));color:var(--wp--preset--color--palette-color-2, var(--theme-palette-color-2, #24417C))}#gspb_button-id-gsbp-51f288b>.gspb-buttonbox:hover{background-color:var(--wp--preset--color--palette-color-9, var(--theme-palette-color-9, #FFE8DA))!important}","footnotes":""},"class_list":["post-963","page","type-page","status-publish","hentry"],"blocksy_meta":{"has_hero_section":"disabled","vertical_spacing_source":"custom","content_area_spacing":"none","styles_descriptor":{"styles":{"desktop":"","tablet":"","mobile":""},"google_fonts":[],"version":6},"page_structure_type":"type-2"},"_links":{"self":[{"href":"https:\/\/nis2resources.eu\/fr\/wp-json\/wp\/v2\/pages\/963","targetHints":{"allow":["GET"]}}],"collection":[{"href":"https:\/\/nis2resources.eu\/fr\/wp-json\/wp\/v2\/pages"}],"about":[{"href":"https:\/\/nis2resources.eu\/fr\/wp-json\/wp\/v2\/types\/page"}],"author":[{"embeddable":true,"href":"https:\/\/nis2resources.eu\/fr\/wp-json\/wp\/v2\/users\/1"}],"replies":[{"embeddable":true,"href":"https:\/\/nis2resources.eu\/fr\/wp-json\/wp\/v2\/comments?post=963"}],"version-history":[{"count":0,"href":"https:\/\/nis2resources.eu\/fr\/wp-json\/wp\/v2\/pages\/963\/revisions"}],"wp:attachment":[{"href":"https:\/\/nis2resources.eu\/fr\/wp-json\/wp\/v2\/media?parent=963"}],"curies":[{"name":"wp","href":"https:\/\/api.w.org\/{rel}","templated":true}]}}