{"id":3,"date":"2024-08-01T23:10:14","date_gmt":"2024-08-01T23:10:14","guid":{"rendered":"https:\/\/nis2resources.eu\/?page_id=3"},"modified":"2024-08-17T01:10:05","modified_gmt":"2024-08-17T01:10:05","slug":"politique-de-confidentialite","status":"publish","type":"page","link":"https:\/\/nis2resources.eu\/fr\/privacy-policy\/","title":{"rendered":"Politique de confidentialit\u00e9"},"content":{"rendered":"<p>Les r\u00e9f\u00e9rences \u00e0 \"nous\", \"notre\" ou \"nos\" dans la pr\u00e9sente politique de confidentialit\u00e9 et de cookies (\"Politique de confidentialit\u00e9\") d\u00e9signent Occentus Network SL, une soci\u00e9t\u00e9 priv\u00e9e \u00e0 responsabilit\u00e9 limit\u00e9e constitu\u00e9e en Espagne, dont le si\u00e8ge social est situ\u00e9 \u00e0 Vila de Madrid 44, ES46988 Paterna, sous le num\u00e9ro d'enregistrement et d'imp\u00f4t ESB97933022, exer\u00e7ant ses activit\u00e9s sous le nom de <a href=\"https:\/\/edgewatch.com\" data-type=\"link\" data-id=\"https:\/\/edgewatch.com\" target=\"_blank\" rel=\"noreferrer noopener\">Surveillance des bords de mer<\/a>marque d\u00e9pos\u00e9e aux \u00c9tats-Unis <strong>6083866<\/strong>, UE <strong>018130597<\/strong> et du Royaume-Uni <strong>00918130597<\/strong>. Pour plus d'informations, consultez notre site <a href=\"https:\/\/edgewatch.com\/legal\/trademark\/\" data-type=\"link\" data-id=\"https:\/\/edgewatch.com\/legal\/trademark\/\" target=\"_blank\" rel=\"noreferrer noopener nofollow\">politique d'utilisation des marques de fabrique et de commerce<\/a>. <\/p>\n\n\n\n<p>Aux fins des lois sur la protection des donn\u00e9es, nous sommes le \"responsable du traitement des donn\u00e9es\" en ce qui concerne les informations personnelles collect\u00e9es par le biais de notre site web situ\u00e9 \u00e0 l'adresse suivante <a href=\"https:\/\/nis2resources.eu\/fr\/\" target=\"_blank\" rel=\"noreferrer noopener\">https:\/\/nis2resources.eu\/<\/a> (\"Site\").<\/p>\n\n\n\n<ol class=\"wp-block-list\">\n<li>CHAMP D'APPLICATION Nous recueillons certaines informations sur notre site, notamment par le biais des produits et services fournis sur le site. La pr\u00e9sente politique de confidentialit\u00e9 d\u00e9finit nos politiques et proc\u00e9dures concernant la collecte et le traitement de ces donn\u00e9es qui identifient un utilisateur individuel ou qui pourraient \u00eatre utilis\u00e9es pour le contacter ou le localiser personnellement (\"informations d'identification personnelle\" ou \"IIP\"). La pr\u00e9sente politique de confidentialit\u00e9 s'applique uniquement \u00e0 notre site et aux produits et services fournis par l'interm\u00e9diaire de notre site. Elle ne s'applique pas aux sites ou services tiers li\u00e9s \u00e0 notre site ou recommand\u00e9s ou r\u00e9f\u00e9renc\u00e9s par notre site, par nos produits ou services ou par notre personnel. Il ne s'applique pas non plus \u00e0 tout autre site web, produit ou service exploit\u00e9 par nous, ni \u00e0 aucune de nos activit\u00e9s hors ligne.<\/li>\n\n\n\n<li>IIP et autres donn\u00e9es sensibles que nous recueillons Nous recueillons automatiquement les IIP suivantes aupr\u00e8s des utilisateurs qui visitent notre site :<ul><li>Adresse IP<\/li><li>le type et la version du navigateur web<\/li><li>syst\u00e8me d'exploitation<\/li><li>une liste d'URL commen\u00e7ant par un site de r\u00e9f\u00e9rence, votre activit\u00e9 sur notre site et le site vers lequel vous sortez<\/li><\/ul>Lors de la cr\u00e9ation d'un compte individuel sur le site, il est obligatoire de fournir, et nous enregistrerons, les IIP suivantes :<ul><li>nom<\/li><li>adresse \u00e9lectronique<\/li><li>nom de l'entreprise<\/li><li>titre<\/li><\/ul>En outre, lorsque vous devenez un client payant, nous enregistrons les IIP suivantes concernant les informations de facturation :<ul><li>Nom<\/li><li>Num\u00e9ro de TVA<\/li><li>Adresse<\/li><li>Code postal<\/li><li>Ville<\/li><li>Pays<\/li><\/ul>En plus de ce qui pr\u00e9c\u00e8de, nous collectons et traitons, sur une base anonyme, des donn\u00e9es relatives \u00e0 l'utilisation de notre site, telles que les pages visit\u00e9es, le temps pass\u00e9 sur chaque page, etc. Afin de fournir le service \u00e0 nos clients, notre produit recueille \u00e9galement les informations suivantes :\n<ul class=\"wp-block-list\">\n<li>URL cible et param\u00e8tres (y compris les identifiants de test s'ils ont \u00e9t\u00e9 fournis)<\/li>\n\n\n\n<li><span tabindex='0' class='glossary-item-container'>Vuln\u00e9rabilit\u00e9<span class='glossary-item-hidden-content'><span class='glossary-item-header'>Vuln\u00e9rabilit\u00e9<\/span> <span class='glossary-item-description'>Faiblesse, susceptibilit\u00e9 ou d\u00e9faut des produits ou services TIC pouvant \u00eatre exploit\u00e9s par une cybermenace. <a href=\"https:\/\/nis2resources.eu\/fr\/directive\/article-6\/\">D\u00e9finition selon l'article 6 de la directive (UE) 2022\/2555 (directive NIS2)<\/a><\/span><\/span><\/span> les d\u00e9tails, y compris les demandes\/r\u00e9ponses pour chaque vuln\u00e9rabilit\u00e9 trouv\u00e9e<\/li>\n\n\n\n<li>Journaux des produits, y compris les URL test\u00e9es et les demandes compl\u00e8tes (temporairement, jusqu'\u00e0 60 jours)<\/li>\n<\/ul>\n<\/li>\n\n\n\n<li>NOTRE UTILISATION DES DPI Toutes les donn\u00e9es personnelles sont stock\u00e9es de mani\u00e8re s\u00e9curis\u00e9e conform\u00e9ment au r\u00e8glement g\u00e9n\u00e9ral sur la protection des donn\u00e9es (r\u00e8glement (UE) 2016\/679) (GDPR). Pour plus de d\u00e9tails sur la s\u00e9curit\u00e9, voir la section 6, ci-dessous. Nous utilisons vos IPI pour personnaliser votre exp\u00e9rience sur notre site, pour cr\u00e9er votre compte, pour communiquer avec vous sur les produits et services que nous fournissons, pour vous fournir des nouvelles et pour la facturation. Nous utilisons \u00e9galement ces informations dans la mesure n\u00e9cessaire pour faire respecter les conditions d'utilisation de notre site et pour pr\u00e9venir tout dommage imminent aux personnes ou aux biens. Nous sommes propri\u00e9taires des donn\u00e9es anonymes li\u00e9es \u00e0 l'utilisation de notre site et nous pouvons utiliser ces donn\u00e9es anonymes \u00e0 des fins statistiques ou commerciales. En vertu du GDPR, nous veillerons \u00e0 ce que vos donn\u00e9es personnelles soient trait\u00e9es de mani\u00e8re l\u00e9gale, \u00e9quitable et transparente, sans porter atteinte \u00e0 vos droits. Nous ne traiterons vos donn\u00e9es personnelles que si au moins l'une des bases suivantes s'applique :\n<ul class=\"wp-block-list\">\n<li>vous avez donn\u00e9 votre consentement au traitement de vos donn\u00e9es \u00e0 caract\u00e8re personnel pour une ou plusieurs finalit\u00e9s sp\u00e9cifiques ;<\/li>\n\n\n\n<li>le traitement est n\u00e9cessaire \u00e0 l'ex\u00e9cution d'un contrat auquel vous \u00eates partie ou pour prendre des mesures \u00e0 votre demande avant de conclure un contrat ;<\/li>\n\n\n\n<li>le traitement est n\u00e9cessaire au respect d'une obligation l\u00e9gale \u00e0 laquelle nous sommes soumis ;<\/li>\n\n\n\n<li>le traitement est n\u00e9cessaire \u00e0 la sauvegarde de vos int\u00e9r\u00eats vitaux ou de ceux d'une autre personne physique ;<\/li>\n\n\n\n<li>le traitement est n\u00e9cessaire \u00e0 l'ex\u00e9cution d'une mission d'int\u00e9r\u00eat public ou relevant de l'exercice de l'autorit\u00e9 publique dont est investi le responsable du traitement.<\/li>\n<\/ul>\n<\/li>\n\n\n\n<li>LES COOKIES QUE NOUS RECUEILLONS ET L'UTILISATION QUE NOUS EN FAISONS Un cookie est une petite quantit\u00e9 de donn\u00e9es, qui comprend souvent un identifiant unique, envoy\u00e9e au navigateur de votre ordinateur ou de votre t\u00e9l\u00e9phone portable (appel\u00e9 ici \"appareil\") \u00e0 partir de l'ordinateur d'un site web. Il est stock\u00e9 sur le disque dur de votre appareil. Chaque site web peut envoyer ses propres cookies \u00e0 votre navigateur si les pr\u00e9f\u00e9rences de ce dernier le permettent, mais pour prot\u00e9ger votre vie priv\u00e9e, votre navigateur ne permet \u00e0 un site web d'acc\u00e9der qu'aux cookies qu'il vous a d\u00e9j\u00e0 envoy\u00e9s, et non \u00e0 ceux qui vous ont \u00e9t\u00e9 envoy\u00e9s par d'autres sites. Les cookies nous fournissent des donn\u00e9es d'utilisation, telles que la fr\u00e9quence de vos visites, l'endroit o\u00f9 vous vous rendez sur le site et ce que vous faites. Nous utilisons des cookies pour que notre site puisse se souvenir de vous et vous fournir les informations dont vous \u00eates le plus susceptible d'avoir besoin, ainsi que pour compiler des informations statistiques anonymes. Veuillez noter que nous recueillons certaines informations aupr\u00e8s de tous les utilisateurs, y compris les visiteurs qui se contentent de parcourir notre site. Nous pouvons \u00e9galement utiliser des cookies de tiers (par exemple, Google AdSense et DoubleClick) et des balises Web sur notre site pour vous proposer des publicit\u00e9s affich\u00e9es sur des sites tiers. Nous pouvons \u00e9galement utiliser les informations des cookies pour savoir quand vous revenez sur notre site apr\u00e8s avoir visit\u00e9 ces sites tiers. En outre, nous pouvons \u00e9galement utiliser des services d'analyse (tels que Google Analytics, Optimizely, New Relic et d'autres) pour aider \u00e0 analyser la fa\u00e7on dont les utilisateurs se servent du site. Il est possible de refuser l'utilisation de cookies \u00e0 des fins de ciblage publicitaire en se rendant sur le site suivant <a href=\"https:\/\/tools.google.com\/dlpage\/gaoptout\/\" target=\"_blank\" rel=\"noreferrer noopener\">https:\/\/tools.google.com\/dlpage\/gaoptout\/<\/a>. Tout comme les cookies, nous pouvons \u00e9galement utiliser des \"balises web\". Les balises web sont utilis\u00e9es comme m\u00e9canisme pour nous aider \u00e0 suivre vos visites sur notre site et \u00e0 savoir si vous ouvrez ou non nos courriels. Les pages de notre site et les courriels que nous vous envoyons peuvent contenir des balises web. En outre, nous pouvons utiliser plusieurs services tiers qui int\u00e8grent des balises web sur notre site \u00e0 des fins de suivi similaires. Ces services tiers sont utilis\u00e9s pour fournir des fonctionnalit\u00e9s suppl\u00e9mentaires aux utilisateurs, telles que la possibilit\u00e9 de partager le contenu de notre site avec votre r\u00e9seau social. Dans le tableau ci-dessous, vous trouverez les cookies et les balises web que nous installons actuellement sur votre navigateur ou votre appareil, leur objectif et leur dur\u00e9e de vie maximale :<ul><li><strong>_ga<\/strong> Utilis\u00e9 par Google Analytics pour distinguer les utilisateurs (2 ans)<\/li><li><strong>_gid<\/strong> Utilis\u00e9 par Google Analytics pour distinguer les utilisateurs (1 jour)<\/li><li><strong>_gat<\/strong> Utilis\u00e9 par Google Analytics pour limiter le nombre de requ\u00eates (1 min)<\/li><li><strong>_gcl<\/strong>* Utilis\u00e9 par Google Adsense (3 mo)<\/li><li><strong>NID ; DV ; 1P_JAR<\/strong> Utilis\u00e9 par Google pour stocker les pr\u00e9f\u00e9rences (6 mon)<\/li><li><strong>__stripe_<\/strong>* Utilis\u00e9 par Stripe pour la pr\u00e9vention des fraudes<\/li><\/ul>Sachez que les utilisateurs ont la possibilit\u00e9 de configurer leurs appareils de mani\u00e8re \u00e0 ce qu'ils acceptent tous les cookies, \u00e0 ce qu'ils soient avertis lorsqu'un cookie est \u00e9mis ou \u00e0 ce qu'ils ne re\u00e7oivent plus de cookies \u00e0 tout moment. Chaque navigateur \u00e9tant diff\u00e9rent, consultez le menu \"Aide\" de votre navigateur pour savoir comment modifier vos pr\u00e9f\u00e9rences en mati\u00e8re de cookies. Pour en savoir plus sur les cookies, leur r\u00f4le et la mani\u00e8re de g\u00e9rer les informations qu'ils recueillent sur vous et votre utilisation du site, veuillez consulter des sites d'information tels que <a href=\"https:\/\/www.allaboutcookies.org\" target=\"_blank\" rel=\"noreferrer noopener\">https:\/\/www.allaboutcookies.org<\/a>. Veuillez noter que le blocage de tous les cookies ou de certains d'entre eux peut affecter la fonctionnalit\u00e9 de notre site. Veuillez consulter le tableau ci-dessus pour conna\u00eetre la pertinence des cookies que nous utilisons. En acc\u00e9dant \u00e0 notre site, vous serez averti que nous utilisons des cookies et qu'en continuant \u00e0 utiliser le site, nous supposons que vous consentez \u00e0 l'installation et \u00e0 l'utilisation de cookies. Si vous n'\u00eates pas d'accord, veuillez bloquer les cookies sur votre navigateur ou cesser d'utiliser le site.<\/li>\n\n\n\n<li>PROTECTION DES IIP ET DES AUTRES DONN\u00c9ES SENSIBLES En tant que propri\u00e9taires d'un produit de s\u00e9curit\u00e9, nous prenons la s\u00e9curit\u00e9 des IIP tr\u00e8s au s\u00e9rieux. La liste suivante est une liste non exhaustive des contr\u00f4les de s\u00e9curit\u00e9 que nous avons mis en \u0153uvre pour prot\u00e9ger notre infrastructure, notre produit et vos IIP :<ul><li>Nous n'autorisons les communications avec nos serveurs, qui h\u00e9bergent nos produits et notre site, que par le biais d'un canal s\u00e9curis\u00e9 (HTTPS) utilisant TLS. HTTPS permet l'authentification du site web visit\u00e9 et la protection de la confidentialit\u00e9 et de l'int\u00e9grit\u00e9 des donn\u00e9es \u00e9chang\u00e9es.<\/li><li>Toute notre infrastructure est h\u00e9berg\u00e9e chez un fournisseur de services en nuage de premier plan, o\u00f9 la s\u00e9curit\u00e9 a \u00e9t\u00e9 pass\u00e9e au crible. Nous utilisons au maximum les services g\u00e9r\u00e9s par le fournisseur de services en nuage. Nous utilisons \u00e9galement leurs fonctions et contr\u00f4les de s\u00e9curit\u00e9 pour s\u00e9parer et surveiller nos r\u00e9seaux de services, pour les journaux d'audit et pour la gestion des \u00e9v\u00e9nements de s\u00e9curit\u00e9. Les serveurs frontaux, dorsaux et de base de donn\u00e9es utilisent des r\u00e9seaux priv\u00e9s et s\u00e9par\u00e9s, contr\u00f4l\u00e9s par des groupes de s\u00e9curit\u00e9.<\/li><li>Nous suivons \u00e9galement les meilleures pratiques en mati\u00e8re de s\u00e9curit\u00e9, y compris (mais sans s'y limiter) :<ul><li>Principe du moindre privil\u00e8ge (pour acc\u00e9der \u00e0 nos syst\u00e8mes et \u00e0 nos donn\u00e9es),<\/li><li>Chiffrement des donn\u00e9es sensibles au repos,<\/li><li>Renforcement du serveur et mises \u00e0 jour de s\u00e9curit\u00e9,<\/li><li>Exiger une authentification \u00e0 deux facteurs pour acc\u00e9der \u00e0 nos syst\u00e8mes,<\/li><li>Exploitation foresti\u00e8re centrale<\/li><li>Cycle de vie s\u00e9curis\u00e9 du d\u00e9veloppement de logiciels, y compris \u00e9valuations p\u00e9riodiques de la s\u00e9curit\u00e9 (manuelles et \u00e0 l'aide d'Edgewatch)<\/li><\/ul><\/li><\/ul>Nonobstant les mesures de s\u00e9curit\u00e9 que nous prenons, il est important de rappeler que la transmission de donn\u00e9es via Internet peut ne pas \u00eatre totalement s\u00e9curis\u00e9e et qu'il vous est conseill\u00e9 de prendre les pr\u00e9cautions n\u00e9cessaires lorsque vous nous transmettez des donn\u00e9es via Internet.<\/li>\n\n\n\n<li>Acc\u00e8s de tiers \u00e0 vos IIP Nous donnons ou pourrons donner \u00e0 l'avenir \u00e0 certains contractants ind\u00e9pendants l'acc\u00e8s aux IIP (\"responsables du traitement des donn\u00e9es\"). Aucun responsable du traitement des donn\u00e9es ne sera retenu sans avoir pr\u00e9alablement conclu un contrat dans lequel il s'engage \u00e0 prot\u00e9ger les IIP en utilisant des proc\u00e9dures raisonnablement similaires aux n\u00f4tres et \u00e0 ne traiter les IIP que conform\u00e9ment \u00e0 nos instructions. Nous pouvons \u00e9galement divulguer des IIP \u00e0 des avocats et \u00e0 des investisseurs soumis \u00e0 des restrictions de confidentialit\u00e9, ainsi qu'aux autorit\u00e9s charg\u00e9es de l'application de la loi, aux tribunaux et aux organismes publics de r\u00e9glementation, chaque fois que la l\u00e9gislation applicable l'exige. Enfin, nous pouvons partager les IPI dans le cadre d'une transaction portant sur la totalit\u00e9 ou la quasi-totalit\u00e9 de nos actifs. Pour fournir les services, nous faisons appel \u00e0 diff\u00e9rents sous-traitants de donn\u00e9es, qui traitent diff\u00e9rentes cat\u00e9gories de donn\u00e9es. Les sous-traitants ne stockent jamais de donn\u00e9es en dehors du cadre de leur objectif sp\u00e9cifique. Ces sous-traitants sont \u00e9num\u00e9r\u00e9s ci-dessous, avec une description du service et de l'endroit o\u00f9 les donn\u00e9es sont h\u00e9berg\u00e9es. Cette liste peut \u00eatre mise \u00e0 jour par Edgewatch de temps \u00e0 autre :\n<ul class=\"wp-block-list\">\n<li>Stripe, Inc.\n<ul class=\"wp-block-list\">\n<li>Traitement des paiements<\/li>\n\n\n\n<li>\u00c9TATS-UNIS<\/li>\n<\/ul>\n<\/li>\n\n\n\n<li>Google\n<ul class=\"wp-block-list\">\n<li>Analytique, Tag Manager, Espace de travail<\/li>\n\n\n\n<li>\u00c9TATS-UNIS<\/li>\n<\/ul>\n<\/li>\n<\/ul>\n<\/li>\n<\/ol>\n\n\n\n<ol start=\"7\" class=\"wp-block-list\">\n<li>VOS DROITS Avant que votre compte ne soit activ\u00e9, vous devrez confirmer que vous avez lu et accept\u00e9 les conditions d'utilisation du site et que vous avez pris connaissance de la pr\u00e9sente politique de confidentialit\u00e9. Vous pouvez acc\u00e9der \u00e0 toutes les IIP que nous stockons et les modifier en nous contactant directement \u00e0 l'adresse \u00e9lectronique suivante : <a href=\"mailto:privacy@edgewatch.com\">privacy@edgewatch.com<\/a>. L'acc\u00e8s \u00e0 vos IIP et leur correction sont gratuits. Vous reconnaissez toutefois que toutes les IIP que vous fournissez doivent \u00eatre exactes et mises \u00e0 jour. Vous pouvez \u00e9galement vous opposer, \u00e0 tout moment et gratuitement, \u00e0 l'utilisation de vos IIP \u00e0 des fins de marketing direct ou \u00e0 toute autre forme d'utilisation commerciale. Si vous le souhaitez, apr\u00e8s avoir re\u00e7u un courriel ou un SMS de notre part, nous vous proposerons une option simple pour vous d\u00e9sinscrire ou vous retirer de notre r\u00e9pertoire de marketing. Vous pouvez \u00e9galement retirer votre consentement au traitement de vos IIP lorsque ce traitement d\u00e9pend de votre consentement. Pour ce faire, il vous suffit de nous envoyer un courrier \u00e9lectronique \u00e0 l'adresse suivante <a href=\"mailto:privacy@edgewatch.com\">privacy@edgewatch.com<\/a>. En outre, vous pouvez \u00e0 tout moment nous demander de supprimer ou de limiter les IIP que nous d\u00e9tenons \u00e0 votre sujet. Vous pouvez \u00e9galement demander la portabilit\u00e9 de vos IIP conform\u00e9ment \u00e0 la l\u00e9gislation applicable et dans les limites de celle-ci. Vous avez \u00e9galement le droit de nous demander d'informer les tiers avec lesquels nous avons pu partager vos IPI et de leur demander de se conformer \u00e0 vos instructions.<\/li>\n\n\n\n<li>O\u00f9 nous stockons vos IIP et pendant combien de temps ? Sauf accord ou contrat contraire, toutes les IIP concernant nos utilisateurs sont stock\u00e9es sur des serveurs s\u00e9curis\u00e9s situ\u00e9s dans l'Union europ\u00e9enne. Nous informerons nos utilisateurs de tout changement \u00e9ventuel de notre politique. Notre objectif est que nos utilisateurs entretiennent une relation durable avec notre site, m\u00eame si les visites ne sont pas tr\u00e8s fr\u00e9quentes. Nous conserverons vos IIP et votre compte restera actif pendant les trois ann\u00e9es suivant votre derni\u00e8re interaction avec notre site. Avant de fermer votre compte, nous vous demanderons si vous souhaitez le maintenir actif. Apr\u00e8s une demande de suppression, vos IIP seront conserv\u00e9es pendant trois mois au maximum dans le cadre des proc\u00e9dures de sauvegarde.<\/li>\n\n\n\n<li>MODIFICATION DE LA PR\u00c9SENTE POLITIQUE DE CONFIDENTIALIT\u00c9 Nous nous r\u00e9servons le droit de r\u00e9viser la pr\u00e9sente politique de confidentialit\u00e9 de temps \u00e0 autre. Nous publierons la version la plus r\u00e9cente de la pr\u00e9sente politique de confidentialit\u00e9 sur le site Web d'Edgewatch. <a href=\"https:\/\/edgewatch.com\" target=\"_blank\" rel=\"noopener\">https:\/\/edgewatch.com<\/a>\u00a0 (le \"site\"). Toute modification entrera en vigueur \u00e0 la date indiqu\u00e9e en t\u00eate de la politique de confidentialit\u00e9 r\u00e9vis\u00e9e. Si nous estimons, \u00e0 notre seule discr\u00e9tion, qu'une r\u00e9vision de la pr\u00e9sente politique de confidentialit\u00e9 est importante, nous vous en informerons par l'interm\u00e9diaire du service et\/ou par courrier \u00e9lectronique \u00e0 l'adresse associ\u00e9e \u00e0 votre compte. En continuant \u00e0 acc\u00e9der \u00e0 toute partie du service ou \u00e0 l'utiliser, vous acceptez ces modifications. Si vous vous opposez \u00e0 ces modifications, vous devez annuler et cesser d'utiliser le service \u00e0 la date d'entr\u00e9e en vigueur de ces modifications. Pour toute clarification concernant notre politique de confidentialit\u00e9, n'h\u00e9sitez pas \u00e0 nous contacter \u00e0 l'adresse suivante <a href=\"mailto:privacy@edgewatch.com\">privacy@edgewatch.com<\/a>.<\/li>\n<\/ol>","protected":false},"excerpt":{"rendered":"<p>References to \u201cwe\u201d, \u201cour\u201d or \u201cus\u201d in this privacy and cookies policy (\u201cPrivacy Policy\u201d) mean Occentus Network SL., a private limited liability company incorporated in Spain, with registered offices at Vila de Madrid 44, ES46988 Paterna, under registration and tax number ESB97933022 trading as Edgewatch, trademark registered in USA 6083866, EU 018130597 and UK 00918130597. [&hellip;]<\/p>\n","protected":false},"author":1,"featured_media":0,"parent":0,"menu_order":0,"comment_status":"closed","ping_status":"open","template":"","meta":{"_gspb_post_css":"","footnotes":""},"class_list":["post-3","page","type-page","status-publish","hentry"],"blocksy_meta":{"page_structure_type":"type-4","styles_descriptor":{"styles":{"desktop":"","tablet":"","mobile":""},"google_fonts":[],"version":6}},"_links":{"self":[{"href":"https:\/\/nis2resources.eu\/fr\/wp-json\/wp\/v2\/pages\/3","targetHints":{"allow":["GET"]}}],"collection":[{"href":"https:\/\/nis2resources.eu\/fr\/wp-json\/wp\/v2\/pages"}],"about":[{"href":"https:\/\/nis2resources.eu\/fr\/wp-json\/wp\/v2\/types\/page"}],"author":[{"embeddable":true,"href":"https:\/\/nis2resources.eu\/fr\/wp-json\/wp\/v2\/users\/1"}],"replies":[{"embeddable":true,"href":"https:\/\/nis2resources.eu\/fr\/wp-json\/wp\/v2\/comments?post=3"}],"version-history":[{"count":0,"href":"https:\/\/nis2resources.eu\/fr\/wp-json\/wp\/v2\/pages\/3\/revisions"}],"wp:attachment":[{"href":"https:\/\/nis2resources.eu\/fr\/wp-json\/wp\/v2\/media?parent=3"}],"curies":[{"name":"wp","href":"https:\/\/api.w.org\/{rel}","templated":true}]}}