{"id":1213,"date":"2024-08-14T06:38:07","date_gmt":"2024-08-14T06:38:07","guid":{"rendered":"https:\/\/nis2resources.eu\/?page_id=1213"},"modified":"2024-08-14T06:38:07","modified_gmt":"2024-08-14T06:38:07","slug":"mesures-de-gestion-des-risques-de-cybersecurite-de-lina-2-correspondant-a-liso-270012022","status":"publish","type":"page","link":"https:\/\/nis2resources.eu\/fr\/nis-2-cybersecurity-risk-management-measures-mapping-to-iso-270012022\/","title":{"rendered":"NIS 2 Mesures de gestion des risques de cybers\u00e9curit\u00e9 conformes \u00e0 la norme ISO 27001:2022"},"content":{"rendered":"<script type=\"text\/javascript\" src=\"https:\/\/m.edgewatch.com\/form\/generate.js?id=1\"><\/script>","protected":false},"excerpt":{"rendered":"","protected":false},"author":1,"featured_media":0,"parent":0,"menu_order":0,"comment_status":"closed","ping_status":"closed","template":"","meta":{"_gspb_post_css":"","footnotes":""},"class_list":["post-1213","page","type-page","status-publish","hentry"],"blocksy_meta":[],"_links":{"self":[{"href":"https:\/\/nis2resources.eu\/fr\/wp-json\/wp\/v2\/pages\/1213","targetHints":{"allow":["GET"]}}],"collection":[{"href":"https:\/\/nis2resources.eu\/fr\/wp-json\/wp\/v2\/pages"}],"about":[{"href":"https:\/\/nis2resources.eu\/fr\/wp-json\/wp\/v2\/types\/page"}],"author":[{"embeddable":true,"href":"https:\/\/nis2resources.eu\/fr\/wp-json\/wp\/v2\/users\/1"}],"replies":[{"embeddable":true,"href":"https:\/\/nis2resources.eu\/fr\/wp-json\/wp\/v2\/comments?post=1213"}],"version-history":[{"count":0,"href":"https:\/\/nis2resources.eu\/fr\/wp-json\/wp\/v2\/pages\/1213\/revisions"}],"wp:attachment":[{"href":"https:\/\/nis2resources.eu\/fr\/wp-json\/wp\/v2\/media?parent=1213"}],"curies":[{"name":"wp","href":"https:\/\/api.w.org\/{rel}","templated":true}]}}