{"id":986,"date":"2024-01-29T16:47:57","date_gmt":"2024-01-29T16:47:57","guid":{"rendered":"https:\/\/nis2resources.eu\/?page_id=986"},"modified":"2024-08-10T13:11:26","modified_gmt":"2024-08-10T13:11:26","slug":"articulo-1","status":"publish","type":"page","link":"https:\/\/nis2resources.eu\/es\/directive-2022-2557-cer\/article-1\/","title":{"rendered":"Art\u00edculo 1 - Objeto y \u00e1mbito de aplicaci\u00f3n"},"content":{"rendered":"<p>1. La presente Directiva:<\/p>\n\n\n\n<p>(a) impone a los Estados miembros la obligaci\u00f3n de adoptar medidas espec\u00edficas destinadas a garantizar que los servicios esenciales para el mantenimiento de las funciones vitales de la sociedad o de las actividades econ\u00f3micas incluidas en el \u00e1mbito de aplicaci\u00f3n del art\u00edculo 114 del TFUE se presten sin obst\u00e1culos en el mercado interior, en particular la obligaci\u00f3n de identificar a las entidades cr\u00edticas y de apoyar a las entidades cr\u00edticas en el cumplimiento de las obligaciones que se les imponen;<\/p>\n\n\n\n<p>(b) establece obligaciones para las entidades cr\u00edticas destinadas a mejorar su resistencia y su capacidad de prestar los servicios a que se refiere la letra a) en el mercado interior;<\/p>\n\n\n\n<p>(c) establece normas:<\/p>\n\n\n\n<p>(i) sobre la supervisi\u00f3n de las entidades cr\u00edticas;<\/p>\n\n\n\n<p>(ii) sobre la ejecuci\u00f3n;<\/p>\n\n\n\n<p>(iii) para la identificaci\u00f3n de entidades cr\u00edticas de particular importancia europea y en misiones de asesoramiento para evaluar las medidas que dichas entidades han puesto en marcha para cumplir con sus obligaciones en virtud del Cap\u00edtulo III;<\/p>\n\n\n\n<p>(d) establezca procedimientos comunes de cooperaci\u00f3n e informaci\u00f3n sobre la aplicaci\u00f3n de la presente Directiva;<\/p>\n\n\n\n<p>(e) establece medidas con vistas a lograr un alto nivel de resistencia de las entidades cr\u00edticas para garantizar la prestaci\u00f3n de servicios esenciales en la Uni\u00f3n y mejorar el funcionamiento del mercado interior.<\/p>\n\n\n\n<p>2. La presente Directiva no se aplicar\u00e1 a las materias reguladas por la Directiva (UE) 2022\/2555, sin perjuicio de lo dispuesto en el art\u00edculo 8 de la presente Directiva. A la luz de la relaci\u00f3n entre la seguridad f\u00edsica y <span tabindex='0' class='glossary-item-container'>ciberseguridad<span class='glossary-item-hidden-content'><span class='glossary-item-header'>Ciberseguridad<\/span> <span class='glossary-item-description'>\"ciberseguridad\": la ciberseguridad definida en el art\u00edculo 2, punto 1, del Reglamento (UE) 2019\/881; - <a href=\"https:\/\/nis2resources.eu\/es\/directive\/articulo-6\/\">Definici\u00f3n seg\u00fan el art\u00edculo 6 de la Directiva (UE) 2022\/2555 (Directiva NIS2)<\/a>\r\r\"ciberseguridad\": las actividades necesarias para proteger las redes y los sistemas de informaci\u00f3n, a los usuarios de dichos sistemas y a otras personas afectadas por las ciberamenazas; - Definici\u00f3n seg\u00fan el art\u00edculo 2, punto (1), del Reglamento (UE) 2019\/881;<\/span><\/span><\/span> de las entidades cr\u00edticas, los Estados miembros velar\u00e1n por que la presente Directiva y la Directiva (UE) 2022\/2555 se apliquen de forma coordinada.<\/p>\n\n\n\n<p>3. Cuando las disposiciones de los actos jur\u00eddicos sectoriales espec\u00edficos de la Uni\u00f3n exijan a las entidades cr\u00edticas que adopten medidas para aumentar su resiliencia y cuando los Estados miembros reconozcan dichos requisitos como al menos equivalentes a las obligaciones correspondientes establecidas en la presente Directiva, no se aplicar\u00e1n las disposiciones pertinentes de la presente Directiva, incluidas las disposiciones sobre supervisi\u00f3n y ejecuci\u00f3n establecidas en el cap\u00edtulo VI.<\/p>\n\n\n\n<p>4. Sin perjuicio de lo dispuesto en el art\u00edculo 346 del TFUE, la informaci\u00f3n que sea confidencial en virtud de normas de la Uni\u00f3n o nacionales, como las normas sobre confidencialidad empresarial, se intercambiar\u00e1 con la Comisi\u00f3n y otras autoridades pertinentes de conformidad con la presente Directiva \u00fanicamente cuando dicho intercambio sea necesario para la aplicaci\u00f3n de la presente Directiva. La informaci\u00f3n intercambiada se limitar\u00e1 a la que sea pertinente y proporcionada a la finalidad de dicho intercambio. El intercambio de informaci\u00f3n preservar\u00e1 la confidencialidad de dicha informaci\u00f3n y la seguridad y los intereses comerciales de las entidades cr\u00edticas, respetando al mismo tiempo la seguridad de los Estados miembros.<\/p>\n\n\n\n<p>5. La presente Directiva se entiende sin perjuicio de la responsabilidad de los Estados miembros de salvaguardar la seguridad y la defensa nacionales y de su facultad de salvaguardar otras funciones esenciales del Estado, como garantizar la integridad territorial del Estado y mantener el orden p\u00fablico.<\/p>\n\n\n\n<p>6. La presente Directiva no se aplica a las entidades de la administraci\u00f3n p\u00fablica que desarrollen sus actividades en los \u00e1mbitos de la seguridad nacional, la seguridad p\u00fablica, la defensa o la aplicaci\u00f3n de la ley, incluidas la investigaci\u00f3n, la detecci\u00f3n y el enjuiciamiento de delitos.<\/p>\n\n\n\n<p>7. Los Estados miembros podr\u00e1n decidir que el art\u00edculo 11 y los cap\u00edtulos III, IV y VI, en su totalidad o en parte, no se apliquen a entidades cr\u00edticas espec\u00edficas que lleven a cabo actividades en los \u00e1mbitos de la seguridad nacional, la seguridad p\u00fablica, la defensa o la aplicaci\u00f3n de la ley, incluidas la investigaci\u00f3n, la detecci\u00f3n y el enjuiciamiento de delitos, o que presten servicios exclusivamente a las entidades de la administraci\u00f3n p\u00fablica a que se refiere el apartado 6 del presente art\u00edculo.<\/p>\n\n\n\n<p>8. Las obligaciones establecidas en la presente Directiva no implicar\u00e1n el suministro de informaci\u00f3n cuya divulgaci\u00f3n sea contraria a los intereses esenciales de la seguridad nacional, la seguridad p\u00fablica o la defensa de los Estados miembros.<\/p>\n\n\n\n<p>9. La presente Directiva se entiende sin perjuicio del Derecho de la Uni\u00f3n en materia de protecci\u00f3n de datos personales, en particular el Reglamento (UE) 2016\/679 del Parlamento Europeo y del Consejo y la Directiva 2002\/58\/CE del Parlamento Europeo y del Consejo.<\/p>\n\n\n\n<p><\/p>","protected":false},"excerpt":{"rendered":"<p>1. This Directive: (a) lays down obligations on Member States to take specific measures aimed at ensuring that services which are essential for the maintenance of vital societal functions or economic activities within the scope of Article 114 TFEU are provided in an unobstructed manner in the internal market, in particular obligations to identify critical [&hellip;]<\/p>\n","protected":false},"author":1,"featured_media":0,"parent":963,"menu_order":1,"comment_status":"closed","ping_status":"closed","template":"","meta":{"_gspb_post_css":".gspb_container-id-gsbp-08edf4d{flex-direction:column;box-sizing:border-box}#gspb_container-id-gsbp-08edf4d.gspb_container>p:last-of-type,#gspb_container-id-gsbp-318027b.gspb_container>p:last-of-type{margin-bottom:0}body.gspb-bodyfront #gspb_container-id-gsbp-08edf4d.gspb_container{z-index:3}#gspb_container-id-gsbp-08edf4d.gspb_container{margin-bottom:-100px;padding:60px}@media (max-width:991.98px){#gspb_container-id-gsbp-08edf4d.gspb_container{padding:50px}}@media (max-width:575.98px){#gspb_container-id-gsbp-08edf4d.gspb_container{padding:35px}}#gspb_container-id-gsbp-08edf4d.gspb_container,#gspb_container-id-gsbp-08edf4d.gspb_container>.gspb_backgroundOverlay{border-top-left-radius:40px;border-top-right-radius:40px;border-bottom-right-radius:40px;border-bottom-left-radius:40px}#gspb_container-id-gsbp-08edf4d.gspb_container{background-color:var(--wp--preset--color--palette-color-2, var(--theme-palette-color-2, #24417C))}@media (max-width:991.98px){#gspb_heading-id-gsbp-d9024e8{font-size:25px}}#gspb_heading-id-gsbp-d9024e8,#gspb_heading-id-gsbp-d9024e8 .gsap-g-line{text-align:center!important}#gspb_heading-id-gsbp-d9024e8{color:var(--wp--preset--color--palette-color-8, var(--theme-palette-color-8, #ffffff));margin-top:0;margin-bottom:0}#gspb_heading-id-gsbp-0f939b1{font-size:23px}@media (max-width:991.98px){#gspb_heading-id-gsbp-0f939b1{font-size:20px}}#gspb_heading-id-gsbp-0f939b1,#gspb_heading-id-gsbp-0f939b1 .gsap-g-line{text-align:center!important}#gspb_heading-id-gsbp-0f939b1{color:var(--wp--preset--color--palette-color-8, var(--theme-palette-color-8, #ffffff));margin-top:0;margin-bottom:0}.gspb_container-id-gsbp-318027b{flex-direction:column;box-sizing:border-box}.gspb_container{position:relative}#gspb_container-id-gsbp-318027b.gspb_container{background-color:var(--wp--preset--color--palette-color-7, var(--theme-palette-color-7, #F7FAFD));height:100px}","footnotes":""},"class_list":["post-986","page","type-page","status-publish","hentry"],"blocksy_meta":{"has_hero_section":"enabled","styles_descriptor":{"styles":{"desktop":"[data-prefix=\"single_page\"] .entry-header .page-title {--theme-font-size:30px;} [data-prefix=\"single_page\"] .entry-header .entry-meta {--theme-font-weight:600;--theme-text-transform:uppercase;--theme-font-size:12px;--theme-line-height:1.3;}","tablet":"","mobile":""},"google_fonts":[],"version":6},"vertical_spacing_source":"custom","content_area_spacing":"none","page_structure_type":"type-2","hero_section":"type-1","hero_elements":[{"id":"custom_title","enabled":true,"heading_tag":"h1","title":"Inicio","__id":"R2U-HYFiRxNB68ehtVNnD"},{"id":"custom_description","enabled":false,"description_visibility":{"desktop":true,"tablet":true,"mobile":false},"__id":"iunddIgO99hpSPG9Fg5JG"},{"id":"custom_meta","enabled":false,"meta_elements":[{"id":"author","enabled":true,"label":"By","has_author_avatar":"yes","avatar_size":25},{"id":"post_date","enabled":true,"label":"On","date_format_source":"default","date_format":"M j, Y"},{"id":"updated_date","enabled":false,"label":"On","date_format_source":"default","date_format":"M j, Y"},{"id":"categories","enabled":false,"label":"In","style":"simple"},{"id":"comments","enabled":true}],"page_meta_elements":{"joined":true,"articles_count":true,"comments":true},"__id":"5eaAHMv04hORzKiN9yiIn"},{"id":"breadcrumbs","enabled":true,"__id":"cWM29SLjiH-CvKLggsfwD"},{"id":"content-block","enabled":false,"__id":"WGpWtEusOELIm65POzykI"}]},"_links":{"self":[{"href":"https:\/\/nis2resources.eu\/es\/wp-json\/wp\/v2\/pages\/986","targetHints":{"allow":["GET"]}}],"collection":[{"href":"https:\/\/nis2resources.eu\/es\/wp-json\/wp\/v2\/pages"}],"about":[{"href":"https:\/\/nis2resources.eu\/es\/wp-json\/wp\/v2\/types\/page"}],"author":[{"embeddable":true,"href":"https:\/\/nis2resources.eu\/es\/wp-json\/wp\/v2\/users\/1"}],"replies":[{"embeddable":true,"href":"https:\/\/nis2resources.eu\/es\/wp-json\/wp\/v2\/comments?post=986"}],"version-history":[{"count":0,"href":"https:\/\/nis2resources.eu\/es\/wp-json\/wp\/v2\/pages\/986\/revisions"}],"up":[{"embeddable":true,"href":"https:\/\/nis2resources.eu\/es\/wp-json\/wp\/v2\/pages\/963"}],"wp:attachment":[{"href":"https:\/\/nis2resources.eu\/es\/wp-json\/wp\/v2\/media?parent=986"}],"curies":[{"name":"wp","href":"https:\/\/api.w.org\/{rel}","templated":true}]}}