{"id":963,"date":"2024-01-29T16:48:06","date_gmt":"2024-01-29T16:48:06","guid":{"rendered":"https:\/\/nis2resources.eu\/?page_id=963"},"modified":"2024-08-12T02:13:15","modified_gmt":"2024-08-12T02:13:15","slug":"directiva-3","status":"publish","type":"page","link":"https:\/\/nis2resources.eu\/es\/directive-2022-2557-cer\/","title":{"rendered":"Directiva CER (UE) 2022\/2557"},"content":{"rendered":"<div class=\"wp-block-greenshift-blocks-row gspb_row gspb_row-id-gsbp-90dd5fd gspb_row--gutter-custom-0\" id=\"gspb_row-id-gsbp-90dd5fd\"><div class=\"gspb_row__content\"> \n<div class=\"wp-block-greenshift-blocks-row-column gspb_row__col--4 gspb_row__col--md-12 gspb_col-id-gsbp-d560c25\" id=\"gspb_col-id-gsbp-d560c25\">\n\n\n<h2 id=\"gspb_heading-id-gsbp-2ffee04\" class=\"gspb_heading gspb_heading-id-gsbp-2ffee04\">Directiva sobre la resistencia de las entidades cr\u00edticas (CER)<\/h2>\n\n\n\n<div id=\"gspb_text-id-gsbp-e310166\" class=\"gspb_text gspb_text-id-gsbp-e310166\">Directiva (UE) 2022\/2557 del Parlamento Europeo y del Consejo, de 14 de diciembre de 2022, sobre la resiliencia de las entidades cr\u00edticas y por la que se deroga la Directiva 2008\/114\/CE del Consejo (Directiva CER)<\/div>\n\n\n\n<div class=\"gspb_button_wrapper gspb_button-id-gsbp-017e9fc\" id=\"gspb_button-id-gsbp-017e9fc\"><a class=\"wp-block-greenshift-blocks-buttonbox gspb-buttonbox wp-element-button\" href=\"\/es\/directiva-3\/preambulo\/\" rel=\"noopener\"><span class=\"gspb-buttonbox-textwrap\"><span class=\"gspb-buttonbox-text\"><span class=\"gspb-buttonbox-title\">M\u00e1s informaci\u00f3n<\/span><\/span><span class=\"gspb-buttonbox-icon\"><svg xmlns=\"http:\/\/www.w3.org\/2000\/svg\" style=\"width:5rem;height:5rem;margin:10px\" viewbox=\"0 0 24 24\"><path fill-rule=\"evenodd\" d=\"M24 0v22.78h-2.87V4.9L2.03 24 0 21.97l19.1-19.1H1.26V0H24Z\"><\/path><\/svg><\/span><\/span><\/a><\/div>\n<\/div>\n <\/div><\/div>\n\n\n\n<p>La Directiva CER est\u00e1 estructurada para proporcionar un marco global que mejore la resiliencia de las entidades cr\u00edticas dentro de la UE. Est\u00e1 organizada en varias secciones clave que describen los objetivos de la Directiva, su \u00e1mbito de aplicaci\u00f3n, las obligaciones espec\u00edficas de los Estados miembros y las entidades cr\u00edticas, y los mecanismos de cooperaci\u00f3n y ejecuci\u00f3n. La estructura incluye:<\/p>\n\n\n\n<h3 class=\"wp-block-heading\" id=\"structure-and-key-sections\">Estructura y secciones principales<\/h3>\n\n\n\n<ol class=\"wp-block-list\">\n<li>La Directiva CER est\u00e1 estructurada para proporcionar un marco global que mejore la resiliencia de las entidades cr\u00edticas dentro de la UE. Est\u00e1 organizada en varias secciones clave que describen los objetivos de la Directiva, su \u00e1mbito de aplicaci\u00f3n, las obligaciones espec\u00edficas de los Estados miembros y las entidades cr\u00edticas, y los mecanismos de cooperaci\u00f3n y ejecuci\u00f3n.<\/li>\n\n\n\n<li><strong>Disposiciones generales y objetivos<\/strong>: Esta secci\u00f3n define los objetivos de la Directiva, que incluyen el refuerzo de la resiliencia de las entidades cr\u00edticas frente a diversos riesgos, como las cat\u00e1strofes naturales, el terrorismo y los ciberataques. Tambi\u00e9n establece el \u00e1mbito de aplicaci\u00f3n de la directiva, identificando los sectores y tipos de entidades cubiertos.<\/li>\n\n\n\n<li><strong>Obligaciones de los Estados miembros<\/strong>: La Directiva establece que cada Estado miembro de la UE es responsable de identificar las entidades cr\u00edticas dentro de su jurisdicci\u00f3n. Los Estados miembros deben garantizar que estas entidades apliquen medidas s\u00f3lidas de resiliencia. Esta secci\u00f3n tambi\u00e9n detalla los marcos nacionales que los Estados miembros deben establecer, incluida la designaci\u00f3n de autoridades competentes y la creaci\u00f3n de estrategias nacionales para la protecci\u00f3n de infraestructuras cr\u00edticas.<\/li>\n\n\n\n<li><strong>Obligaciones de las entidades cr\u00edticas<\/strong>: Las entidades cr\u00edticas identificadas por los Estados miembros deben cumplir requisitos espec\u00edficos en virtud de la Directiva CER. Entre ellos figuran la realizaci\u00f3n de <span tabindex='0' class='glossary-item-container'>riesgo<span class='glossary-item-hidden-content'><span class='glossary-item-header'>Riesgo<\/span> <span class='glossary-item-description'>Se refiere al potencial de p\u00e9rdida o perturbaci\u00f3n causado por un incidente y debe expresarse como una combinaci\u00f3n de la magnitud de dicha p\u00e9rdida o perturbaci\u00f3n y la probabilidad de que se produzca el incidente. <a href=\"https:\/\/nis2resources.eu\/es\/directive\/articulo-6\/\">Definici\u00f3n seg\u00fan el art\u00edculo 6 de la Directiva (UE) 2022\/2555 (Directiva NIS2)<\/a><\/span><\/span><\/span> de seguridad y notificar los incidentes que puedan afectar a sus operaciones. La directiva tambi\u00e9n hace hincapi\u00e9 en la importancia de la planificaci\u00f3n y preparaci\u00f3n de la resiliencia, exigiendo a las entidades que desarrollen y mantengan planes de resiliencia.<\/li>\n\n\n\n<li><strong>Cooperaci\u00f3n e intercambio de informaci\u00f3n<\/strong>: La Directiva promueve la cooperaci\u00f3n entre los Estados miembros y las entidades cr\u00edticas. Esboza mecanismos para compartir informaci\u00f3n, tanto a nivel nacional como de la UE, con el fin de mejorar la resiliencia colectiva. Esta secci\u00f3n tambi\u00e9n introduce el papel de la Comisi\u00f3n Europea para facilitar la cooperaci\u00f3n y garantizar la coherencia en la aplicaci\u00f3n de la directiva en toda la UE.<\/li>\n\n\n\n<li><strong>Supervisi\u00f3n y ejecuci\u00f3n<\/strong>: La Directiva CER incluye disposiciones para la supervisi\u00f3n de las entidades cr\u00edticas y la imposici\u00f3n de su cumplimiento. Los Estados miembros deben establecer mecanismos de supervisi\u00f3n y ejecuci\u00f3n para garantizar que las entidades cr\u00edticas cumplan los requisitos de la directiva. En esta secci\u00f3n tambi\u00e9n se describen las sanciones en caso de incumplimiento.<\/li>\n\n\n\n<li><strong>Disposiciones finales<\/strong>: Esta secci\u00f3n incluye medidas transitorias, plazos de aplicaci\u00f3n y disposiciones para la revisi\u00f3n y modificaci\u00f3n de la directiva.<\/li>\n\n\n\n<li>Secciones clave de la Directiva RCE<\/li>\n<\/ol>\n\n\n\n<h3 class=\"wp-block-heading\" id=\"key-sections-of-the-cer-directive\">Secciones clave de la Directiva RCE<\/h3>\n\n\n\n<ul class=\"wp-block-list\">\n<li><strong>\u00c1mbito de aplicaci\u00f3n y definiciones<\/strong>: Define los sectores cr\u00edticos cubiertos, como la energ\u00eda, el transporte, la sanidad, las finanzas y las infraestructuras digitales.<\/li>\n\n\n\n<li><strong>Gesti\u00f3n de riesgos y requisitos de resistencia<\/strong>: Especifica que las entidades cr\u00edticas deben realizar evaluaciones peri\u00f3dicas de los riesgos y aplicar medidas para garantizar la resiliencia.<\/li>\n\n\n\n<li><strong><span tabindex='0' class='glossary-item-container'>Incidente<span class='glossary-item-hidden-content'><span class='glossary-item-header'>Incidente<\/span> <span class='glossary-item-description'>Se refiere a un suceso que compromete la disponibilidad, autenticidad, integridad o confidencialidad de los datos almacenados, transmitidos o procesados, o de los servicios ofrecidos por los sistemas de red y de informaci\u00f3n o accesibles a trav\u00e9s de ellos\". <a href=\"https:\/\/nis2resources.eu\/es\/directive\/articulo-6\/\">Definici\u00f3n seg\u00fan el art\u00edculo 6 de la Directiva (UE) 2022\/2555 (Directiva NIS2)<\/a><\/span><\/span><\/span> Informes y respuesta<\/strong>: Esboza los requisitos que deben cumplir las entidades cr\u00edticas para notificar incidentes y mantener las operaciones durante las interrupciones.<\/li>\n\n\n\n<li><strong>Estrategias nacionales y autoridades competentes<\/strong>: Encarga a los Estados miembros que elaboren estrategias nacionales y designen autoridades responsables de supervisar la aplicaci\u00f3n de la directiva.<\/li>\n\n\n\n<li><strong>Cooperaci\u00f3n y coordinaci\u00f3n<\/strong>: Fomenta la colaboraci\u00f3n transfronteriza y el intercambio de informaci\u00f3n para mejorar la resistencia general de las infraestructuras cr\u00edticas en toda la UE.<\/li>\n<\/ul>\n\n\n\n<p>La Directiva CER representa un importante paso adelante en los esfuerzos de la UE por salvaguardar las infraestructuras cr\u00edticas frente a una amplia gama de amenazas. Al establecer obligaciones claras tanto para los Estados miembros como para las entidades cr\u00edticas, la Directiva pretende crear un entorno m\u00e1s resistente y seguro en toda la Uni\u00f3n.<\/p>\n\n\n\n<div style=\"height:100px\" aria-hidden=\"true\" class=\"wp-block-spacer\"><\/div>\n\n\n\n<div class=\"wp-block-greenshift-blocks-row gspb_row gspb_row-id-gsbp-d224a29 gspb_row--gutter-custom-0\" id=\"gspb_row-id-gsbp-d224a29\"><div class=\"gspb_row__content\"> \n<div class=\"wp-block-greenshift-blocks-row-column gspb_row__col--6 gspb_row__col--md-12 gspb_col-id-gsbp-3f096c4\" id=\"gspb_col-id-gsbp-3f096c4\">\n<h3 id=\"gspb_heading-id-gsbp-d9024e8\" class=\"gspb_heading gspb_heading-id-gsbp-d9024e8\">Lista de control de riesgos de la cadena de suministro NIS 2<\/h3>\n\n\n\n<div id=\"gspb_text-id-gsbp-105d8e4\" class=\"gspb_text gspb_text-id-gsbp-105d8e4\">Descargue nuestra lista gratuita de comprobaci\u00f3n de riesgos en la cadena de suministro NIS2 para asegurarse de que su organizaci\u00f3n cumple las \u00faltimas normativas. <span tabindex='0' class='glossary-item-container'>ciberseguridad<span class='glossary-item-hidden-content'><span class='glossary-item-header'>Ciberseguridad<\/span> <span class='glossary-item-description'>\"ciberseguridad\": la ciberseguridad definida en el art\u00edculo 2, punto 1, del Reglamento (UE) 2019\/881; - <a href=\"https:\/\/nis2resources.eu\/es\/directive\/articulo-6\/\">Definici\u00f3n seg\u00fan el art\u00edculo 6 de la Directiva (UE) 2022\/2555 (Directiva NIS2)<\/a>\r\r\"ciberseguridad\": las actividades necesarias para proteger las redes y los sistemas de informaci\u00f3n, a los usuarios de dichos sistemas y a otras personas afectadas por las ciberamenazas; - Definici\u00f3n seg\u00fan el art\u00edculo 2, punto (1), del Reglamento (UE) 2019\/881;<\/span><\/span><\/span> normas de cumplimiento sin esfuerzo.<\/div>\n<\/div>\n\n\n\n<div class=\"wp-block-greenshift-blocks-row-column gspb_row__col--6 gspb_row__col--md-12 gspb_col-id-gsbp-a3dc620\" id=\"gspb_col-id-gsbp-a3dc620\">\n<div class=\"gspb_button_wrapper gspb_button-id-gsbp-51f288b\" id=\"gspb_button-id-gsbp-51f288b\"><a class=\"wp-block-greenshift-blocks-buttonbox gspb-buttonbox wp-element-button\" href=\"\/es\/kits-de-conformidad\/\" rel=\"noopener\"><span class=\"gspb-buttonbox-textwrap\"><span class=\"gspb-buttonbox-text\"><span class=\"gspb-buttonbox-title\">Descargar gratis<\/span><\/span><span class=\"gspb-buttonbox-icon\"><svg xmlns=\"http:\/\/www.w3.org\/2000\/svg\" style=\"width:5rem;height:5rem;margin:10px\" viewbox=\"0 0 24 24\"><path fill-rule=\"evenodd\" d=\"M24 0v22.78h-2.87V4.9L2.03 24 0 21.97l19.1-19.1H1.26V0H24Z\"><\/path><\/svg><\/span><\/span><\/a><\/div>\n<\/div>\n <\/div><\/div>","protected":false},"excerpt":{"rendered":"<p>The CER Directive is structured to provide a comprehensive framework for enhancing the resilience of critical entities within the EU. It is organized into several key sections that outline the directive\u2019s objectives, the scope of application, specific obligations for member states and critical entities, and mechanisms for cooperation and enforcement. The structure includes: Structure and [&hellip;]<\/p>\n","protected":false},"author":1,"featured_media":0,"parent":0,"menu_order":0,"comment_status":"closed","ping_status":"closed","template":"","meta":{"_gspb_post_css":"#gspb_row-id-gsbp-90dd5fd{justify-content:space-between;margin-top:0;display:flex;flex-wrap:wrap;margin-bottom:120px;padding:0 80px}#gspb_row-id-gsbp-90dd5fd>.gspb_row__content{display:flex;justify-content:space-between;margin:0 auto;width:100%;flex-wrap:wrap}div[id^=gspb_col-id]{box-sizing:border-box;position:relative;padding:15px min(3vw,20px)}@media (max-width:991.98px){#gspb_row-id-gsbp-90dd5fd>.gspb_row__content{row-gap:30px}}body.gspb-bodyfront #gspb_row-id-gsbp-90dd5fd>.gspb_row__content{width:var(--theme-container-width, 1200px);max-width:var(--theme-normal-container-max-width, 1200px)}@media (max-width:991.98px){#gspb_row-id-gsbp-90dd5fd{margin-bottom:80px;padding-right:50px;padding-left:50px}}@media (max-width:575.98px){#gspb_row-id-gsbp-90dd5fd{margin-bottom:60px;padding-right:35px;padding-left:35px}}#gspb_row-id-gsbp-90dd5fd{background-color:var(--wp--preset--color--palette-color-7, var(--theme-palette-color-7, #F7FAFD))}#gspb_row-id-gsbp-90dd5fd,#gspb_row-id-gsbp-90dd5fd>.gspb_backgroundOverlay{border-top-left-radius:40px;border-top-right-radius:40px;border-bottom-right-radius:40px;border-bottom-left-radius:40px}#gspb_col-id-gsbp-d560c25.gspb_row__col--4{width:calc(33.333333333333336% - 5px)}@media (max-width:991.98px){#gspb_col-id-gsbp-d560c25.gspb_row__col--4{width:100%}}@media (max-width:767.98px){#gspb_col-id-gsbp-d560c25.gspb_row__col--4{width:calc(100% - 5px)}}@media (max-width:575.98px){#gspb_col-id-gsbp-d560c25.gspb_row__col--4{width:100%}}@media (min-width:992px){body.gspb-bodyfront #gspb_col-id-gsbp-d560c25.gspb_row__col--4{width:calc(100% - 0px - 5px)}}.gspb_row #gspb_col-id-gsbp-d560c25.gspb_row__col--4{padding:70px 0}@media (max-width:991.98px){.gspb_row #gspb_col-id-gsbp-d560c25.gspb_row__col--4{padding-top:50px;padding-bottom:0}}@media (max-width:575.98px){.gspb_row #gspb_col-id-gsbp-d560c25.gspb_row__col--4{padding-bottom:0}}body #gspb_col-id-gsbp-d560c25.gspb_row__col--4{display:flex;flex-direction:column;justify-content:center}@media (max-width:991.98px){body #gspb_col-id-gsbp-d560c25.gspb_row__col--4{align-items:center}}#gspb_heading-id-gsbp-2ffee04{font-size:50px}@media (max-width:991.98px){#gspb_heading-id-gsbp-2ffee04{font-size:35px}}@media (max-width:575.98px){#gspb_heading-id-gsbp-2ffee04{font-size:30px}}@media (max-width:991.98px){#gspb_heading-id-gsbp-2ffee04,#gspb_heading-id-gsbp-2ffee04 .gsap-g-line{text-align:center!important}}#gspb_heading-id-gsbp-2ffee04{font-weight:800!important;margin-top:0;margin-bottom:10px}@media (max-width:991.98px){.gspb_text-id-gsbp-e310166,.gspb_text-id-gsbp-e310166 .gsap-g-line{text-align:center!important}}.gspb_text-id-gsbp-e310166{margin-bottom:40px!important}#gspb_button-id-gsbp-017e9fc{display:flex;justify-content:flex-start}#gspb_button-id-gsbp-017e9fc .gspb-buttonbox-text{display:flex;flex-direction:column}#gspb_button-id-gsbp-017e9fc>.gspb-buttonbox{box-sizing:border-box}#gspb_button-id-gsbp-017e9fc>.gspb-buttonbox>.gspb-buttonbox-textwrap>.gspb-buttonbox-icon,#gspb_button-id-gsbp-51f288b>.gspb-buttonbox>.gspb-buttonbox-textwrap>.gspb-buttonbox-icon{display:flex}#gspb_button-id-gsbp-017e9fc>.gspb-buttonbox>.gspb-buttonbox-textwrap{display:flex;flex-direction:row;align-items:center}#gspb_button-id-gsbp-017e9fc .gspb-buttonbox-icon{margin-left:13px}#gspb_row-id-gsbp-d224a29{justify-content:space-between;margin-top:0;margin-bottom:0;display:flex;flex-wrap:wrap;align-content:center;padding:60px}#gspb_row-id-gsbp-d224a29>.gspb_row__content{display:flex;justify-content:space-between;margin:0 auto;width:100%;flex-wrap:wrap}.gspb_row{position:relative}@media (max-width:991.98px){#gspb_row-id-gsbp-d224a29>.gspb_row__content{row-gap:40px}}#gspb_row-id-gsbp-d224a29>.gspb_row__content{align-items:center}body.gspb-bodyfront #gspb_row-id-gsbp-d224a29>.gspb_row__content{width:var(--theme-container-width, 1200px);max-width:var(--theme-normal-container-max-width, 1200px)}@media (max-width:991.98px){#gspb_row-id-gsbp-d224a29{padding:50px}}@media (max-width:575.98px){#gspb_row-id-gsbp-d224a29{padding:35px}}#gspb_row-id-gsbp-d224a29{background-color:var(--wp--preset--color--palette-color-2, var(--theme-palette-color-2, #24417C))}#gspb_row-id-gsbp-d224a29,#gspb_row-id-gsbp-d224a29>.gspb_backgroundOverlay{border-top-left-radius:40px;border-top-right-radius:40px;border-bottom-right-radius:40px;border-bottom-left-radius:40px}body.gspb-bodyfront #gspb_row-id-gsbp-d224a29{z-index:3}#gspb_col-id-gsbp-3f096c4.gspb_row__col--6{width:50%}@media (max-width:991.98px){#gspb_col-id-gsbp-3f096c4.gspb_row__col--6{width:100%}}@media (max-width:575.98px){#gspb_col-id-gsbp-3f096c4.gspb_row__col--6{width:100%}}.gspb_row #gspb_col-id-gsbp-3f096c4.gspb_row__col--6,.gspb_row #gspb_col-id-gsbp-a3dc620.gspb_row__col--6{padding:0}@media (max-width:991.98px){#gspb_heading-id-gsbp-d9024e8{font-size:25px;text-align:center!important}#gspb_heading-id-gsbp-d9024e8 .gsap-g-line{text-align:center!important}}#gspb_heading-id-gsbp-d9024e8{color:var(--wp--preset--color--palette-color-8, var(--theme-palette-color-8, #ffffff));margin-top:0;margin-bottom:10px}@media (max-width:991.98px){.gspb_text-id-gsbp-105d8e4,.gspb_text-id-gsbp-105d8e4 .gsap-g-line{text-align:center!important}}.gspb_text-id-gsbp-105d8e4{color:var(--wp--preset--color--palette-color-8, var(--theme-palette-color-8, #ffffff))}#gspb_col-id-gsbp-a3dc620.gspb_row__col--6{width:50%}@media (max-width:991.98px){#gspb_col-id-gsbp-a3dc620.gspb_row__col--6{width:100%}}@media (max-width:575.98px){#gspb_col-id-gsbp-a3dc620.gspb_row__col--6{width:100%}}#gspb_button-id-gsbp-51f288b{display:flex;justify-content:flex-end}#gspb_button-id-gsbp-51f288b .gspb-buttonbox-text{display:flex;flex-direction:column}#gspb_button-id-gsbp-51f288b>.gspb-buttonbox{box-sizing:border-box}#gspb_button-id-gsbp-017e9fc>.gspb-buttonbox .gspb-buttonbox-icon svg,#gspb_button-id-gsbp-51f288b>.gspb-buttonbox .gspb-buttonbox-icon svg{height:13px!important;width:13px!important;min-width:13px!important;fill:currentColor!important;margin:0!important}#gspb_button-id-gsbp-017e9fc>.gspb-buttonbox .gspb-buttonbox-icon svg path,#gspb_button-id-gsbp-51f288b>.gspb-buttonbox .gspb-buttonbox-icon svg path{fill:currentColor!important}#gspb_button-id-gsbp-51f288b>.gspb-buttonbox>.gspb-buttonbox-textwrap{display:flex;flex-direction:row;align-items:center}#gspb_button-id-gsbp-51f288b .gspb-buttonbox-icon{margin-left:13px}@media (max-width:991.98px){#gspb_button-id-gsbp-51f288b{justify-content:center}}#gspb_button-id-gsbp-51f288b>.gspb-buttonbox{background-color:var(--wp--preset--color--palette-color-8, var(--theme-palette-color-8, #ffffff));color:var(--wp--preset--color--palette-color-2, var(--theme-palette-color-2, #24417C))}#gspb_button-id-gsbp-51f288b>.gspb-buttonbox:hover{background-color:var(--wp--preset--color--palette-color-9, var(--theme-palette-color-9, #FFE8DA))!important}","footnotes":""},"class_list":["post-963","page","type-page","status-publish","hentry"],"blocksy_meta":{"has_hero_section":"disabled","vertical_spacing_source":"custom","content_area_spacing":"none","styles_descriptor":{"styles":{"desktop":"","tablet":"","mobile":""},"google_fonts":[],"version":6},"page_structure_type":"type-2"},"_links":{"self":[{"href":"https:\/\/nis2resources.eu\/es\/wp-json\/wp\/v2\/pages\/963","targetHints":{"allow":["GET"]}}],"collection":[{"href":"https:\/\/nis2resources.eu\/es\/wp-json\/wp\/v2\/pages"}],"about":[{"href":"https:\/\/nis2resources.eu\/es\/wp-json\/wp\/v2\/types\/page"}],"author":[{"embeddable":true,"href":"https:\/\/nis2resources.eu\/es\/wp-json\/wp\/v2\/users\/1"}],"replies":[{"embeddable":true,"href":"https:\/\/nis2resources.eu\/es\/wp-json\/wp\/v2\/comments?post=963"}],"version-history":[{"count":0,"href":"https:\/\/nis2resources.eu\/es\/wp-json\/wp\/v2\/pages\/963\/revisions"}],"wp:attachment":[{"href":"https:\/\/nis2resources.eu\/es\/wp-json\/wp\/v2\/media?parent=963"}],"curies":[{"name":"wp","href":"https:\/\/api.w.org\/{rel}","templated":true}]}}