{"id":827,"date":"2024-01-29T16:47:57","date_gmt":"2024-01-29T16:47:57","guid":{"rendered":"https:\/\/nis2resources.eu\/?page_id=827"},"modified":"2024-08-09T09:17:21","modified_gmt":"2024-08-09T09:17:21","slug":"articulo-22","status":"publish","type":"page","link":"https:\/\/nis2resources.eu\/es\/directive-2022-2555-nis2\/article-22\/","title":{"rendered":"Art\u00edculo 22, Evaluaciones coordinadas a nivel de la Uni\u00f3n de los riesgos para la seguridad de las cadenas de suministro cr\u00edticas"},"content":{"rendered":"<p>1. El Grupo de Cooperaci\u00f3n, en cooperaci\u00f3n con la Comisi\u00f3n y la ENISA, podr\u00e1 llevar a cabo actividades coordinadas de seguridad <span tabindex='0' class='glossary-item-container'>riesgo<span class='glossary-item-hidden-content'><span class='glossary-item-header'>Riesgo<\/span> <span class='glossary-item-description'>Se refiere al potencial de p\u00e9rdida o perturbaci\u00f3n causado por un incidente y debe expresarse como una combinaci\u00f3n de la magnitud de dicha p\u00e9rdida o perturbaci\u00f3n y la probabilidad de que se produzca el incidente. <a href=\"https:\/\/nis2resources.eu\/es\/directive\/articulo-6\/\">Definici\u00f3n seg\u00fan el art\u00edculo 6 de la Directiva (UE) 2022\/2555 (Directiva NIS2)<\/a><\/span><\/span><\/span> evaluaciones de servicios de TIC cr\u00edticos espec\u00edficos, sistemas de TIC o cadenas de suministro de productos de TIC, teniendo en cuenta factores de riesgo t\u00e9cnicos y, en su caso, no t\u00e9cnicos.<\/p>\n\n\n\n<p>2. La Comisi\u00f3n, previa consulta al Grupo de Cooperaci\u00f3n y a la ENISA y, en caso necesario, a las partes interesadas pertinentes, determinar\u00e1 los servicios de TIC, sistemas de TIC o productos de TIC cr\u00edticos espec\u00edficos que pueden ser objeto de la evaluaci\u00f3n coordinada de riesgos para la seguridad a que se refiere el apartado 1.<\/p>\n\n\n\n<p><\/p>","protected":false},"excerpt":{"rendered":"<p>1. The Cooperation Group, in cooperation with the Commission and ENISA, may carry out coordinated security riskRisk Means the potential for loss or disruption caused by an incident and is to be expressed as a combination of the magnitude of such loss or disruption and the likelihood of occurrence of the incident. &#8211; Definition according [&hellip;]<\/p>\n","protected":false},"author":1,"featured_media":0,"parent":592,"menu_order":22,"comment_status":"closed","ping_status":"closed","template":"","meta":{"_gspb_post_css":".gspb_container-id-gsbp-318027b{flex-direction:column;box-sizing:border-box}#gspb_container-id-gsbp-318027b.gspb_container>p:last-of-type{margin-bottom:0}.gspb_container{position:relative}#gspb_container-id-gsbp-318027b.gspb_container{background-color:var(--wp--preset--color--palette-color-7, var(--theme-palette-color-7, #F7FAFD));height:100px}","footnotes":""},"class_list":["post-827","page","type-page","status-publish","hentry"],"blocksy_meta":{"has_hero_section":"enabled","styles_descriptor":{"styles":{"desktop":"[data-prefix=\"single_page\"] .entry-header .page-title {--theme-font-size:30px;} [data-prefix=\"single_page\"] .entry-header .entry-meta {--theme-font-weight:600;--theme-text-transform:uppercase;--theme-font-size:12px;--theme-line-height:1.3;}","tablet":"","mobile":""},"google_fonts":[],"version":6},"vertical_spacing_source":"custom","content_area_spacing":"none","page_structure_type":"type-2","hero_elements":[{"id":"custom_title","enabled":true,"heading_tag":"h1","title":"Inicio","__id":"396NmX_C_T7NwNo7f6x0s"},{"id":"custom_description","enabled":true,"description_visibility":{"desktop":true,"tablet":true,"mobile":false},"__id":"vpGlXJ0HtQOwIExloPWB7"},{"id":"custom_meta","enabled":false,"meta_elements":[{"id":"author","enabled":true,"label":"By","has_author_avatar":"yes","avatar_size":25},{"id":"post_date","enabled":true,"label":"On","date_format_source":"default","date_format":"M j, Y"},{"id":"updated_date","enabled":false,"label":"On","date_format_source":"default","date_format":"M j, Y"},{"id":"categories","enabled":false,"label":"In","style":"simple"},{"id":"comments","enabled":true}],"page_meta_elements":{"joined":true,"articles_count":true,"comments":true},"__id":"V_vGBmFq-45m2KxvvaDGy"},{"id":"breadcrumbs","enabled":true,"__id":"nzdAWiz0zgZmqWxYsygsB"},{"id":"content-block","enabled":false,"__id":"OEGW3NQM24xJ9NFtYj-fF"}]},"_links":{"self":[{"href":"https:\/\/nis2resources.eu\/es\/wp-json\/wp\/v2\/pages\/827","targetHints":{"allow":["GET"]}}],"collection":[{"href":"https:\/\/nis2resources.eu\/es\/wp-json\/wp\/v2\/pages"}],"about":[{"href":"https:\/\/nis2resources.eu\/es\/wp-json\/wp\/v2\/types\/page"}],"author":[{"embeddable":true,"href":"https:\/\/nis2resources.eu\/es\/wp-json\/wp\/v2\/users\/1"}],"replies":[{"embeddable":true,"href":"https:\/\/nis2resources.eu\/es\/wp-json\/wp\/v2\/comments?post=827"}],"version-history":[{"count":0,"href":"https:\/\/nis2resources.eu\/es\/wp-json\/wp\/v2\/pages\/827\/revisions"}],"up":[{"embeddable":true,"href":"https:\/\/nis2resources.eu\/es\/wp-json\/wp\/v2\/pages\/592"}],"wp:attachment":[{"href":"https:\/\/nis2resources.eu\/es\/wp-json\/wp\/v2\/media?parent=827"}],"curies":[{"name":"wp","href":"https:\/\/api.w.org\/{rel}","templated":true}]}}