{"id":793,"date":"2024-01-29T16:47:57","date_gmt":"2024-01-29T16:47:57","guid":{"rendered":"https:\/\/nis2resources.eu\/?page_id=793"},"modified":"2024-08-09T09:02:40","modified_gmt":"2024-08-09T09:02:40","slug":"articulo-16","status":"publish","type":"page","link":"https:\/\/nis2resources.eu\/es\/directive-2022-2555-nis2\/article-16\/","title":{"rendered":"Art\u00edculo 16, Red europea de organizaciones de enlace para crisis cibern\u00e9ticas (EU-CyCLONe)"},"content":{"rendered":"<p>1. EU-CyCLONe se crea para apoyar la gesti\u00f3n coordinada de proyectos a gran escala. <span tabindex='0' class='glossary-item-container'>ciberseguridad<span class='glossary-item-hidden-content'><span class='glossary-item-header'>Ciberseguridad<\/span> <span class='glossary-item-description'>\"ciberseguridad\": la ciberseguridad definida en el art\u00edculo 2, punto 1, del Reglamento (UE) 2019\/881; - <a href=\"https:\/\/nis2resources.eu\/es\/directive\/articulo-6\/\">Definici\u00f3n seg\u00fan el art\u00edculo 6 de la Directiva (UE) 2022\/2555 (Directiva NIS2)<\/a>\r\r\"ciberseguridad\": las actividades necesarias para proteger las redes y los sistemas de informaci\u00f3n, a los usuarios de dichos sistemas y a otras personas afectadas por las ciberamenazas; - Definici\u00f3n seg\u00fan el art\u00edculo 2, punto (1), del Reglamento (UE) 2019\/881;<\/span><\/span><\/span> incidentes y crisis a nivel operativo y garantizar el intercambio peri\u00f3dico de informaci\u00f3n pertinente entre los Estados miembros y las instituciones, \u00f3rganos y organismos de la Uni\u00f3n.<\/p>\n\n\n\n<p>2. El EU-CyCLONe estar\u00e1 compuesto por representantes de las autoridades de gesti\u00f3n de crisis cibern\u00e9ticas de los Estados miembros, as\u00ed como, en los casos en que se produzca o pueda producirse una crisis cibern\u00e9tica, por representantes de las autoridades de gesti\u00f3n de crisis cibern\u00e9ticas de los Estados miembros. <span tabindex='0' class='glossary-item-container'>incidente de ciberseguridad a gran escala<span class='glossary-item-hidden-content'><span class='glossary-item-header'>Incidente de ciberseguridad a gran escala<\/span> <span class='glossary-item-description'>Incidente que causa un nivel de perturbaci\u00f3n que supera la capacidad de respuesta de un Estado miembro o que tiene un impacto significativo en al menos dos Estados miembros. <a href=\"https:\/\/nis2resources.eu\/es\/directive\/articulo-6\/\">Definici\u00f3n seg\u00fan el art\u00edculo 6 de la Directiva (UE) 2022\/2555 (Directiva NIS2)<\/a><\/span><\/span><\/span> tenga o pueda tener un impacto significativo en los servicios y actividades incluidos en el \u00e1mbito de aplicaci\u00f3n de la presente Directiva, la Comisi\u00f3n. En los dem\u00e1s casos, la Comisi\u00f3n participar\u00e1 en las actividades de EU-CyCLONe en calidad de observadora.<\/p>\n\n\n\n<p>La ENISA asumir\u00e1 la secretar\u00eda de EU-CyCLONe y apoyar\u00e1 el intercambio seguro de informaci\u00f3n, adem\u00e1s de proporcionar las herramientas necesarias para apoyar la cooperaci\u00f3n entre los Estados miembros garantizando un intercambio seguro de informaci\u00f3n.<\/p>\n\n\n\n<p>Cuando proceda, EU-CyCLONe podr\u00e1 invitar a representantes de las partes interesadas a participar en sus trabajos en calidad de observadores.<\/p>\n\n\n\n<p>3. EU-CyCLONe tendr\u00e1 las siguientes funciones:<\/p>\n\n\n\n<p>(a) aumentar el nivel de preparaci\u00f3n de la gesti\u00f3n de incidentes y crisis de ciberseguridad a gran escala;<\/p>\n\n\n\n<p>(b) desarrollar un conocimiento compartido de la situaci\u00f3n en caso de incidentes y crisis de ciberseguridad a gran escala;<\/p>\n\n\n\n<p>(c) evaluar las consecuencias y el impacto de los incidentes y crisis de ciberseguridad a gran escala pertinentes y proponer posibles medidas paliativas;<\/p>\n\n\n\n<p>(d) coordinar la gesti\u00f3n de incidentes y crisis de ciberseguridad a gran escala y apoyar la toma de decisiones a nivel pol\u00edtico en relaci\u00f3n con dichos incidentes y crisis;<\/p>\n\n\n\n<p>(e) debatir, a petici\u00f3n de un Estado miembro interesado, los planes nacionales de respuesta a incidentes y crisis de ciberseguridad a gran escala a que se refiere el art\u00edculo 9, apartado 4.<\/p>\n\n\n\n<p>4. EU-CyCLONe aprobar\u00e1 su reglamento interno.<\/p>\n\n\n\n<p>5. EU-CyCLONe informar\u00e1 peri\u00f3dicamente al Grupo de Cooperaci\u00f3n sobre la gesti\u00f3n de incidentes y crisis de ciberseguridad a gran escala, as\u00ed como sobre las tendencias, centr\u00e1ndose en particular en su impacto en entidades esenciales e importantes.<\/p>\n\n\n\n<p>6. EU-CyCLONe cooperar\u00e1 con la red de CSIRT sobre la base de los acuerdos de procedimiento previstos en el art\u00edculo 15, apartado 6.<\/p>\n\n\n\n<p>7. A m\u00e1s tardar el 17 de julio de 2024 y posteriormente cada 18 meses, EU-CyCLONe presentar\u00e1 al Parlamento Europeo y al Consejo un informe de evaluaci\u00f3n de sus trabajos.<\/p>\n\n\n\n<p><\/p>","protected":false},"excerpt":{"rendered":"<p>1. EU-CyCLONe is established to support the coordinated management of large-scale cybersecurityCybersecurity \u2018cybersecurity\u2019 means cybersecurity as defined in Article 2, point (1), of Regulation (EU) 2019\/881; &#8211; Definition according Article 6 Directive (EU) 2022\/2555 (NIS2 Directive) &#8216;cybersecurity\u2019 means the activities necessary to protect network and information systems, the users of such systems, and other persons [&hellip;]<\/p>\n","protected":false},"author":1,"featured_media":0,"parent":592,"menu_order":16,"comment_status":"closed","ping_status":"closed","template":"","meta":{"_gspb_post_css":".gspb_container-id-gsbp-318027b{flex-direction:column;box-sizing:border-box}#gspb_container-id-gsbp-318027b.gspb_container>p:last-of-type{margin-bottom:0}.gspb_container{position:relative}#gspb_container-id-gsbp-318027b.gspb_container{background-color:var(--wp--preset--color--palette-color-7, var(--theme-palette-color-7, #F7FAFD));height:100px}","footnotes":""},"class_list":["post-793","page","type-page","status-publish","hentry"],"blocksy_meta":{"has_hero_section":"enabled","styles_descriptor":{"styles":{"desktop":"[data-prefix=\"single_page\"] .entry-header .page-title {--theme-font-size:30px;} [data-prefix=\"single_page\"] .entry-header .entry-meta {--theme-font-weight:600;--theme-text-transform:uppercase;--theme-font-size:12px;--theme-line-height:1.3;}","tablet":"","mobile":""},"google_fonts":[],"version":6},"vertical_spacing_source":"custom","content_area_spacing":"none","page_structure_type":"type-2","hero_elements":[{"id":"custom_title","enabled":true,"heading_tag":"h1","title":"Inicio","__id":"396NmX_C_T7NwNo7f6x0s"},{"id":"custom_description","enabled":true,"description_visibility":{"desktop":true,"tablet":true,"mobile":false},"__id":"vpGlXJ0HtQOwIExloPWB7"},{"id":"custom_meta","enabled":false,"meta_elements":[{"id":"author","enabled":true,"label":"By","has_author_avatar":"yes","avatar_size":25},{"id":"post_date","enabled":true,"label":"On","date_format_source":"default","date_format":"M j, Y"},{"id":"updated_date","enabled":false,"label":"On","date_format_source":"default","date_format":"M j, Y"},{"id":"categories","enabled":false,"label":"In","style":"simple"},{"id":"comments","enabled":true}],"page_meta_elements":{"joined":true,"articles_count":true,"comments":true},"__id":"V_vGBmFq-45m2KxvvaDGy"},{"id":"breadcrumbs","enabled":true,"__id":"nzdAWiz0zgZmqWxYsygsB"},{"id":"content-block","enabled":false,"__id":"OEGW3NQM24xJ9NFtYj-fF"}]},"_links":{"self":[{"href":"https:\/\/nis2resources.eu\/es\/wp-json\/wp\/v2\/pages\/793","targetHints":{"allow":["GET"]}}],"collection":[{"href":"https:\/\/nis2resources.eu\/es\/wp-json\/wp\/v2\/pages"}],"about":[{"href":"https:\/\/nis2resources.eu\/es\/wp-json\/wp\/v2\/types\/page"}],"author":[{"embeddable":true,"href":"https:\/\/nis2resources.eu\/es\/wp-json\/wp\/v2\/users\/1"}],"replies":[{"embeddable":true,"href":"https:\/\/nis2resources.eu\/es\/wp-json\/wp\/v2\/comments?post=793"}],"version-history":[{"count":0,"href":"https:\/\/nis2resources.eu\/es\/wp-json\/wp\/v2\/pages\/793\/revisions"}],"up":[{"embeddable":true,"href":"https:\/\/nis2resources.eu\/es\/wp-json\/wp\/v2\/pages\/592"}],"wp:attachment":[{"href":"https:\/\/nis2resources.eu\/es\/wp-json\/wp\/v2\/media?parent=793"}],"curies":[{"name":"wp","href":"https:\/\/api.w.org\/{rel}","templated":true}]}}