{"id":728,"date":"2024-01-29T16:47:57","date_gmt":"2024-01-29T16:47:57","guid":{"rendered":"https:\/\/nis2resources.eu\/?page_id=728"},"modified":"2024-08-09T07:41:36","modified_gmt":"2024-08-09T07:41:36","slug":"articulo-9","status":"publish","type":"page","link":"https:\/\/nis2resources.eu\/es\/directive-2022-2555-nis2\/article-9\/","title":{"rendered":"Art\u00edculo 9, Marcos nacionales de gesti\u00f3n de crisis cibern\u00e9ticas"},"content":{"rendered":"<p>1. Cada Estado miembro designar\u00e1 o crear\u00e1 una o varias autoridades competentes responsables de la gesti\u00f3n de las operaciones a gran escala. <span tabindex='0' class='glossary-item-container'>ciberseguridad<span class='glossary-item-hidden-content'><span class='glossary-item-header'>Ciberseguridad<\/span> <span class='glossary-item-description'>\"ciberseguridad\": la ciberseguridad definida en el art\u00edculo 2, punto 1, del Reglamento (UE) 2019\/881; - <a href=\"https:\/\/nis2resources.eu\/es\/directive\/articulo-6\/\">Definici\u00f3n seg\u00fan el art\u00edculo 6 de la Directiva (UE) 2022\/2555 (Directiva NIS2)<\/a>\r\r\"ciberseguridad\": las actividades necesarias para proteger las redes y los sistemas de informaci\u00f3n, a los usuarios de dichos sistemas y a otras personas afectadas por las ciberamenazas; - Definici\u00f3n seg\u00fan el art\u00edculo 2, punto (1), del Reglamento (UE) 2019\/881;<\/span><\/span><\/span> incidentes y crisis (autoridades de gesti\u00f3n de crisis cibern\u00e9ticas). Los Estados miembros velar\u00e1n por que dichas autoridades dispongan de los recursos adecuados para llevar a cabo, de manera eficaz y eficiente, las tareas que se les asignen. Los Estados miembros garantizar\u00e1n la coherencia con los marcos existentes para la gesti\u00f3n general de las crisis nacionales.<\/p>\n\n\n\n<p>2. Cuando un Estado miembro designe o establezca m\u00e1s de una autoridad de gesti\u00f3n de crisis cibern\u00e9ticas de conformidad con el apartado 1, indicar\u00e1 claramente cu\u00e1l de ellas actuar\u00e1 como coordinadora de la gesti\u00f3n de incidentes y crisis de ciberseguridad a gran escala.<\/p>\n\n\n\n<p>3. Cada Estado miembro determinar\u00e1 las capacidades, los medios y los procedimientos que puedan desplegarse en caso de crisis a efectos de la presente Directiva.<\/p>\n\n\n\n<p>4. Cada Estado miembro adoptar\u00e1 un <span tabindex='0' class='glossary-item-container'>incidente de ciberseguridad a gran escala<span class='glossary-item-hidden-content'><span class='glossary-item-header'>Incidente de ciberseguridad a gran escala<\/span> <span class='glossary-item-description'>Incidente que causa un nivel de perturbaci\u00f3n que supera la capacidad de respuesta de un Estado miembro o que tiene un impacto significativo en al menos dos Estados miembros. <a href=\"https:\/\/nis2resources.eu\/es\/directive\/articulo-6\/\">Definici\u00f3n seg\u00fan el art\u00edculo 6 de la Directiva (UE) 2022\/2555 (Directiva NIS2)<\/a><\/span><\/span><\/span> un plan de respuesta a incidentes y crisis en el que se establezcan los objetivos y las disposiciones para la gesti\u00f3n de incidentes y crisis de ciberseguridad a gran escala. Dicho plan establecer\u00e1, en particular<\/p>\n\n\n\n<p>(a) los objetivos de las medidas y actividades nacionales de preparaci\u00f3n;<\/p>\n\n\n\n<p>(b) las tareas y responsabilidades de las autoridades de gesti\u00f3n de crisis cibern\u00e9ticas;<\/p>\n\n\n\n<p>(c) los procedimientos de gesti\u00f3n de crisis cibern\u00e9ticas, incluida su integraci\u00f3n en el marco general nacional de gesti\u00f3n de crisis y los canales de intercambio de informaci\u00f3n;<\/p>\n\n\n\n<p>(d) medidas nacionales de preparaci\u00f3n, incluidos ejercicios y actividades de formaci\u00f3n;<\/p>\n\n\n\n<p>(e) las partes interesadas y las infraestructuras p\u00fablicas y privadas implicadas;<\/p>\n\n\n\n<p>(f) procedimientos y acuerdos nacionales entre las autoridades y organismos nacionales pertinentes para garantizar la participaci\u00f3n efectiva del Estado miembro en la gesti\u00f3n coordinada de incidentes y crisis de ciberseguridad a gran escala a escala de la Uni\u00f3n y su apoyo a la misma.<\/p>\n\n\n\n<p>5. En un plazo de tres meses a partir de la designaci\u00f3n o el establecimiento de la autoridad de gesti\u00f3n de crisis cibern\u00e9ticas a que se refiere el apartado 1, cada Estado miembro notificar\u00e1 a la Comisi\u00f3n la identidad de su autoridad y cualquier cambio posterior al respecto. 5. Los Estados miembros presentar\u00e1n a la Comisi\u00f3n y a la Red europea de organizaciones de enlace en caso de cibercrisis (EU-CyCLONe) la informaci\u00f3n pertinente relativa a los requisitos del apartado 4 sobre sus planes nacionales de respuesta a incidentes y crisis de ciberseguridad a gran escala en un plazo de tres meses a partir de la adopci\u00f3n de dichos planes. Los Estados miembros podr\u00e1n excluir la informaci\u00f3n cuando y en la medida en que dicha exclusi\u00f3n sea necesaria para su seguridad nacional.<\/p>","protected":false},"excerpt":{"rendered":"<p>1. Each Member State shall designate or establish one or more competent authorities responsible for the management of large-scale cybersecurityCybersecurity \u2018cybersecurity\u2019 means cybersecurity as defined in Article 2, point (1), of Regulation (EU) 2019\/881; &#8211; Definition according Article 6 Directive (EU) 2022\/2555 (NIS2 Directive) &#8216;cybersecurity\u2019 means the activities necessary to protect network and information systems, [&hellip;]<\/p>\n","protected":false},"author":1,"featured_media":0,"parent":592,"menu_order":9,"comment_status":"closed","ping_status":"closed","template":"","meta":{"_gspb_post_css":".gspb_container-id-gsbp-318027b{flex-direction:column;box-sizing:border-box}#gspb_container-id-gsbp-318027b.gspb_container>p:last-of-type{margin-bottom:0}.gspb_container{position:relative}#gspb_container-id-gsbp-318027b.gspb_container{background-color:var(--wp--preset--color--palette-color-7, var(--theme-palette-color-7, #F7FAFD));height:100px}","footnotes":""},"class_list":["post-728","page","type-page","status-publish","hentry"],"blocksy_meta":{"has_hero_section":"enabled","styles_descriptor":{"styles":{"desktop":"[data-prefix=\"single_page\"] .entry-header .page-title {--theme-font-size:30px;} [data-prefix=\"single_page\"] .entry-header .entry-meta {--theme-font-weight:600;--theme-text-transform:uppercase;--theme-font-size:12px;--theme-line-height:1.3;}","tablet":"","mobile":""},"google_fonts":[],"version":6},"vertical_spacing_source":"custom","content_area_spacing":"none","page_structure_type":"type-2","hero_elements":[{"id":"custom_title","enabled":true,"heading_tag":"h1","title":"Inicio","__id":"396NmX_C_T7NwNo7f6x0s"},{"id":"custom_description","enabled":true,"description_visibility":{"desktop":true,"tablet":true,"mobile":false},"__id":"vpGlXJ0HtQOwIExloPWB7"},{"id":"custom_meta","enabled":false,"meta_elements":[{"id":"author","enabled":true,"label":"By","has_author_avatar":"yes","avatar_size":25},{"id":"post_date","enabled":true,"label":"On","date_format_source":"default","date_format":"M j, Y"},{"id":"updated_date","enabled":false,"label":"On","date_format_source":"default","date_format":"M j, Y"},{"id":"categories","enabled":false,"label":"In","style":"simple"},{"id":"comments","enabled":true}],"page_meta_elements":{"joined":true,"articles_count":true,"comments":true},"__id":"V_vGBmFq-45m2KxvvaDGy"},{"id":"breadcrumbs","enabled":true,"__id":"nzdAWiz0zgZmqWxYsygsB"},{"id":"content-block","enabled":false,"__id":"OEGW3NQM24xJ9NFtYj-fF"}]},"_links":{"self":[{"href":"https:\/\/nis2resources.eu\/es\/wp-json\/wp\/v2\/pages\/728","targetHints":{"allow":["GET"]}}],"collection":[{"href":"https:\/\/nis2resources.eu\/es\/wp-json\/wp\/v2\/pages"}],"about":[{"href":"https:\/\/nis2resources.eu\/es\/wp-json\/wp\/v2\/types\/page"}],"author":[{"embeddable":true,"href":"https:\/\/nis2resources.eu\/es\/wp-json\/wp\/v2\/users\/1"}],"replies":[{"embeddable":true,"href":"https:\/\/nis2resources.eu\/es\/wp-json\/wp\/v2\/comments?post=728"}],"version-history":[{"count":0,"href":"https:\/\/nis2resources.eu\/es\/wp-json\/wp\/v2\/pages\/728\/revisions"}],"up":[{"embeddable":true,"href":"https:\/\/nis2resources.eu\/es\/wp-json\/wp\/v2\/pages\/592"}],"wp:attachment":[{"href":"https:\/\/nis2resources.eu\/es\/wp-json\/wp\/v2\/media?parent=728"}],"curies":[{"name":"wp","href":"https:\/\/api.w.org\/{rel}","templated":true}]}}