{"id":3,"date":"2024-08-01T23:10:14","date_gmt":"2024-08-01T23:10:14","guid":{"rendered":"https:\/\/nis2resources.eu\/?page_id=3"},"modified":"2024-08-17T01:10:05","modified_gmt":"2024-08-17T01:10:05","slug":"politica-de-privacidad","status":"publish","type":"page","link":"https:\/\/nis2resources.eu\/es\/privacy-policy\/","title":{"rendered":"Pol\u00edtica de privacidad"},"content":{"rendered":"<p>Las referencias a \"nosotros\", \"nuestro\" o \"nos\" en esta pol\u00edtica de privacidad y cookies (\"Pol\u00edtica de Privacidad\") se refieren a Occentus Network SL., sociedad de responsabilidad limitada constituida en Espa\u00f1a, con domicilio social en Vila de Madrid 44, ES46988 Paterna, con n\u00famero de registro y fiscal ESB97933022 que opera como <a href=\"https:\/\/edgewatch.com\" data-type=\"link\" data-id=\"https:\/\/edgewatch.com\" target=\"_blank\" rel=\"noreferrer noopener\">Edgewatch<\/a>Marca registrada en EE.UU. <strong>6083866<\/strong>UE <strong>018130597<\/strong> y Reino Unido <strong>00918130597<\/strong>. M\u00e1s informaci\u00f3n en <a href=\"https:\/\/edgewatch.com\/legal\/trademark\/\" data-type=\"link\" data-id=\"https:\/\/edgewatch.com\/legal\/trademark\/\" target=\"_blank\" rel=\"noreferrer noopener nofollow\">pol\u00edtica de marca y uso de marcas<\/a>. <\/p>\n\n\n\n<p>A efectos de la legislaci\u00f3n sobre protecci\u00f3n de datos, somos el \"Responsable del tratamiento\" en lo que respecta a la informaci\u00f3n personal recopilada a trav\u00e9s de nuestro sitio web ubicado en <a href=\"https:\/\/nis2resources.eu\/es\/\" target=\"_blank\" rel=\"noreferrer noopener\">https:\/\/nis2resources.eu\/<\/a> (\"Sitio\").<\/p>\n\n\n\n<ol class=\"wp-block-list\">\n<li>ALCANCE Recogemos determinada informaci\u00f3n a trav\u00e9s de nuestro Sitio, incluidos los productos y servicios que se ofrecen en el mismo. Esta Pol\u00edtica de Privacidad establece nuestras pol\u00edticas y procedimientos en torno a la recogida y tratamiento de cualquier dato que identifique a un usuario individual o que pueda ser utilizado para contactar o localizarle personalmente (\"Informaci\u00f3n de Identificaci\u00f3n Personal\" o \"IIP\"). Esta Pol\u00edtica de Privacidad se aplica \u00fanicamente a nuestro Sitio y a los productos y servicios proporcionados a trav\u00e9s del mismo. No se aplica a ning\u00fan sitio o servicio de terceros vinculado a nuestro Sitio o recomendado o remitido por nuestro Sitio, a trav\u00e9s de nuestros productos o servicios, o por nuestro personal. Tampoco se aplica a ning\u00fan otro sitio web, producto o servicio operado por nosotros, ni a ninguna de nuestras actividades fuera de l\u00ednea.<\/li>\n\n\n\n<li>LA IIP Y OTROS DATOS SENSIBLES QUE RECOGEMOS Recogemos autom\u00e1ticamente la siguiente IIP de los usuarios que visitan nuestro Sitio:<ul><li>Direcci\u00f3n IP<\/li><li>tipo y versi\u00f3n del navegador web<\/li><li>sistema operativo<\/li><li>una lista de URL que empiecen por un sitio de referencia, su actividad en Nuestro Sitio y el sitio al que sale<\/li><\/ul>Al crear una cuenta individual en el Sitio, es obligatorio proporcionar, y nosotros registraremos, la siguiente IIP:<ul><li>nombre<\/li><li>direcci\u00f3n de correo electr\u00f3nico<\/li><li>nombre de la empresa<\/li><li>t\u00edtulo<\/li><\/ul>Adem\u00e1s, cuando se convierta en cliente de pago, registraremos en consecuencia la siguiente IIP, relativa a la informaci\u00f3n de facturaci\u00f3n:<ul><li>Nombre<\/li><li>N\u00famero de IVA<\/li><li>Direcci\u00f3n<\/li><li>C\u00f3digo postal<\/li><li>Ciudad<\/li><li>Pa\u00eds<\/li><\/ul>Adem\u00e1s de lo anterior, recopilamos y procesamos, de forma an\u00f3nima, datos relacionados con el uso de nuestro Sitio, como las p\u00e1ginas visitadas, el tiempo empleado en cada p\u00e1gina, etc. Con el fin de prestar el servicio a nuestros clientes, nuestro producto tambi\u00e9n recoge la siguiente informaci\u00f3n:\n<ul class=\"wp-block-list\">\n<li>URL de destino y configuraci\u00f3n (incluidas las credenciales de prueba, si se han facilitado)<\/li>\n\n\n\n<li><span tabindex='0' class='glossary-item-container'>Vulnerabilidad<span class='glossary-item-hidden-content'><span class='glossary-item-header'>Vulnerabilidad<\/span> <span class='glossary-item-description'>Se refiere a una debilidad, susceptibilidad o defecto de los productos o servicios de las TIC que puede ser explotado por una ciberamenaza -. <a href=\"https:\/\/nis2resources.eu\/es\/directive\/articulo-6\/\">Definici\u00f3n seg\u00fan el art\u00edculo 6 de la Directiva (UE) 2022\/2555 (Directiva NIS2)<\/a><\/span><\/span><\/span> detalles, incluidas las solicitudes\/respuestas para cada vulnerabilidad detectada<\/li>\n\n\n\n<li>Registros de productos, incluidas las URL probadas y las solicitudes completas (temporalmente, hasta 60 d\u00edas)<\/li>\n<\/ul>\n<\/li>\n\n\n\n<li>NUESTRO USO DE LOS DATOS PERSONALES Todos los datos personales se almacenan de forma segura de acuerdo con el Reglamento General de Protecci\u00f3n de Datos de la UE (Reglamento (UE) 2016\/679) (GDPR). Para obtener m\u00e1s detalles sobre la seguridad, consulte la secci\u00f3n 6, a continuaci\u00f3n. Utilizamos su IIP para personalizar su experiencia en nuestro sitio, para crear su cuenta, para comunicarnos con usted sobre los productos y servicios que ofrecemos, para proporcionarle noticias y para la facturaci\u00f3n. Tambi\u00e9n utilizamos esa informaci\u00f3n en la medida necesaria para hacer cumplir las condiciones de uso de nuestro sitio y para evitar da\u00f1os inminentes a personas o bienes. Somos los propietarios de los datos an\u00f3nimos relacionados con el uso de nuestro Sitio y podemos utilizar dichos datos an\u00f3nimos con fines estad\u00edsticos o comerciales. En virtud del GDPR, nos aseguraremos de que sus datos personales se procesen de forma legal, justa y transparente, sin que ello afecte negativamente a sus derechos. S\u00f3lo procesaremos sus datos personales si se aplica al menos una de las siguientes bases:\n<ul class=\"wp-block-list\">\n<li>ha dado su consentimiento al tratamiento de sus datos personales para uno o varios fines espec\u00edficos;<\/li>\n\n\n\n<li>el tratamiento es necesario para la ejecuci\u00f3n de un contrato en el que usted es parte o para tomar medidas a petici\u00f3n suya antes de celebrar un contrato;<\/li>\n\n\n\n<li>el tratamiento es necesario para el cumplimiento de una obligaci\u00f3n legal a la que estamos sujetos;<\/li>\n\n\n\n<li>el tratamiento es necesario para proteger sus intereses vitales o los de otra persona f\u00edsica;<\/li>\n\n\n\n<li>el tratamiento es necesario para el cumplimiento de una misi\u00f3n de inter\u00e9s p\u00fablico o en el ejercicio de poderes p\u00fablicos conferidos al responsable del tratamiento.<\/li>\n<\/ul>\n<\/li>\n\n\n\n<li>LAS COOKIES QUE RECOGEMOS Y EL USO QUE LES DAMOS Una cookie es una peque\u00f1a cantidad de datos, que a menudo incluye un identificador \u00fanico que se env\u00eda al navegador de su ordenador o tel\u00e9fono m\u00f3vil (denominado aqu\u00ed \"Dispositivo\") desde el ordenador de un sitio web. Se almacena en el disco duro de su Dispositivo. Cada sitio web puede enviar sus propias cookies a su navegador si las preferencias de \u00e9ste lo permiten, pero para proteger su privacidad su navegador s\u00f3lo permite que un sitio web acceda a las cookies que ya le ha enviado, no a las cookies que le env\u00edan otros sitios. Las cookies nos proporcionan datos de uso, como la frecuencia de sus visitas, los lugares del sitio que visita y lo que hace. Utilizamos cookies para que nuestro Sitio pueda recordarle y ofrecerle la informaci\u00f3n que probablemente necesite, y tambi\u00e9n para recopilar informaci\u00f3n estad\u00edstica an\u00f3nima. Tenga en cuenta que recopilamos cierta informaci\u00f3n de todos los usuarios, incluidos los visitantes de la web que simplemente navegan por nuestro sitio. Tambi\u00e9n podemos utilizar cookies de terceros (por ejemplo, Google AdSense y DoubleClick) y balizas web en nuestro sitio para ofrecerle publicidad en sitios de terceros. Tambi\u00e9n podemos utilizar la informaci\u00f3n de las cookies para saber cu\u00e1ndo regresa a nuestro Sitio despu\u00e9s de visitar estos sitios de terceros. Adem\u00e1s, tambi\u00e9n podemos utilizar servicios de an\u00e1lisis (como Google Analytics, Optimizely, New Relic y otros) para ayudar a analizar c\u00f3mo los usuarios utilizan el Sitio. Es posible excluirse del uso de cookies con fines publicitarios visitando <a href=\"https:\/\/tools.google.com\/dlpage\/gaoptout\/\" target=\"_blank\" rel=\"noreferrer noopener\">https:\/\/tools.google.com\/dlpage\/gaoptout\/<\/a>. Al igual que las cookies, tambi\u00e9n podemos utilizar \"balizas web\". Las balizas web se utilizan como mecanismo para ayudarnos a realizar un seguimiento de sus visitas a nuestro sitio y de si abre o no nuestros correos electr\u00f3nicos. Las p\u00e1ginas de nuestro sitio y los correos electr\u00f3nicos que le enviamos pueden contener balizas web. Adem\u00e1s, podemos utilizar varios servicios de terceros que incrustan balizas web en nuestro sitio con fines de seguimiento similares. Estos servicios de terceros se utilizan para ofrecer funciones adicionales a los usuarios, como la posibilidad de compartir contenidos de nuestro sitio con su red social. En la tabla siguiente puede encontrar las cookies y balizas web que instalamos actualmente en su navegador o dispositivo, su finalidad y su vida \u00fatil m\u00e1xima:<ul><li><strong>_ga<\/strong> Utilizado por Google Analytics para distinguir a los usuarios (2 a\u00f1os)<\/li><li><strong>_gid<\/strong> Utilizado por Google Analytics para distinguir a los usuarios (1 d\u00eda)<\/li><li><strong>_gat<\/strong> Utilizado por Google Analytics para acelerar la tasa de solicitudes (1 min)<\/li><li><strong>_gcl<\/strong>* Utilizado por Google Adsense (3 mo)<\/li><li><strong>NID; DV; 1P_JAR<\/strong> Utilizado por Google para almacenar preferencias (6 mon)<\/li><li><strong>__raya_<\/strong>* Utilizado por Stripe para prevenir el fraude<\/li><\/ul>Tenga en cuenta que los usuarios tienen la posibilidad de configurar sus dispositivos para que acepten todas las cookies, para que les avisen cuando se emita una cookie o para no recibir cookies en ning\u00fan momento. Cada navegador es diferente, as\u00ed que consulte el men\u00fa \"Ayuda\" de su navegador para saber c\u00f3mo cambiar sus preferencias de cookies. Para obtener m\u00e1s informaci\u00f3n sobre las cookies, lo que hacen y c\u00f3mo gestionar la informaci\u00f3n que recopilan sobre usted y su uso del Sitio, consulte sitios informativos como <a href=\"https:\/\/www.allaboutcookies.org\" target=\"_blank\" rel=\"noreferrer noopener\">https:\/\/www.allaboutcookies.org<\/a>. Tenga en cuenta que el bloqueo de todas o algunas cookies puede afectar a la funcionalidad de nuestro Sitio. Consulte el cuadro anterior para conocer la relevancia de las cookies que utilizamos. Cuando acceda a nuestro Sitio, se le advertir\u00e1 de que utilizamos cookies y de que, si contin\u00faa utiliz\u00e1ndolo, entenderemos que acepta la instalaci\u00f3n y el uso de cookies. Si no est\u00e1 de acuerdo, bloquee las cookies en su navegador o deje de utilizar el Sitio.<\/li>\n\n\n\n<li>PROTECCI\u00d3N DE LA IIP Y OTROS DATOS SENSIBLES Como propietarios de un producto de seguridad, nos tomamos muy en serio la seguridad de la IIP. La siguiente es una lista no exhaustiva de los controles de seguridad que hemos implementado para proteger nuestra infraestructura, nuestro producto y su informaci\u00f3n personal:<ul><li>S\u00f3lo permitimos comunicaciones a nuestros servidores, que alojan nuestro producto y sitio, a trav\u00e9s de un canal seguro (HTTPS) utilizando TLS. HTTPS permite la autenticaci\u00f3n del sitio web visitado y la protecci\u00f3n de la privacidad e integridad de los datos intercambiados.<\/li><li>Toda nuestra infraestructura est\u00e1 alojada en un proveedor de nube de primer nivel, donde la seguridad se ha examinado a fondo. Utilizamos servicios gestionados suministrados por el proveedor de la nube en la mayor medida posible. Tambi\u00e9n utilizamos sus funciones y controles de seguridad para segregar y supervisar nuestras redes de servicios, para los registros de auditor\u00eda y para la gesti\u00f3n de eventos de seguridad. Los servidores de frontend, backend y base de datos utilizan redes privadas y segregadas controladas por grupos de seguridad.<\/li><li>Tambi\u00e9n seguimos las mejores pr\u00e1cticas de seguridad, incluyendo (pero no limitado a):<ul><li>Principio del menor privilegio (para acceder a nuestros sistemas y datos),<\/li><li>Cifrado de datos sensibles en reposo,<\/li><li>Refuerzo del servidor y actualizaciones de seguridad,<\/li><li>Exigir una autenticaci\u00f3n de dos factores para acceder a nuestros sistemas,<\/li><li>Explotaci\u00f3n forestal central<\/li><li>Ciclo de vida del desarrollo de software seguro, incluidas las evaluaciones peri\u00f3dicas de seguridad (manuales y mediante Edgewatch).<\/li><\/ul><\/li><\/ul>A pesar de las medidas de seguridad que tomamos, es importante recordar que la transmisi\u00f3n de datos a trav\u00e9s de Internet puede no ser completamente segura y que se le aconseja que tome las precauciones adecuadas cuando nos transmita datos a trav\u00e9s de Internet.<\/li>\n\n\n\n<li>ACCESO DE TERCEROS A SU IIP Damos o podemos dar en el futuro a ciertos contratistas independientes acceso a la IIP (\"Procesadores de Datos\"). No se contratar\u00e1 a ning\u00fan procesador de datos sin que previamente se hayan firmado contratos en los que se comprometan a proteger la IIP utilizando procedimientos razonablemente similares a los nuestros y a procesar la IIP \u00fanicamente de acuerdo con nuestras instrucciones. Tambi\u00e9n podemos revelar la IIP a abogados e inversores sujetos a restricciones de confidencialidad y a las autoridades policiales, tribunales y reguladores p\u00fablicos, siempre que as\u00ed lo exija la legislaci\u00f3n aplicable. Por \u00faltimo, podemos compartir la IIP en relaci\u00f3n con una transacci\u00f3n de todos o pr\u00e1cticamente todos nuestros activos. Para prestar los servicios, confiamos en diferentes subprocesadores de datos, que procesan diferentes categor\u00edas de datos. Los procesadores nunca almacenan datos fuera del \u00e1mbito de su finalidad espec\u00edfica. Estos subencargados del tratamiento se enumeran a continuaci\u00f3n, con una descripci\u00f3n del servicio y la ubicaci\u00f3n donde se alojan los datos. Esta lista puede ser actualizada por Edgewatch de vez en cuando:\n<ul class=\"wp-block-list\">\n<li>Stripe, Inc.\n<ul class=\"wp-block-list\">\n<li>Procesamiento de pagos<\/li>\n\n\n\n<li>EE.UU.<\/li>\n<\/ul>\n<\/li>\n\n\n\n<li>Google\n<ul class=\"wp-block-list\">\n<li>Analytics, Tag Manager, Espacio de trabajo<\/li>\n\n\n\n<li>EE.UU.<\/li>\n<\/ul>\n<\/li>\n<\/ul>\n<\/li>\n<\/ol>\n\n\n\n<ol start=\"7\" class=\"wp-block-list\">\n<li>SUS DERECHOS Antes de poder activar su cuenta, se le pedir\u00e1 que confirme que ha le\u00eddo y aceptado las Condiciones de Uso del Sitio y que ha tomado conocimiento de esta Pol\u00edtica de Privacidad. Puede acceder a cualquier IIP que almacenemos y modificarla poni\u00e9ndose en contacto con nosotros directamente en la siguiente direcci\u00f3n de correo electr\u00f3nico: <a href=\"mailto:privacy@edgewatch.com\">privacy@edgewatch.com<\/a>. El acceso y la correcci\u00f3n de su IIP son gratuitos. No obstante, usted reconoce que toda la IIP que facilite debe ser exacta y estar actualizada. Tambi\u00e9n puede oponerse, en cualquier momento y de forma gratuita, al uso de su IIP para marketing directo o cualquier otra forma de uso comercial. Si lo desea, despu\u00e9s de recibir un correo electr\u00f3nico o un SMS de nuestra parte, le ofreceremos una opci\u00f3n sencilla para darse de baja o eliminarse de nuestro directorio de marketing. Tambi\u00e9n puede retirar su consentimiento para que procesemos su IIP siempre que dicho procesamiento dependa del consentimiento. Puede hacerlo simplemente envi\u00e1ndonos un correo electr\u00f3nico a <a href=\"mailto:privacy@edgewatch.com\">privacy@edgewatch.com<\/a>. Adem\u00e1s, puede solicitar en cualquier momento que eliminemos o limitemos la IIP que tenemos relacionada con usted. Tambi\u00e9n puede solicitar la portabilidad de su IIP de conformidad y dentro de los l\u00edmites de la legislaci\u00f3n aplicable. Tambi\u00e9n tiene derecho a solicitar que se lo notifiquemos a terceros con los que hayamos compartido su IIP y a pedirles que cumplan sus instrucciones.<\/li>\n\n\n\n<li>D\u00d3NDE ALMACENAMOS SU IIP Y DURANTE CU\u00c1NTO TIEMPO Salvo acuerdo expreso o contrato en contrario, toda la IIP relativa a nuestros usuarios se almacena en servidores seguros ubicados dentro de la Uni\u00f3n Europea. Informaremos a nuestros usuarios en caso de que cambiemos nuestra pol\u00edtica. Nuestro objetivo es que nuestros usuarios tengan una relaci\u00f3n duradera con nuestro Sitio, aunque las visitas no sean muy frecuentes. Almacenaremos su IIP y su cuenta seguir\u00e1 activa durante los tres a\u00f1os siguientes a su \u00faltima interacci\u00f3n con nuestro Sitio. Antes de cerrar su cuenta, se lo notificaremos pregunt\u00e1ndole si desea mantenerla activa. Tras una solicitud de eliminaci\u00f3n, su IIP se conservar\u00e1 durante un m\u00e1ximo de 3 meses como parte de los procedimientos de copia de seguridad.<\/li>\n\n\n\n<li>MODIFICACI\u00d3N DE ESTA POL\u00cdTICA DE PRIVACIDAD Nos reservamos el derecho de revisar esta Pol\u00edtica de Privacidad de vez en cuando. En el sitio web de Edgewatch publicaremos la versi\u00f3n m\u00e1s reciente de la presente Pol\u00edtica de Privacidad. <a href=\"https:\/\/edgewatch.com\" target=\"_blank\" rel=\"noopener\">https:\/\/edgewatch.com<\/a>\u00a0 (el \"Sitio\"). Cualquier cambio entrar\u00e1 en vigor en la fecha indicada en la parte superior de la Pol\u00edtica de Privacidad revisada. Si, a nuestra entera discreci\u00f3n, consideramos que una revisi\u00f3n de esta Pol\u00edtica de Privacidad es sustancial, se lo notificaremos a trav\u00e9s del Servicio y\/o por correo electr\u00f3nico a la direcci\u00f3n de correo electr\u00f3nico asociada a su cuenta. Su acceso o uso continuado de cualquier parte del Servicio constituye su aceptaci\u00f3n de dichos cambios. Si se opone a dichos cambios, deber\u00e1 cancelar y dejar de utilizar el Servicio antes de la fecha de entrada en vigor de dichos cambios. Para cualquier aclaraci\u00f3n relativa a nuestra Pol\u00edtica de Privacidad, no dude en ponerse en contacto con nosotros en <a href=\"mailto:privacy@edgewatch.com\">privacy@edgewatch.com<\/a>.<\/li>\n<\/ol>","protected":false},"excerpt":{"rendered":"<p>References to \u201cwe\u201d, \u201cour\u201d or \u201cus\u201d in this privacy and cookies policy (\u201cPrivacy Policy\u201d) mean Occentus Network SL., a private limited liability company incorporated in Spain, with registered offices at Vila de Madrid 44, ES46988 Paterna, under registration and tax number ESB97933022 trading as Edgewatch, trademark registered in USA 6083866, EU 018130597 and UK 00918130597. [&hellip;]<\/p>\n","protected":false},"author":1,"featured_media":0,"parent":0,"menu_order":0,"comment_status":"closed","ping_status":"open","template":"","meta":{"_gspb_post_css":"","footnotes":""},"class_list":["post-3","page","type-page","status-publish","hentry"],"blocksy_meta":{"page_structure_type":"type-4","styles_descriptor":{"styles":{"desktop":"","tablet":"","mobile":""},"google_fonts":[],"version":6}},"_links":{"self":[{"href":"https:\/\/nis2resources.eu\/es\/wp-json\/wp\/v2\/pages\/3","targetHints":{"allow":["GET"]}}],"collection":[{"href":"https:\/\/nis2resources.eu\/es\/wp-json\/wp\/v2\/pages"}],"about":[{"href":"https:\/\/nis2resources.eu\/es\/wp-json\/wp\/v2\/types\/page"}],"author":[{"embeddable":true,"href":"https:\/\/nis2resources.eu\/es\/wp-json\/wp\/v2\/users\/1"}],"replies":[{"embeddable":true,"href":"https:\/\/nis2resources.eu\/es\/wp-json\/wp\/v2\/comments?post=3"}],"version-history":[{"count":0,"href":"https:\/\/nis2resources.eu\/es\/wp-json\/wp\/v2\/pages\/3\/revisions"}],"wp:attachment":[{"href":"https:\/\/nis2resources.eu\/es\/wp-json\/wp\/v2\/media?parent=3"}],"curies":[{"name":"wp","href":"https:\/\/api.w.org\/{rel}","templated":true}]}}