{"id":1158,"date":"2024-01-29T16:47:57","date_gmt":"2024-01-29T16:47:57","guid":{"rendered":"https:\/\/nis2resources.eu\/?page_id=1158"},"modified":"2024-08-11T22:46:41","modified_gmt":"2024-08-11T22:46:41","slug":"articulo-1","status":"publish","type":"page","link":"https:\/\/nis2resources.eu\/es\/regulation-2023-2854-data-act\/article-1\/","title":{"rendered":"Art\u00edculo 1 - Objeto y \u00e1mbito de aplicaci\u00f3n"},"content":{"rendered":"<ol class=\"wp-block-list\">\n<li>Este Reglamento establece normas armonizadas, entre otras cosas, sobre:\n<ul class=\"wp-block-list\">\n<li>(a) la puesta a disposici\u00f3n del usuario del producto conectado o del servicio relacionado de los datos del producto y de los datos del servicio relacionado;<\/li>\n\n\n\n<li>(b) la puesta a disposici\u00f3n de datos por parte de los titulares a los destinatarios de los mismos;<\/li>\n\n\n\n<li>(c) la puesta a disposici\u00f3n de datos por parte de los titulares de los mismos a organismos del sector p\u00fablico, la Comisi\u00f3n, el Banco Central Europeo y organismos de la Uni\u00f3n, cuando exista una necesidad excepcional de dichos datos para la realizaci\u00f3n de una tarea espec\u00edfica de inter\u00e9s p\u00fablico;<\/li>\n\n\n\n<li>(d) facilitar el cambio entre servicios de procesamiento de datos;<\/li>\n\n\n\n<li>(e) introducir salvaguardias contra el acceso il\u00edcito de terceros a los datos no personales; y<\/li>\n\n\n\n<li>(f) el desarrollo de normas de interoperabilidad para el acceso a los datos, su transferencia y su utilizaci\u00f3n.<\/li>\n<\/ul>\n<\/li>\n\n\n\n<li>El presente Reglamento se refiere a los datos personales y no personales, incluidos los siguientes tipos de datos, en los siguientes contextos:\n<ul class=\"wp-block-list\">\n<li>(a) El cap\u00edtulo II se aplica a los datos, con excepci\u00f3n de los contenidos, relativos al rendimiento, la utilizaci\u00f3n y el entorno de los productos conectados y los servicios relacionados;<\/li>\n\n\n\n<li>(b) El Cap\u00edtulo III se aplica a cualquier dato del sector privado que est\u00e9 sujeto a obligaciones legales de intercambio de datos;<\/li>\n\n\n\n<li>(c) El Cap\u00edtulo IV se aplica a cualquier dato del sector privado al que se acceda y que se utilice sobre la base de un contrato entre empresas;<\/li>\n\n\n\n<li>(d) El cap\u00edtulo V se aplica a cualquier dato del sector privado centrado en datos no personales;<\/li>\n\n\n\n<li>(e) El Cap\u00edtulo VI se aplica a todos los datos y servicios tratados por los proveedores de servicios de tratamiento de datos;<\/li>\n\n\n\n<li>(f) El cap\u00edtulo VII se aplica a todos los datos no personales conservados en la Uni\u00f3n por proveedores de servicios de tratamiento de datos.<\/li>\n<\/ul>\n<\/li>\n\n\n\n<li>El presente Reglamento se aplica a:\n<ul class=\"wp-block-list\">\n<li>(a) fabricantes de productos conexos comercializados en la Uni\u00f3n y prestadores de servicios conexos, con independencia del lugar de establecimiento de dichos fabricantes y prestadores;<\/li>\n\n\n\n<li>(b) los usuarios de la Uni\u00f3n de productos conectados o servicios relacionados a que se refiere la letra a);<\/li>\n\n\n\n<li>(c) los titulares de datos, con independencia de su lugar de establecimiento, que pongan datos a disposici\u00f3n de destinatarios de datos en la Uni\u00f3n;<\/li>\n\n\n\n<li>(d) los destinatarios de los datos en la Uni\u00f3n a los que se facilitan los datos;<\/li>\n\n\n\n<li>(e) los organismos del sector p\u00fablico, la Comisi\u00f3n, el Banco Central Europeo y los organismos de la Uni\u00f3n que soliciten a los titulares de los datos que los pongan a disposici\u00f3n cuando exista una necesidad excepcional de dichos datos para la realizaci\u00f3n de una tarea espec\u00edfica de inter\u00e9s p\u00fablico, y a los titulares de los datos que los faciliten en respuesta a dicha solicitud;<\/li>\n\n\n\n<li>(f) los prestadores de servicios de tratamiento de datos, con independencia de su lugar de establecimiento, que presten tales servicios a clientes en la Uni\u00f3n;<\/li>\n\n\n\n<li>(g) los participantes en espacios de datos y los vendedores de aplicaciones que utilicen contratos inteligentes, as\u00ed como las personas cuya actividad comercial, empresarial o profesional implique el despliegue de contratos inteligentes para otros en el contexto de la ejecuci\u00f3n de un acuerdo.<\/li>\n<\/ul>\n<\/li>\n\n\n\n<li>Cuando el presente Reglamento se refiera a productos conectados o servicios relacionados, se entender\u00e1 que tales referencias incluyen tambi\u00e9n a los asistentes virtuales en la medida en que interact\u00faen con un producto conectado o un servicio relacionado.<\/li>\n\n\n\n<li>El presente Reglamento se entiende sin perjuicio del Derecho de la Uni\u00f3n y nacional en materia de protecci\u00f3n de datos personales, privacidad y confidencialidad de las comunicaciones e integridad de los equipos terminales, que se aplicar\u00e1 a los datos personales tratados en relaci\u00f3n con los derechos y obligaciones establecidos en el mismo, en particular los Reglamentos (UE) 2016\/679 y (UE) 2018\/1725 y la Directiva 2002\/58\/CE, incluidas las facultades y competencias de las autoridades de control y los derechos de los interesados. En la medida en que los usuarios sean interesados, los derechos establecidos en el cap\u00edtulo II del presente Reglamento complementar\u00e1n los derechos de acceso de los interesados y los derechos a la portabilidad de los datos en virtud de los art\u00edculos 15 y 20 del Reglamento (UE) 2016\/679. En caso de conflicto entre el presente Reglamento y el Derecho de la Uni\u00f3n en materia de protecci\u00f3n de datos personales o de la intimidad, o la legislaci\u00f3n nacional adoptada de conformidad con dicho Derecho de la Uni\u00f3n, prevalecer\u00e1 el Derecho de la Uni\u00f3n o nacional pertinente en materia de protecci\u00f3n de datos personales o de la intimidad.<\/li>\n\n\n\n<li>El presente Reglamento no se aplica a los acuerdos voluntarios de intercambio de datos entre entidades privadas y p\u00fablicas, en particular los acuerdos voluntarios de puesta en com\u00fan de datos, ni se antepone a ellos.<br>El presente Reglamento no afecta a los actos jur\u00eddicos de la Uni\u00f3n o nacionales que prev\u00e9n la puesta en com\u00fan de datos, el acceso a los mismos y su utilizaci\u00f3n con fines de prevenci\u00f3n, investigaci\u00f3n, detecci\u00f3n o enjuiciamiento de infracciones penales o de ejecuci\u00f3n de sanciones penales, o con fines aduaneros y fiscales, en particular los Reglamentos (UE) 2021\/784, (UE) 2022\/2065 y (UE) 2023\/1543 y la Directiva (UE) 2023\/1544, ni a la cooperaci\u00f3n internacional en ese \u00e1mbito. El presente Reglamento no se aplica a la recogida o puesta en com\u00fan de datos, al acceso a los mismos o a su utilizaci\u00f3n en virtud del Reglamento (UE) 2015\/847 y de la Directiva (UE) 2015\/849. El presente Reglamento no se aplica a los \u00e1mbitos que quedan fuera del \u00e1mbito de aplicaci\u00f3n del Derecho de la Uni\u00f3n y, en cualquier caso, no afecta a las competencias de los Estados miembros en materia de seguridad p\u00fablica, defensa o seguridad nacional, independientemente del tipo de <span tabindex='0' class='glossary-item-container'>entidad<span class='glossary-item-hidden-content'><span class='glossary-item-header'>Entidad<\/span> <span class='glossary-item-description'>Persona f\u00edsica o jur\u00eddica creada y reconocida como tal en virtud de la legislaci\u00f3n nacional de su lugar de establecimiento, que puede, actuando en nombre propio, ejercer derechos y estar sujeta a obligaciones -. <a href=\"https:\/\/nis2resources.eu\/es\/directive\/articulo-6\/\">Definici\u00f3n seg\u00fan el art\u00edculo 6 de la Directiva (UE) 2022\/2555 (Directiva NIS2)<\/a><\/span><\/span><\/span> encomendadas por los Estados miembros para llevar a cabo tareas relacionadas con dichas competencias, o su poder para salvaguardar otras funciones esenciales del Estado, incluida la garant\u00eda de la integridad territorial del Estado y el mantenimiento de la ley y el orden. El presente Reglamento no afecta a las competencias de los Estados miembros en materia de administraci\u00f3n aduanera y fiscal o de salud y seguridad de los ciudadanos.<\/li>\n\n\n\n<li>El presente Reglamento complementa el enfoque autorregulador del Reglamento (UE) 2018\/1807 a\u00f1adiendo obligaciones de aplicaci\u00f3n general sobre el cambio de nube.<\/li>\n\n\n\n<li>El presente Reglamento se entiende sin perjuicio de los actos jur\u00eddicos de la Uni\u00f3n y nacionales que establecen la protecci\u00f3n de los derechos de propiedad intelectual, en particular las Directivas 2001\/29\/CE, 2004\/48\/CE y (UE) 2019\/790.<\/li>\n\n\n\n<li>El presente Reglamento complementa y se entiende sin perjuicio del Derecho de la Uni\u00f3n que tiene por objeto promover los intereses de los consumidores y garantizarles un elevado nivel de protecci\u00f3n, as\u00ed como proteger su salud, su seguridad y sus intereses econ\u00f3micos, en particular las Directivas 93\/13\/CEE, 2005\/29\/CE y 2011\/83\/UE.<\/li>\n\n\n\n<li>El presente Reglamento no impide la celebraci\u00f3n de contratos voluntarios de intercambio l\u00edcito de datos, incluidos los contratos celebrados sobre una base de reciprocidad, que cumplan los requisitos establecidos en el presente Reglamento.<\/li>\n<\/ol>","protected":false},"excerpt":{"rendered":"","protected":false},"author":1,"featured_media":0,"parent":1156,"menu_order":1,"comment_status":"closed","ping_status":"closed","template":"","meta":{"_gspb_post_css":".gspb_container-id-gsbp-08edf4d{flex-direction:column;box-sizing:border-box}#gspb_container-id-gsbp-08edf4d.gspb_container>p:last-of-type,#gspb_container-id-gsbp-318027b.gspb_container>p:last-of-type{margin-bottom:0}body.gspb-bodyfront #gspb_container-id-gsbp-08edf4d.gspb_container{z-index:3}#gspb_container-id-gsbp-08edf4d.gspb_container{margin-bottom:-100px;padding:60px}@media (max-width:991.98px){#gspb_container-id-gsbp-08edf4d.gspb_container{padding:50px}}@media (max-width:575.98px){#gspb_container-id-gsbp-08edf4d.gspb_container{padding:35px}}#gspb_container-id-gsbp-08edf4d.gspb_container,#gspb_container-id-gsbp-08edf4d.gspb_container>.gspb_backgroundOverlay{border-top-left-radius:40px;border-top-right-radius:40px;border-bottom-right-radius:40px;border-bottom-left-radius:40px}#gspb_container-id-gsbp-08edf4d.gspb_container{background-color:var(--wp--preset--color--palette-color-2, var(--theme-palette-color-2, #24417C))}@media (max-width:991.98px){#gspb_heading-id-gsbp-d9024e8{font-size:25px}}#gspb_heading-id-gsbp-d9024e8,#gspb_heading-id-gsbp-d9024e8 .gsap-g-line{text-align:center!important}#gspb_heading-id-gsbp-d9024e8{color:var(--wp--preset--color--palette-color-8, var(--theme-palette-color-8, #ffffff));margin-top:0;margin-bottom:0}#gspb_heading-id-gsbp-0f939b1{font-size:23px}@media (max-width:991.98px){#gspb_heading-id-gsbp-0f939b1{font-size:20px}}#gspb_heading-id-gsbp-0f939b1,#gspb_heading-id-gsbp-0f939b1 .gsap-g-line{text-align:center!important}#gspb_heading-id-gsbp-0f939b1{color:var(--wp--preset--color--palette-color-8, var(--theme-palette-color-8, #ffffff));margin-top:0;margin-bottom:0}.gspb_container-id-gsbp-318027b{flex-direction:column;box-sizing:border-box}.gspb_container{position:relative}#gspb_container-id-gsbp-318027b.gspb_container{background-color:var(--wp--preset--color--palette-color-7, var(--theme-palette-color-7, #F7FAFD));height:100px}","footnotes":""},"class_list":["post-1158","page","type-page","status-publish","hentry"],"blocksy_meta":{"has_hero_section":"enabled","styles_descriptor":{"styles":{"desktop":"[data-prefix=\"single_page\"] .entry-header .page-title {--theme-font-size:30px;} [data-prefix=\"single_page\"] .entry-header .entry-meta {--theme-font-weight:600;--theme-text-transform:uppercase;--theme-font-size:12px;--theme-line-height:1.3;}","tablet":"","mobile":""},"google_fonts":[],"version":6},"vertical_spacing_source":"custom","content_area_spacing":"none","page_structure_type":"type-2","hero_section":"type-1","hero_elements":[{"id":"custom_title","enabled":true,"heading_tag":"h1","title":"Inicio","__id":"R2U-HYFiRxNB68ehtVNnD"},{"id":"custom_description","enabled":false,"description_visibility":{"desktop":true,"tablet":true,"mobile":false},"__id":"iunddIgO99hpSPG9Fg5JG"},{"id":"custom_meta","enabled":false,"meta_elements":[{"id":"author","enabled":true,"label":"By","has_author_avatar":"yes","avatar_size":25},{"id":"post_date","enabled":true,"label":"On","date_format_source":"default","date_format":"M j, Y"},{"id":"updated_date","enabled":false,"label":"On","date_format_source":"default","date_format":"M j, Y"},{"id":"categories","enabled":false,"label":"In","style":"simple"},{"id":"comments","enabled":true}],"page_meta_elements":{"joined":true,"articles_count":true,"comments":true},"__id":"5eaAHMv04hORzKiN9yiIn"},{"id":"breadcrumbs","enabled":true,"__id":"cWM29SLjiH-CvKLggsfwD"},{"id":"content-block","enabled":false,"__id":"WGpWtEusOELIm65POzykI"}]},"_links":{"self":[{"href":"https:\/\/nis2resources.eu\/es\/wp-json\/wp\/v2\/pages\/1158","targetHints":{"allow":["GET"]}}],"collection":[{"href":"https:\/\/nis2resources.eu\/es\/wp-json\/wp\/v2\/pages"}],"about":[{"href":"https:\/\/nis2resources.eu\/es\/wp-json\/wp\/v2\/types\/page"}],"author":[{"embeddable":true,"href":"https:\/\/nis2resources.eu\/es\/wp-json\/wp\/v2\/users\/1"}],"replies":[{"embeddable":true,"href":"https:\/\/nis2resources.eu\/es\/wp-json\/wp\/v2\/comments?post=1158"}],"version-history":[{"count":0,"href":"https:\/\/nis2resources.eu\/es\/wp-json\/wp\/v2\/pages\/1158\/revisions"}],"up":[{"embeddable":true,"href":"https:\/\/nis2resources.eu\/es\/wp-json\/wp\/v2\/pages\/1156"}],"wp:attachment":[{"href":"https:\/\/nis2resources.eu\/es\/wp-json\/wp\/v2\/media?parent=1158"}],"curies":[{"name":"wp","href":"https:\/\/api.w.org\/{rel}","templated":true}]}}