{"id":963,"date":"2024-01-29T16:48:06","date_gmt":"2024-01-29T16:48:06","guid":{"rendered":"https:\/\/nis2resources.eu\/?page_id=963"},"modified":"2024-08-12T02:13:15","modified_gmt":"2024-08-12T02:13:15","slug":"richtlinie-3","status":"publish","type":"page","link":"https:\/\/nis2resources.eu\/de\/directive-2022-2557-cer\/","title":{"rendered":"CER-Richtlinie (EU) 2022\/2557"},"content":{"rendered":"<div class=\"wp-block-greenshift-blocks-row gspb_row gspb_row-id-gsbp-90dd5fd gspb_row--gutter-custom-0\" id=\"gspb_row-id-gsbp-90dd5fd\"><div class=\"gspb_row__content\"> \n<div class=\"wp-block-greenshift-blocks-row-column gspb_row__col--4 gspb_row__col--md-12 gspb_col-id-gsbp-d560c25\" id=\"gspb_col-id-gsbp-d560c25\">\n\n\n<h2 id=\"gspb_heading-id-gsbp-2ffee04\" class=\"gspb_heading gspb_heading-id-gsbp-2ffee04\">Richtlinie \u00fcber die Widerstandsf\u00e4higkeit kritischer Einrichtungen (CER)<\/h2>\n\n\n\n<div id=\"gspb_text-id-gsbp-e310166\" class=\"gspb_text gspb_text-id-gsbp-e310166\">Richtlinie (EU) 2022\/2557 des Europ\u00e4ischen Parlaments und des Rates vom 14. Dezember 2022 \u00fcber die Widerstandsf\u00e4higkeit kritischer Einrichtungen und zur Aufhebung der Richtlinie 2008\/114\/EG des Rates (CER-Richtlinie)<\/div>\n\n\n\n<div class=\"gspb_button_wrapper gspb_button-id-gsbp-017e9fc\" id=\"gspb_button-id-gsbp-017e9fc\"><a class=\"wp-block-greenshift-blocks-buttonbox gspb-buttonbox wp-element-button\" href=\"\/de\/richtlinie-3\/praambel\/\" rel=\"noopener\"><span class=\"gspb-buttonbox-textwrap\"><span class=\"gspb-buttonbox-text\"><span class=\"gspb-buttonbox-title\">Mehr erfahren<\/span><\/span><span class=\"gspb-buttonbox-icon\"><svg xmlns=\"http:\/\/www.w3.org\/2000\/svg\" style=\"width:5rem;height:5rem;margin:10px\" viewbox=\"0 0 24 24\"><path fill-rule=\"evenodd\" d=\"M24 0v22.78h-2.87V4.9L2.03 24 0 21.97l19.1-19.1H1.26V0H24Z\"><\/path><\/svg><\/span><\/span><\/a><\/div>\n<\/div>\n <\/div><\/div>\n\n\n\n<p>Die CER-Richtlinie ist so aufgebaut, dass sie einen umfassenden Rahmen f\u00fcr die Verbesserung der Widerstandsf\u00e4higkeit kritischer Stellen in der EU bietet. Sie ist in mehrere Schl\u00fcsselabschnitte gegliedert, die die Ziele der Richtlinie, den Anwendungsbereich, die spezifischen Verpflichtungen f\u00fcr die Mitgliedstaaten und kritische Stellen sowie die Mechanismen f\u00fcr die Zusammenarbeit und die Durchsetzung umrei\u00dfen. Die Struktur umfasst:<\/p>\n\n\n\n<h3 class=\"wp-block-heading\" id=\"structure-and-key-sections\">Aufbau und wichtige Abschnitte<\/h3>\n\n\n\n<ol class=\"wp-block-list\">\n<li>Die CER-Richtlinie ist so aufgebaut, dass sie einen umfassenden Rahmen f\u00fcr die Verbesserung der Widerstandsf\u00e4higkeit kritischer Stellen in der EU bietet. Sie ist in mehrere Schl\u00fcsselabschnitte gegliedert, in denen die Ziele der Richtlinie, der Anwendungsbereich, die spezifischen Verpflichtungen f\u00fcr die Mitgliedstaaten und kritische Stellen sowie die Mechanismen f\u00fcr die Zusammenarbeit und Durchsetzung dargelegt sind.<\/li>\n\n\n\n<li><strong>Allgemeine Bestimmungen und Zielsetzungen<\/strong>: In diesem Abschnitt werden die Ziele der Richtlinie definiert, zu denen die St\u00e4rkung der Widerstandsf\u00e4higkeit kritischer Einrichtungen gegen\u00fcber verschiedenen Risiken, einschlie\u00dflich Naturkatastrophen, Terrorismus und Cyberangriffen, geh\u00f6rt. Er legt auch den Anwendungsbereich der Richtlinie fest, indem er die Sektoren und Arten von Einrichtungen nennt, die abgedeckt werden.<\/li>\n\n\n\n<li><strong>Verpflichtungen der Mitgliedstaaten<\/strong>: Die Richtlinie sieht vor, dass jeder EU-Mitgliedsstaat daf\u00fcr verantwortlich ist, kritische Einrichtungen in seinem Zust\u00e4ndigkeitsbereich zu identifizieren. Die Mitgliedstaaten m\u00fcssen sicherstellen, dass diese Einrichtungen robuste Resilienzma\u00dfnahmen umsetzen. In diesem Abschnitt werden auch die nationalen Rahmenbedingungen beschrieben, die die Mitgliedstaaten einrichten m\u00fcssen, einschlie\u00dflich der Benennung der zust\u00e4ndigen Beh\u00f6rden und der Erstellung nationaler Strategien zum Schutz kritischer Infrastrukturen.<\/li>\n\n\n\n<li><strong>Verpflichtungen f\u00fcr kritische Einrichtungen<\/strong>: Die von den Mitgliedstaaten ermittelten kritischen Einrichtungen m\u00fcssen die spezifischen Anforderungen der CER-Richtlinie erf\u00fcllen. Diese umfassen die Durchf\u00fchrung <span tabindex='0' class='glossary-item-container'>Risiko<span class='glossary-item-hidden-content'><span class='glossary-item-header'>Risiko<\/span> <span class='glossary-item-description'>Bezeichnet das Potenzial f\u00fcr Verluste oder St\u00f6rungen, die durch ein Ereignis verursacht werden, und wird als Kombination aus dem Ausma\u00df eines solchen Verlusts oder einer solchen St\u00f6rung und der Wahrscheinlichkeit des Eintretens des Ereignisses ausgedr\u00fcckt. <a href=\"https:\/\/nis2resources.eu\/de\/directive\/artikel-6\/\">Definition gem\u00e4\u00df Artikel 6 der Richtlinie (EU) 2022\/2555 (NIS2-Richtlinie)<\/a><\/span><\/span><\/span> Bewertungen, die Umsetzung von Sicherheitsma\u00dfnahmen und die Meldung von Vorf\u00e4llen, die sich auf ihren Betrieb auswirken k\u00f6nnten. Die Richtlinie unterstreicht auch die Bedeutung der Resilienzplanung und -vorsorge und verlangt von den Einrichtungen, Resilienzpl\u00e4ne zu entwickeln und zu pflegen.<\/li>\n\n\n\n<li><strong>Zusammenarbeit und Informationsaustausch<\/strong>: Die Richtlinie f\u00f6rdert die Zusammenarbeit zwischen den Mitgliedstaaten und kritischen Einrichtungen. Sie skizziert Mechanismen f\u00fcr den Informationsaustausch sowohl auf nationaler als auch auf EU-Ebene, um die kollektive Resilienz zu verbessern. In diesem Abschnitt wird auch die Rolle der Europ\u00e4ischen Kommission bei der Erleichterung der Zusammenarbeit und der Gew\u00e4hrleistung einer koh\u00e4renten Umsetzung der Richtlinie in der gesamten EU vorgestellt.<\/li>\n\n\n\n<li><strong>Beaufsichtigung und Durchsetzung<\/strong>: Die CER-Richtlinie enth\u00e4lt Bestimmungen f\u00fcr die \u00dcberwachung kritischer Stellen und die Durchsetzung ihrer Einhaltung. Die Mitgliedstaaten sind verpflichtet, \u00dcberwachungs- und Durchsetzungsmechanismen einzurichten, um sicherzustellen, dass die kritischen Stellen die Anforderungen der Richtlinie einhalten. In diesem Abschnitt werden auch die Sanktionen f\u00fcr die Nichteinhaltung der Richtlinie beschrieben.<\/li>\n\n\n\n<li><strong>Schlussbestimmungen<\/strong>: Dieser Abschnitt enth\u00e4lt \u00dcbergangsma\u00dfnahmen, Fristen f\u00fcr die Umsetzung sowie Bestimmungen f\u00fcr die \u00dcberpr\u00fcfung und \u00c4nderung der Richtlinie.<\/li>\n\n\n\n<li>Die wichtigsten Abschnitte der CER-Richtlinie<\/li>\n<\/ol>\n\n\n\n<h3 class=\"wp-block-heading\" id=\"key-sections-of-the-cer-directive\">Die wichtigsten Abschnitte der CER-Richtlinie<\/h3>\n\n\n\n<ul class=\"wp-block-list\">\n<li><strong>Anwendungsbereich und Definitionen<\/strong>: Definiert die abgedeckten kritischen Sektoren, wie Energie, Verkehr, Gesundheit, Finanzen und digitale Infrastruktur.<\/li>\n\n\n\n<li><strong>Anforderungen an Risikomanagement und Ausfallsicherheit<\/strong>: Legt fest, dass kritische Einrichtungen regelm\u00e4\u00dfige Risikobewertungen durchf\u00fchren und Ma\u00dfnahmen zur Gew\u00e4hrleistung der Widerstandsf\u00e4higkeit ergreifen m\u00fcssen.<\/li>\n\n\n\n<li><strong><span tabindex='0' class='glossary-item-container'>Vorfall<span class='glossary-item-hidden-content'><span class='glossary-item-header'>Vorfall<\/span> <span class='glossary-item-description'>Bezeichnet ein Ereignis, das die Verf\u00fcgbarkeit, Authentizit\u00e4t, Integrit\u00e4t oder Vertraulichkeit gespeicherter, \u00fcbermittelter oder verarbeiteter Daten oder der von Netz- und Informationssystemen angebotenen oder \u00fcber sie zug\u00e4nglichen Dienste beeintr\u00e4chtigt. <a href=\"https:\/\/nis2resources.eu\/de\/directive\/artikel-6\/\">Definition gem\u00e4\u00df Artikel 6 der Richtlinie (EU) 2022\/2555 (NIS2-Richtlinie)<\/a><\/span><\/span><\/span> Berichterstattung und Reaktion<\/strong>: Umrei\u00dft die Anforderungen an kritische Einrichtungen zur Meldung von Zwischenf\u00e4llen und zur Aufrechterhaltung des Betriebs bei St\u00f6rungen.<\/li>\n\n\n\n<li><strong>Nationale Strategien und zust\u00e4ndige Beh\u00f6rden<\/strong>: Beauftragt die Mitgliedstaaten, nationale Strategien zu entwickeln und Beh\u00f6rden zu benennen, die f\u00fcr die \u00dcberwachung der Umsetzung der Richtlinie zust\u00e4ndig sind.<\/li>\n\n\n\n<li><strong>Zusammenarbeit und Koordinierung<\/strong>: F\u00f6rderung der grenz\u00fcberschreitenden Zusammenarbeit und des Informationsaustauschs zur Verbesserung der allgemeinen Widerstandsf\u00e4higkeit kritischer Infrastrukturen in der EU.<\/li>\n<\/ul>\n\n\n\n<p>Die CER-Richtlinie ist ein wichtiger Schritt in den Bem\u00fchungen der EU, kritische Infrastrukturen vor einer Vielzahl von Bedrohungen zu sch\u00fctzen. Durch die Festlegung klarer Verpflichtungen sowohl f\u00fcr die Mitgliedstaaten als auch f\u00fcr kritische Einrichtungen soll die Richtlinie ein widerstandsf\u00e4higeres und sichereres Umfeld in der gesamten Union schaffen.<\/p>\n\n\n\n<div style=\"height:100px\" aria-hidden=\"true\" class=\"wp-block-spacer\"><\/div>\n\n\n\n<div class=\"wp-block-greenshift-blocks-row gspb_row gspb_row-id-gsbp-d224a29 gspb_row--gutter-custom-0\" id=\"gspb_row-id-gsbp-d224a29\"><div class=\"gspb_row__content\"> \n<div class=\"wp-block-greenshift-blocks-row-column gspb_row__col--6 gspb_row__col--md-12 gspb_col-id-gsbp-3f096c4\" id=\"gspb_col-id-gsbp-3f096c4\">\n<h3 id=\"gspb_heading-id-gsbp-d9024e8\" class=\"gspb_heading gspb_heading-id-gsbp-d9024e8\">Holen Sie sich die NIS 2 Checkliste f\u00fcr Risiken in der Lieferkette<\/h3>\n\n\n\n<div id=\"gspb_text-id-gsbp-105d8e4\" class=\"gspb_text gspb_text-id-gsbp-105d8e4\">Laden Sie unsere kostenlose NIS2-Checkliste f\u00fcr Risiken in der Lieferkette herunter, um sicherzustellen, dass Ihr Unternehmen die neuesten Anforderungen erf\u00fcllt. <span tabindex='0' class='glossary-item-container'>Cybersicherheit<span class='glossary-item-hidden-content'><span class='glossary-item-header'>Cybersecurity<\/span> <span class='glossary-item-description'>\"Cybersicherheit\" ist die Cybersicherheit im Sinne von Artikel 2 Nummer 1 der Verordnung (EU) 2019\/881; - <a href=\"https:\/\/nis2resources.eu\/de\/directive\/artikel-6\/\">Definition gem\u00e4\u00df Artikel 6 der Richtlinie (EU) 2022\/2555 (NIS2-Richtlinie)<\/a>\r\r\"Cybersicherheit\" bezeichnet die T\u00e4tigkeiten, die erforderlich sind, um Netz- und Informationssysteme, die Nutzer solcher Systeme und andere von Cyberbedrohungen betroffene Personen zu sch\u00fctzen; - Definition gem\u00e4\u00df Artikel 2 Nummer 1 der Verordnung (EU) 2019\/881;<\/span><\/span><\/span> Standards m\u00fchelos einhalten.<\/div>\n<\/div>\n\n\n\n<div class=\"wp-block-greenshift-blocks-row-column gspb_row__col--6 gspb_row__col--md-12 gspb_col-id-gsbp-a3dc620\" id=\"gspb_col-id-gsbp-a3dc620\">\n<div class=\"gspb_button_wrapper gspb_button-id-gsbp-51f288b\" id=\"gspb_button-id-gsbp-51f288b\"><a class=\"wp-block-greenshift-blocks-buttonbox gspb-buttonbox wp-element-button\" href=\"\/de\/compliance-kits\/\" rel=\"noopener\"><span class=\"gspb-buttonbox-textwrap\"><span class=\"gspb-buttonbox-text\"><span class=\"gspb-buttonbox-title\">Kostenloses Herunterladen<\/span><\/span><span class=\"gspb-buttonbox-icon\"><svg xmlns=\"http:\/\/www.w3.org\/2000\/svg\" style=\"width:5rem;height:5rem;margin:10px\" viewbox=\"0 0 24 24\"><path fill-rule=\"evenodd\" d=\"M24 0v22.78h-2.87V4.9L2.03 24 0 21.97l19.1-19.1H1.26V0H24Z\"><\/path><\/svg><\/span><\/span><\/a><\/div>\n<\/div>\n <\/div><\/div>","protected":false},"excerpt":{"rendered":"<p>The CER Directive is structured to provide a comprehensive framework for enhancing the resilience of critical entities within the EU. It is organized into several key sections that outline the directive\u2019s objectives, the scope of application, specific obligations for member states and critical entities, and mechanisms for cooperation and enforcement. The structure includes: Structure and [&hellip;]<\/p>\n","protected":false},"author":1,"featured_media":0,"parent":0,"menu_order":0,"comment_status":"closed","ping_status":"closed","template":"","meta":{"_gspb_post_css":"#gspb_row-id-gsbp-90dd5fd{justify-content:space-between;margin-top:0;display:flex;flex-wrap:wrap;margin-bottom:120px;padding:0 80px}#gspb_row-id-gsbp-90dd5fd>.gspb_row__content{display:flex;justify-content:space-between;margin:0 auto;width:100%;flex-wrap:wrap}div[id^=gspb_col-id]{box-sizing:border-box;position:relative;padding:15px min(3vw,20px)}@media (max-width:991.98px){#gspb_row-id-gsbp-90dd5fd>.gspb_row__content{row-gap:30px}}body.gspb-bodyfront #gspb_row-id-gsbp-90dd5fd>.gspb_row__content{width:var(--theme-container-width, 1200px);max-width:var(--theme-normal-container-max-width, 1200px)}@media (max-width:991.98px){#gspb_row-id-gsbp-90dd5fd{margin-bottom:80px;padding-right:50px;padding-left:50px}}@media (max-width:575.98px){#gspb_row-id-gsbp-90dd5fd{margin-bottom:60px;padding-right:35px;padding-left:35px}}#gspb_row-id-gsbp-90dd5fd{background-color:var(--wp--preset--color--palette-color-7, var(--theme-palette-color-7, #F7FAFD))}#gspb_row-id-gsbp-90dd5fd,#gspb_row-id-gsbp-90dd5fd>.gspb_backgroundOverlay{border-top-left-radius:40px;border-top-right-radius:40px;border-bottom-right-radius:40px;border-bottom-left-radius:40px}#gspb_col-id-gsbp-d560c25.gspb_row__col--4{width:calc(33.333333333333336% - 5px)}@media (max-width:991.98px){#gspb_col-id-gsbp-d560c25.gspb_row__col--4{width:100%}}@media (max-width:767.98px){#gspb_col-id-gsbp-d560c25.gspb_row__col--4{width:calc(100% - 5px)}}@media (max-width:575.98px){#gspb_col-id-gsbp-d560c25.gspb_row__col--4{width:100%}}@media (min-width:992px){body.gspb-bodyfront #gspb_col-id-gsbp-d560c25.gspb_row__col--4{width:calc(100% - 0px - 5px)}}.gspb_row #gspb_col-id-gsbp-d560c25.gspb_row__col--4{padding:70px 0}@media (max-width:991.98px){.gspb_row #gspb_col-id-gsbp-d560c25.gspb_row__col--4{padding-top:50px;padding-bottom:0}}@media (max-width:575.98px){.gspb_row #gspb_col-id-gsbp-d560c25.gspb_row__col--4{padding-bottom:0}}body #gspb_col-id-gsbp-d560c25.gspb_row__col--4{display:flex;flex-direction:column;justify-content:center}@media (max-width:991.98px){body #gspb_col-id-gsbp-d560c25.gspb_row__col--4{align-items:center}}#gspb_heading-id-gsbp-2ffee04{font-size:50px}@media (max-width:991.98px){#gspb_heading-id-gsbp-2ffee04{font-size:35px}}@media (max-width:575.98px){#gspb_heading-id-gsbp-2ffee04{font-size:30px}}@media (max-width:991.98px){#gspb_heading-id-gsbp-2ffee04,#gspb_heading-id-gsbp-2ffee04 .gsap-g-line{text-align:center!important}}#gspb_heading-id-gsbp-2ffee04{font-weight:800!important;margin-top:0;margin-bottom:10px}@media (max-width:991.98px){.gspb_text-id-gsbp-e310166,.gspb_text-id-gsbp-e310166 .gsap-g-line{text-align:center!important}}.gspb_text-id-gsbp-e310166{margin-bottom:40px!important}#gspb_button-id-gsbp-017e9fc{display:flex;justify-content:flex-start}#gspb_button-id-gsbp-017e9fc .gspb-buttonbox-text{display:flex;flex-direction:column}#gspb_button-id-gsbp-017e9fc>.gspb-buttonbox{box-sizing:border-box}#gspb_button-id-gsbp-017e9fc>.gspb-buttonbox>.gspb-buttonbox-textwrap>.gspb-buttonbox-icon,#gspb_button-id-gsbp-51f288b>.gspb-buttonbox>.gspb-buttonbox-textwrap>.gspb-buttonbox-icon{display:flex}#gspb_button-id-gsbp-017e9fc>.gspb-buttonbox>.gspb-buttonbox-textwrap{display:flex;flex-direction:row;align-items:center}#gspb_button-id-gsbp-017e9fc .gspb-buttonbox-icon{margin-left:13px}#gspb_row-id-gsbp-d224a29{justify-content:space-between;margin-top:0;margin-bottom:0;display:flex;flex-wrap:wrap;align-content:center;padding:60px}#gspb_row-id-gsbp-d224a29>.gspb_row__content{display:flex;justify-content:space-between;margin:0 auto;width:100%;flex-wrap:wrap}.gspb_row{position:relative}@media (max-width:991.98px){#gspb_row-id-gsbp-d224a29>.gspb_row__content{row-gap:40px}}#gspb_row-id-gsbp-d224a29>.gspb_row__content{align-items:center}body.gspb-bodyfront #gspb_row-id-gsbp-d224a29>.gspb_row__content{width:var(--theme-container-width, 1200px);max-width:var(--theme-normal-container-max-width, 1200px)}@media (max-width:991.98px){#gspb_row-id-gsbp-d224a29{padding:50px}}@media (max-width:575.98px){#gspb_row-id-gsbp-d224a29{padding:35px}}#gspb_row-id-gsbp-d224a29{background-color:var(--wp--preset--color--palette-color-2, var(--theme-palette-color-2, #24417C))}#gspb_row-id-gsbp-d224a29,#gspb_row-id-gsbp-d224a29>.gspb_backgroundOverlay{border-top-left-radius:40px;border-top-right-radius:40px;border-bottom-right-radius:40px;border-bottom-left-radius:40px}body.gspb-bodyfront #gspb_row-id-gsbp-d224a29{z-index:3}#gspb_col-id-gsbp-3f096c4.gspb_row__col--6{width:50%}@media (max-width:991.98px){#gspb_col-id-gsbp-3f096c4.gspb_row__col--6{width:100%}}@media (max-width:575.98px){#gspb_col-id-gsbp-3f096c4.gspb_row__col--6{width:100%}}.gspb_row #gspb_col-id-gsbp-3f096c4.gspb_row__col--6,.gspb_row #gspb_col-id-gsbp-a3dc620.gspb_row__col--6{padding:0}@media (max-width:991.98px){#gspb_heading-id-gsbp-d9024e8{font-size:25px;text-align:center!important}#gspb_heading-id-gsbp-d9024e8 .gsap-g-line{text-align:center!important}}#gspb_heading-id-gsbp-d9024e8{color:var(--wp--preset--color--palette-color-8, var(--theme-palette-color-8, #ffffff));margin-top:0;margin-bottom:10px}@media (max-width:991.98px){.gspb_text-id-gsbp-105d8e4,.gspb_text-id-gsbp-105d8e4 .gsap-g-line{text-align:center!important}}.gspb_text-id-gsbp-105d8e4{color:var(--wp--preset--color--palette-color-8, var(--theme-palette-color-8, #ffffff))}#gspb_col-id-gsbp-a3dc620.gspb_row__col--6{width:50%}@media (max-width:991.98px){#gspb_col-id-gsbp-a3dc620.gspb_row__col--6{width:100%}}@media (max-width:575.98px){#gspb_col-id-gsbp-a3dc620.gspb_row__col--6{width:100%}}#gspb_button-id-gsbp-51f288b{display:flex;justify-content:flex-end}#gspb_button-id-gsbp-51f288b .gspb-buttonbox-text{display:flex;flex-direction:column}#gspb_button-id-gsbp-51f288b>.gspb-buttonbox{box-sizing:border-box}#gspb_button-id-gsbp-017e9fc>.gspb-buttonbox .gspb-buttonbox-icon svg,#gspb_button-id-gsbp-51f288b>.gspb-buttonbox .gspb-buttonbox-icon svg{height:13px!important;width:13px!important;min-width:13px!important;fill:currentColor!important;margin:0!important}#gspb_button-id-gsbp-017e9fc>.gspb-buttonbox .gspb-buttonbox-icon svg path,#gspb_button-id-gsbp-51f288b>.gspb-buttonbox .gspb-buttonbox-icon svg path{fill:currentColor!important}#gspb_button-id-gsbp-51f288b>.gspb-buttonbox>.gspb-buttonbox-textwrap{display:flex;flex-direction:row;align-items:center}#gspb_button-id-gsbp-51f288b .gspb-buttonbox-icon{margin-left:13px}@media (max-width:991.98px){#gspb_button-id-gsbp-51f288b{justify-content:center}}#gspb_button-id-gsbp-51f288b>.gspb-buttonbox{background-color:var(--wp--preset--color--palette-color-8, var(--theme-palette-color-8, #ffffff));color:var(--wp--preset--color--palette-color-2, var(--theme-palette-color-2, #24417C))}#gspb_button-id-gsbp-51f288b>.gspb-buttonbox:hover{background-color:var(--wp--preset--color--palette-color-9, var(--theme-palette-color-9, #FFE8DA))!important}","footnotes":""},"class_list":["post-963","page","type-page","status-publish","hentry"],"blocksy_meta":{"has_hero_section":"disabled","vertical_spacing_source":"custom","content_area_spacing":"none","styles_descriptor":{"styles":{"desktop":"","tablet":"","mobile":""},"google_fonts":[],"version":6},"page_structure_type":"type-2"},"_links":{"self":[{"href":"https:\/\/nis2resources.eu\/de\/wp-json\/wp\/v2\/pages\/963","targetHints":{"allow":["GET"]}}],"collection":[{"href":"https:\/\/nis2resources.eu\/de\/wp-json\/wp\/v2\/pages"}],"about":[{"href":"https:\/\/nis2resources.eu\/de\/wp-json\/wp\/v2\/types\/page"}],"author":[{"embeddable":true,"href":"https:\/\/nis2resources.eu\/de\/wp-json\/wp\/v2\/users\/1"}],"replies":[{"embeddable":true,"href":"https:\/\/nis2resources.eu\/de\/wp-json\/wp\/v2\/comments?post=963"}],"version-history":[{"count":0,"href":"https:\/\/nis2resources.eu\/de\/wp-json\/wp\/v2\/pages\/963\/revisions"}],"wp:attachment":[{"href":"https:\/\/nis2resources.eu\/de\/wp-json\/wp\/v2\/media?parent=963"}],"curies":[{"name":"wp","href":"https:\/\/api.w.org\/{rel}","templated":true}]}}