{"id":896,"date":"2024-01-29T16:47:57","date_gmt":"2024-01-29T16:47:57","guid":{"rendered":"https:\/\/nis2resources.eu\/?page_id=896"},"modified":"2024-08-09T09:33:54","modified_gmt":"2024-08-09T09:33:54","slug":"artikel-38","status":"publish","type":"page","link":"https:\/\/nis2resources.eu\/de\/directive-2022-2555-nis2\/article-38\/","title":{"rendered":"Artikel 38, Aus\u00fcbung der Befugnis\u00fcbertragung"},"content":{"rendered":"<p>1. (1) Die Befugnis zum Erlass delegierter Rechtsakte wird der Kommission unter den in diesem Artikel festgelegten Bedingungen \u00fcbertragen.<\/p>\n\n\n\n<p>2. Die Befugnis zum Erlass der in Artikel 24 Absatz 2 genannten delegierten Rechtsakte wird der Kommission f\u00fcr einen Zeitraum von f\u00fcnf Jahren ab dem 16. Januar 2023 \u00fcbertragen.<\/p>\n\n\n\n<p>3. (3) Die in Artikel 24 Absatz 2 genannte Befugnis\u00fcbertragung kann vom Europ\u00e4ischen Parlament oder vom Rat jederzeit widerrufen werden. Der Beschluss \u00fcber den Widerruf beendet die \u00dcbertragung der in diesem Beschluss genannten Befugnis. Er wird am Tag nach der Ver\u00f6ffentlichung des Beschlusses im Amtsblatt der Europ\u00e4ischen Union oder zu einem darin angegebenen sp\u00e4teren Zeitpunkt wirksam. Die G\u00fcltigkeit bereits in Kraft getretener delegierter Rechtsakte wird davon nicht ber\u00fchrt.<\/p>\n\n\n\n<p>4. Vor dem Erlass eines delegierten Rechtsakts konsultiert die Kommission die von den einzelnen Mitgliedstaaten benannten Sachverst\u00e4ndigen im Einklang mit den Grunds\u00e4tzen der Interinstitutionellen Vereinbarung vom 13. April 2016 \u00fcber bessere Rechtsetzung.<\/p>\n\n\n\n<p>5. Sobald die Kommission einen delegierten Rechtsakt erl\u00e4sst, \u00fcbermittelt sie ihn gleichzeitig dem Europ\u00e4ischen Parlament und dem Rat.<\/p>\n\n\n\n<p>6. (6) Ein gem\u00e4\u00df Artikel 24 Absatz 2 erlassener delegierter Rechtsakt tritt nur in Kraft, wenn weder das Europ\u00e4ische Parlament noch der Rat innerhalb einer Frist von zwei Monaten nach \u00dcbermittlung dieses Rechtsakts an das Europ\u00e4ische Parlament und den Rat Einw\u00e4nde erhoben haben oder wenn vor Ablauf dieser Frist sowohl das Europ\u00e4ische Parlament als auch der Rat der Kommission mitgeteilt haben, dass sie keine Einw\u00e4nde erheben werden. Diese Frist wird auf Initiative des Europ\u00e4ischen Parlaments oder des Rates um zwei Monate verl\u00e4ngert.<\/p>\n\n\n\n<p><\/p>","protected":false},"excerpt":{"rendered":"<p>1. The power to adopt delegated acts is conferred on the Commission subject to the conditions laid down in this Article. 2. The power to adopt delegated acts referred to in Article 24(2) shall be conferred on the Commission for a period of five years from 16 January 2023. 3. The delegation of power referred [&hellip;]<\/p>\n","protected":false},"author":1,"featured_media":0,"parent":592,"menu_order":38,"comment_status":"closed","ping_status":"closed","template":"","meta":{"_gspb_post_css":".gspb_container-id-gsbp-318027b{flex-direction:column;box-sizing:border-box}#gspb_container-id-gsbp-318027b.gspb_container>p:last-of-type{margin-bottom:0}.gspb_container{position:relative}#gspb_container-id-gsbp-318027b.gspb_container{background-color:var(--wp--preset--color--palette-color-7, var(--theme-palette-color-7, #F7FAFD));height:100px}","footnotes":""},"class_list":["post-896","page","type-page","status-publish","hentry"],"blocksy_meta":{"has_hero_section":"enabled","styles_descriptor":{"styles":{"desktop":"[data-prefix=\"single_page\"] .entry-header .page-title {--theme-font-size:30px;} [data-prefix=\"single_page\"] .entry-header .entry-meta {--theme-font-weight:600;--theme-text-transform:uppercase;--theme-font-size:12px;--theme-line-height:1.3;}","tablet":"","mobile":""},"google_fonts":[],"version":6},"vertical_spacing_source":"custom","content_area_spacing":"none","page_structure_type":"type-2","hero_elements":[{"id":"custom_title","enabled":true,"heading_tag":"h1","title":"Startseite","__id":"396NmX_C_T7NwNo7f6x0s"},{"id":"custom_description","enabled":true,"description_visibility":{"desktop":true,"tablet":true,"mobile":false},"__id":"vpGlXJ0HtQOwIExloPWB7"},{"id":"custom_meta","enabled":false,"meta_elements":[{"id":"author","enabled":true,"label":"By","has_author_avatar":"yes","avatar_size":25},{"id":"post_date","enabled":true,"label":"On","date_format_source":"default","date_format":"M j, Y"},{"id":"updated_date","enabled":false,"label":"On","date_format_source":"default","date_format":"M j, Y"},{"id":"categories","enabled":false,"label":"In","style":"simple"},{"id":"comments","enabled":true}],"page_meta_elements":{"joined":true,"articles_count":true,"comments":true},"__id":"V_vGBmFq-45m2KxvvaDGy"},{"id":"breadcrumbs","enabled":true,"__id":"nzdAWiz0zgZmqWxYsygsB"},{"id":"content-block","enabled":false,"__id":"OEGW3NQM24xJ9NFtYj-fF"}]},"_links":{"self":[{"href":"https:\/\/nis2resources.eu\/de\/wp-json\/wp\/v2\/pages\/896","targetHints":{"allow":["GET"]}}],"collection":[{"href":"https:\/\/nis2resources.eu\/de\/wp-json\/wp\/v2\/pages"}],"about":[{"href":"https:\/\/nis2resources.eu\/de\/wp-json\/wp\/v2\/types\/page"}],"author":[{"embeddable":true,"href":"https:\/\/nis2resources.eu\/de\/wp-json\/wp\/v2\/users\/1"}],"replies":[{"embeddable":true,"href":"https:\/\/nis2resources.eu\/de\/wp-json\/wp\/v2\/comments?post=896"}],"version-history":[{"count":0,"href":"https:\/\/nis2resources.eu\/de\/wp-json\/wp\/v2\/pages\/896\/revisions"}],"up":[{"embeddable":true,"href":"https:\/\/nis2resources.eu\/de\/wp-json\/wp\/v2\/pages\/592"}],"wp:attachment":[{"href":"https:\/\/nis2resources.eu\/de\/wp-json\/wp\/v2\/media?parent=896"}],"curies":[{"name":"wp","href":"https:\/\/api.w.org\/{rel}","templated":true}]}}