{"id":893,"date":"2024-01-29T16:47:57","date_gmt":"2024-01-29T16:47:57","guid":{"rendered":"https:\/\/nis2resources.eu\/?page_id=893"},"modified":"2024-08-09T09:33:09","modified_gmt":"2024-08-09T09:33:09","slug":"artikel-40","status":"publish","type":"page","link":"https:\/\/nis2resources.eu\/de\/directive-2022-2555-nis2\/article-40\/","title":{"rendered":"Artikel 40, \u00dcberpr\u00fcfung"},"content":{"rendered":"<p>Bis zum 17. Oktober 2027 und danach alle 36 Monate \u00fcberpr\u00fcft die Kommission das Funktionieren dieser Richtlinie und erstattet dem Europ\u00e4ischen Parlament und dem Rat Bericht. In dem Bericht wird insbesondere bewertet, inwieweit die Gr\u00f6\u00dfe der betreffenden Einrichtungen sowie die Sektoren, Teilsektoren und Arten von <span tabindex='0' class='glossary-item-container'>Unternehmen<span class='glossary-item-hidden-content'><span class='glossary-item-header'>Entit\u00e4t<\/span> <span class='glossary-item-description'>bezeichnet eine nat\u00fcrliche oder juristische Person, die nach dem innerstaatlichen Recht des Ortes ihrer Niederlassung gegr\u00fcndet und als solche anerkannt wurde und die in eigenem Namen handelnd Rechte und Pflichten aus\u00fcben kann. <a href=\"https:\/\/nis2resources.eu\/de\/directive\/artikel-6\/\">Definition gem\u00e4\u00df Artikel 6 der Richtlinie (EU) 2022\/2555 (NIS2-Richtlinie)<\/a><\/span><\/span><\/span> gem\u00e4\u00df den Anh\u00e4ngen I und II f\u00fcr das Funktionieren von Wirtschaft und Gesellschaft in Bezug auf <span tabindex='0' class='glossary-item-container'>Cybersicherheit<span class='glossary-item-hidden-content'><span class='glossary-item-header'>Cybersecurity<\/span> <span class='glossary-item-description'>\"Cybersicherheit\" ist die Cybersicherheit im Sinne von Artikel 2 Nummer 1 der Verordnung (EU) 2019\/881; - <a href=\"https:\/\/nis2resources.eu\/de\/directive\/artikel-6\/\">Definition gem\u00e4\u00df Artikel 6 der Richtlinie (EU) 2022\/2555 (NIS2-Richtlinie)<\/a>\r\r\"Cybersicherheit\" bezeichnet die T\u00e4tigkeiten, die erforderlich sind, um Netz- und Informationssysteme, die Nutzer solcher Systeme und andere von Cyberbedrohungen betroffene Personen zu sch\u00fctzen; - Definition gem\u00e4\u00df Artikel 2 Nummer 1 der Verordnung (EU) 2019\/881;<\/span><\/span><\/span>. Zu diesem Zweck und um die strategische und operative Zusammenarbeit weiter voranzutreiben, ber\u00fccksichtigt die Kommission die Berichte der Kooperationsgruppe und des CSIRT-Netzes \u00fcber die auf strategischer und operativer Ebene gewonnenen Erfahrungen. Dem Bericht wird erforderlichenfalls ein Legislativvorschlag beigef\u00fcgt.<\/p>\n\n\n\n<p><\/p>","protected":false},"excerpt":{"rendered":"<p>By 17 October 2027 and every 36 months thereafter, the Commission shall review the functioning of this Directive, and report to the European Parliament and to the Council. The report shall in particular assess the relevance of the size of the entities concerned, and the sectors, subsectors and types of entityEntity Means a natural or [&hellip;]<\/p>\n","protected":false},"author":1,"featured_media":0,"parent":592,"menu_order":40,"comment_status":"closed","ping_status":"closed","template":"","meta":{"_gspb_post_css":".gspb_container-id-gsbp-318027b{flex-direction:column;box-sizing:border-box}#gspb_container-id-gsbp-318027b.gspb_container>p:last-of-type{margin-bottom:0}.gspb_container{position:relative}#gspb_container-id-gsbp-318027b.gspb_container{background-color:var(--wp--preset--color--palette-color-7, var(--theme-palette-color-7, #F7FAFD));height:100px}","footnotes":""},"class_list":["post-893","page","type-page","status-publish","hentry"],"blocksy_meta":{"has_hero_section":"enabled","styles_descriptor":{"styles":{"desktop":"[data-prefix=\"single_page\"] .entry-header .page-title {--theme-font-size:30px;} [data-prefix=\"single_page\"] .entry-header .entry-meta {--theme-font-weight:600;--theme-text-transform:uppercase;--theme-font-size:12px;--theme-line-height:1.3;}","tablet":"","mobile":""},"google_fonts":[],"version":6},"vertical_spacing_source":"custom","content_area_spacing":"none","page_structure_type":"type-2","hero_elements":[{"id":"custom_title","enabled":true,"heading_tag":"h1","title":"Startseite","__id":"396NmX_C_T7NwNo7f6x0s"},{"id":"custom_description","enabled":true,"description_visibility":{"desktop":true,"tablet":true,"mobile":false},"__id":"vpGlXJ0HtQOwIExloPWB7"},{"id":"custom_meta","enabled":false,"meta_elements":[{"id":"author","enabled":true,"label":"By","has_author_avatar":"yes","avatar_size":25},{"id":"post_date","enabled":true,"label":"On","date_format_source":"default","date_format":"M j, Y"},{"id":"updated_date","enabled":false,"label":"On","date_format_source":"default","date_format":"M j, Y"},{"id":"categories","enabled":false,"label":"In","style":"simple"},{"id":"comments","enabled":true}],"page_meta_elements":{"joined":true,"articles_count":true,"comments":true},"__id":"V_vGBmFq-45m2KxvvaDGy"},{"id":"breadcrumbs","enabled":true,"__id":"nzdAWiz0zgZmqWxYsygsB"},{"id":"content-block","enabled":false,"__id":"OEGW3NQM24xJ9NFtYj-fF"}]},"_links":{"self":[{"href":"https:\/\/nis2resources.eu\/de\/wp-json\/wp\/v2\/pages\/893","targetHints":{"allow":["GET"]}}],"collection":[{"href":"https:\/\/nis2resources.eu\/de\/wp-json\/wp\/v2\/pages"}],"about":[{"href":"https:\/\/nis2resources.eu\/de\/wp-json\/wp\/v2\/types\/page"}],"author":[{"embeddable":true,"href":"https:\/\/nis2resources.eu\/de\/wp-json\/wp\/v2\/users\/1"}],"replies":[{"embeddable":true,"href":"https:\/\/nis2resources.eu\/de\/wp-json\/wp\/v2\/comments?post=893"}],"version-history":[{"count":0,"href":"https:\/\/nis2resources.eu\/de\/wp-json\/wp\/v2\/pages\/893\/revisions"}],"up":[{"embeddable":true,"href":"https:\/\/nis2resources.eu\/de\/wp-json\/wp\/v2\/pages\/592"}],"wp:attachment":[{"href":"https:\/\/nis2resources.eu\/de\/wp-json\/wp\/v2\/media?parent=893"}],"curies":[{"name":"wp","href":"https:\/\/api.w.org\/{rel}","templated":true}]}}