{"id":884,"date":"2024-01-29T16:47:57","date_gmt":"2024-01-29T16:47:57","guid":{"rendered":"https:\/\/nis2resources.eu\/?page_id=884"},"modified":"2024-08-09T09:31:03","modified_gmt":"2024-08-09T09:31:03","slug":"artikel-35","status":"publish","type":"page","link":"https:\/\/nis2resources.eu\/de\/directive-2022-2555-nis2\/article-35\/","title":{"rendered":"Artikel 35, Verst\u00f6\u00dfe, die eine Verletzung des Schutzes personenbezogener Daten zur Folge haben"},"content":{"rendered":"<p>1. Stellen die zust\u00e4ndigen Beh\u00f6rden im Laufe der \u00dcberwachung oder Durchsetzung fest, dass der Versto\u00df durch ein wesentliches oder wichtiges <span tabindex='0' class='glossary-item-container'>Unternehmen<span class='glossary-item-hidden-content'><span class='glossary-item-header'>Entit\u00e4t<\/span> <span class='glossary-item-description'>bezeichnet eine nat\u00fcrliche oder juristische Person, die nach dem innerstaatlichen Recht des Ortes ihrer Niederlassung gegr\u00fcndet und als solche anerkannt wurde und die in eigenem Namen handelnd Rechte und Pflichten aus\u00fcben kann. <a href=\"https:\/\/nis2resources.eu\/de\/directive\/artikel-6\/\">Definition gem\u00e4\u00df Artikel 6 der Richtlinie (EU) 2022\/2555 (NIS2-Richtlinie)<\/a><\/span><\/span><\/span> der Verpflichtungen nach den Artikeln 21 und 23 dieser Richtlinie zu einer Verletzung des Schutzes personenbezogener Daten im Sinne von Artikel 4 Nummer 12 der Verordnung (EU) 2016\/679 f\u00fchren kann, die gem\u00e4\u00df Artikel 33 der genannten Verordnung zu melden ist, unterrichten sie unverz\u00fcglich die Aufsichtsbeh\u00f6rden gem\u00e4\u00df Artikel 55 oder 56 der genannten Verordnung.<\/p>\n\n\n\n<p>2. (2) Verh\u00e4ngen die in Artikel 55 oder 56 der Verordnung (EU) 2016\/679 genannten Aufsichtsbeh\u00f6rden eine Geldbu\u00dfe gem\u00e4\u00df Artikel 58 Absatz 2 Buchstabe i der genannten Verordnung, so verh\u00e4ngen die zust\u00e4ndigen Beh\u00f6rden keine Geldbu\u00dfe gem\u00e4\u00df Artikel 34 der vorliegenden Richtlinie f\u00fcr einen in Absatz 1 des vorliegenden Artikels genannten Versto\u00df, der sich aus demselben Verhalten ergibt, das Gegenstand der Geldbu\u00dfe gem\u00e4\u00df Artikel 58 Absatz 2 Buchstabe i der Verordnung (EU) 2016\/679 war. Die zust\u00e4ndigen Beh\u00f6rden k\u00f6nnen jedoch die in Artikel 32 Absatz 4 Buchstaben a bis h, Artikel 32 Absatz 5 und Artikel 33 Absatz 4 Buchstaben a bis g der vorliegenden Richtlinie vorgesehenen Durchsetzungsma\u00dfnahmen verh\u00e4ngen.<\/p>\n\n\n\n<p>3. Hat die gem\u00e4\u00df der Verordnung (EU) 2016\/679 zust\u00e4ndige Aufsichtsbeh\u00f6rde ihren Sitz in einem anderen Mitgliedstaat als die zust\u00e4ndige Beh\u00f6rde, so unterrichtet die zust\u00e4ndige Beh\u00f6rde die in ihrem eigenen Mitgliedstaat ans\u00e4ssige Aufsichtsbeh\u00f6rde \u00fcber die in Absatz 1 genannte potenzielle Datenschutzverletzung.<\/p>","protected":false},"excerpt":{"rendered":"<p>1. Where the competent authorities become aware in the course of supervision or enforcement that the infringement by an essential or important entityEntity Means a natural or legal person created and recognised as such under the national law of its place of establishment, which may, acting under its own name, exercise rights and be subject [&hellip;]<\/p>\n","protected":false},"author":1,"featured_media":0,"parent":592,"menu_order":35,"comment_status":"closed","ping_status":"closed","template":"","meta":{"_gspb_post_css":".gspb_container-id-gsbp-318027b{flex-direction:column;box-sizing:border-box}#gspb_container-id-gsbp-318027b.gspb_container>p:last-of-type{margin-bottom:0}.gspb_container{position:relative}#gspb_container-id-gsbp-318027b.gspb_container{background-color:var(--wp--preset--color--palette-color-7, var(--theme-palette-color-7, #F7FAFD));height:100px}","footnotes":""},"class_list":["post-884","page","type-page","status-publish","hentry"],"blocksy_meta":{"has_hero_section":"enabled","styles_descriptor":{"styles":{"desktop":"[data-prefix=\"single_page\"] .entry-header .page-title {--theme-font-size:30px;} [data-prefix=\"single_page\"] .entry-header .entry-meta {--theme-font-weight:600;--theme-text-transform:uppercase;--theme-font-size:12px;--theme-line-height:1.3;}","tablet":"","mobile":""},"google_fonts":[],"version":6},"vertical_spacing_source":"custom","content_area_spacing":"none","page_structure_type":"type-2","hero_elements":[{"id":"custom_title","enabled":true,"heading_tag":"h1","title":"Startseite","__id":"396NmX_C_T7NwNo7f6x0s"},{"id":"custom_description","enabled":true,"description_visibility":{"desktop":true,"tablet":true,"mobile":false},"__id":"vpGlXJ0HtQOwIExloPWB7"},{"id":"custom_meta","enabled":false,"meta_elements":[{"id":"author","enabled":true,"label":"By","has_author_avatar":"yes","avatar_size":25},{"id":"post_date","enabled":true,"label":"On","date_format_source":"default","date_format":"M j, Y"},{"id":"updated_date","enabled":false,"label":"On","date_format_source":"default","date_format":"M j, Y"},{"id":"categories","enabled":false,"label":"In","style":"simple"},{"id":"comments","enabled":true}],"page_meta_elements":{"joined":true,"articles_count":true,"comments":true},"__id":"V_vGBmFq-45m2KxvvaDGy"},{"id":"breadcrumbs","enabled":true,"__id":"nzdAWiz0zgZmqWxYsygsB"},{"id":"content-block","enabled":false,"__id":"OEGW3NQM24xJ9NFtYj-fF"}]},"_links":{"self":[{"href":"https:\/\/nis2resources.eu\/de\/wp-json\/wp\/v2\/pages\/884","targetHints":{"allow":["GET"]}}],"collection":[{"href":"https:\/\/nis2resources.eu\/de\/wp-json\/wp\/v2\/pages"}],"about":[{"href":"https:\/\/nis2resources.eu\/de\/wp-json\/wp\/v2\/types\/page"}],"author":[{"embeddable":true,"href":"https:\/\/nis2resources.eu\/de\/wp-json\/wp\/v2\/users\/1"}],"replies":[{"embeddable":true,"href":"https:\/\/nis2resources.eu\/de\/wp-json\/wp\/v2\/comments?post=884"}],"version-history":[{"count":0,"href":"https:\/\/nis2resources.eu\/de\/wp-json\/wp\/v2\/pages\/884\/revisions"}],"up":[{"embeddable":true,"href":"https:\/\/nis2resources.eu\/de\/wp-json\/wp\/v2\/pages\/592"}],"wp:attachment":[{"href":"https:\/\/nis2resources.eu\/de\/wp-json\/wp\/v2\/media?parent=884"}],"curies":[{"name":"wp","href":"https:\/\/api.w.org\/{rel}","templated":true}]}}