{"id":868,"date":"2024-01-29T16:47:57","date_gmt":"2024-01-29T16:47:57","guid":{"rendered":"https:\/\/nis2resources.eu\/?page_id=868"},"modified":"2024-08-09T09:26:26","modified_gmt":"2024-08-09T09:26:26","slug":"artikel-31","status":"publish","type":"page","link":"https:\/\/nis2resources.eu\/de\/directive-2022-2555-nis2\/article-31\/","title":{"rendered":"Artikel 31, Allgemeine Aspekte der \u00dcberwachung und Durchsetzung"},"content":{"rendered":"<p>1. (1) Die Mitgliedstaaten stellen sicher, dass ihre zust\u00e4ndigen Beh\u00f6rden die Einhaltung dieser Richtlinie wirksam \u00fcberwachen und die erforderlichen Ma\u00dfnahmen ergreifen, um die Einhaltung dieser Richtlinie sicherzustellen.<\/p>\n\n\n\n<p>2. Die Mitgliedstaaten k\u00f6nnen ihren zust\u00e4ndigen Beh\u00f6rden gestatten, den Aufsichtsaufgaben Vorrang einzur\u00e4umen. Diese Priorit\u00e4tensetzung erfolgt auf der Grundlage einer <span tabindex='0' class='glossary-item-container'>Risiko<span class='glossary-item-hidden-content'><span class='glossary-item-header'>Risiko<\/span> <span class='glossary-item-description'>Bezeichnet das Potenzial f\u00fcr Verluste oder St\u00f6rungen, die durch ein Ereignis verursacht werden, und wird als Kombination aus dem Ausma\u00df eines solchen Verlusts oder einer solchen St\u00f6rung und der Wahrscheinlichkeit des Eintretens des Ereignisses ausgedr\u00fcckt. <a href=\"https:\/\/nis2resources.eu\/de\/directive\/artikel-6\/\">Definition gem\u00e4\u00df Artikel 6 der Richtlinie (EU) 2022\/2555 (NIS2-Richtlinie)<\/a><\/span><\/span><\/span>-basierten Ansatz. Zu diesem Zweck k\u00f6nnen die zust\u00e4ndigen Beh\u00f6rden bei der Wahrnehmung ihrer Aufsichtsaufgaben gem\u00e4\u00df den Artikeln 32 und 33 Aufsichtsmethoden festlegen, die eine Priorisierung dieser Aufgaben nach einem risikobasierten Ansatz erm\u00f6glichen.<\/p>\n\n\n\n<p>3. Die zust\u00e4ndigen Beh\u00f6rden arbeiten bei der Bew\u00e4ltigung von Vorf\u00e4llen, die zu Verletzungen des Schutzes personenbezogener Daten f\u00fchren, eng mit den Aufsichtsbeh\u00f6rden gem\u00e4\u00df der Verordnung (EU) 2016\/679 zusammen, unbeschadet der Zust\u00e4ndigkeit und der Aufgaben der Aufsichtsbeh\u00f6rden gem\u00e4\u00df der genannten Verordnung.<\/p>\n\n\n\n<p>4. (4) Unbeschadet des nationalen rechtlichen und institutionellen Rahmens stellen die Mitgliedstaaten sicher, dass die zust\u00e4ndigen Beh\u00f6rden bei der Beaufsichtigung der Einhaltung dieser Richtlinie durch \u00f6ffentliche Verwaltungsstellen und bei der Verh\u00e4ngung von Durchsetzungsma\u00dfnahmen bei Verst\u00f6\u00dfen gegen diese Richtlinie \u00fcber angemessene Befugnisse verf\u00fcgen, um diese Aufgaben in operativer Unabh\u00e4ngigkeit gegen\u00fcber den beaufsichtigten \u00f6ffentlichen Verwaltungsstellen wahrzunehmen. Die Mitgliedstaaten k\u00f6nnen \u00fcber die Verh\u00e4ngung geeigneter, verh\u00e4ltnism\u00e4\u00dfiger und wirksamer Aufsichts- und Durchsetzungsma\u00dfnahmen in Bezug auf diese Stellen im Einklang mit dem nationalen rechtlichen und institutionellen Rahmen entscheiden.<\/p>\n\n\n\n<p><\/p>","protected":false},"excerpt":{"rendered":"<p>1. Member States shall ensure that their competent authorities effectively supervise and take the measures necessary to ensure compliance with this Directive. 2. Member States may allow their competent authorities to prioritise supervisory tasks. Such prioritisation shall be based on a riskRisk Means the potential for loss or disruption caused by an incident and is [&hellip;]<\/p>\n","protected":false},"author":1,"featured_media":0,"parent":592,"menu_order":31,"comment_status":"closed","ping_status":"closed","template":"","meta":{"_gspb_post_css":".gspb_container-id-gsbp-318027b{flex-direction:column;box-sizing:border-box}#gspb_container-id-gsbp-318027b.gspb_container>p:last-of-type{margin-bottom:0}.gspb_container{position:relative}#gspb_container-id-gsbp-318027b.gspb_container{background-color:var(--wp--preset--color--palette-color-7, var(--theme-palette-color-7, #F7FAFD));height:100px}","footnotes":""},"class_list":["post-868","page","type-page","status-publish","hentry"],"blocksy_meta":{"has_hero_section":"enabled","styles_descriptor":{"styles":{"desktop":"[data-prefix=\"single_page\"] .entry-header .page-title {--theme-font-size:30px;} [data-prefix=\"single_page\"] .entry-header .entry-meta {--theme-font-weight:600;--theme-text-transform:uppercase;--theme-font-size:12px;--theme-line-height:1.3;}","tablet":"","mobile":""},"google_fonts":[],"version":6},"vertical_spacing_source":"custom","content_area_spacing":"none","page_structure_type":"type-2","hero_elements":[{"id":"custom_title","enabled":true,"heading_tag":"h1","title":"Startseite","__id":"396NmX_C_T7NwNo7f6x0s"},{"id":"custom_description","enabled":true,"description_visibility":{"desktop":true,"tablet":true,"mobile":false},"__id":"vpGlXJ0HtQOwIExloPWB7"},{"id":"custom_meta","enabled":false,"meta_elements":[{"id":"author","enabled":true,"label":"By","has_author_avatar":"yes","avatar_size":25},{"id":"post_date","enabled":true,"label":"On","date_format_source":"default","date_format":"M j, Y"},{"id":"updated_date","enabled":false,"label":"On","date_format_source":"default","date_format":"M j, Y"},{"id":"categories","enabled":false,"label":"In","style":"simple"},{"id":"comments","enabled":true}],"page_meta_elements":{"joined":true,"articles_count":true,"comments":true},"__id":"V_vGBmFq-45m2KxvvaDGy"},{"id":"breadcrumbs","enabled":true,"__id":"nzdAWiz0zgZmqWxYsygsB"},{"id":"content-block","enabled":false,"__id":"OEGW3NQM24xJ9NFtYj-fF"}]},"_links":{"self":[{"href":"https:\/\/nis2resources.eu\/de\/wp-json\/wp\/v2\/pages\/868","targetHints":{"allow":["GET"]}}],"collection":[{"href":"https:\/\/nis2resources.eu\/de\/wp-json\/wp\/v2\/pages"}],"about":[{"href":"https:\/\/nis2resources.eu\/de\/wp-json\/wp\/v2\/types\/page"}],"author":[{"embeddable":true,"href":"https:\/\/nis2resources.eu\/de\/wp-json\/wp\/v2\/users\/1"}],"replies":[{"embeddable":true,"href":"https:\/\/nis2resources.eu\/de\/wp-json\/wp\/v2\/comments?post=868"}],"version-history":[{"count":0,"href":"https:\/\/nis2resources.eu\/de\/wp-json\/wp\/v2\/pages\/868\/revisions"}],"up":[{"embeddable":true,"href":"https:\/\/nis2resources.eu\/de\/wp-json\/wp\/v2\/pages\/592"}],"wp:attachment":[{"href":"https:\/\/nis2resources.eu\/de\/wp-json\/wp\/v2\/media?parent=868"}],"curies":[{"name":"wp","href":"https:\/\/api.w.org\/{rel}","templated":true}]}}