{"id":863,"date":"2024-01-29T16:47:57","date_gmt":"2024-01-29T16:47:57","guid":{"rendered":"https:\/\/nis2resources.eu\/?page_id=863"},"modified":"2024-08-09T09:25:25","modified_gmt":"2024-08-09T09:25:25","slug":"artikel-30","status":"publish","type":"page","link":"https:\/\/nis2resources.eu\/de\/directive-2022-2555-nis2\/article-30\/","title":{"rendered":"Artikel 30, Freiwillige Mitteilung relevanter Informationen"},"content":{"rendered":"<p>1. Die Mitgliedstaaten stellen sicher, dass zus\u00e4tzlich zu der Meldepflicht nach Artikel 23 Meldungen an die CSIRTs oder gegebenenfalls an die zust\u00e4ndigen Beh\u00f6rden auf freiwilliger Basis erfolgen k\u00f6nnen, und zwar durch:<\/p>\n\n\n\n<p>(a) wesentliche und wichtige Einrichtungen in Bezug auf Zwischenf\u00e4lle, Cyber-Bedrohungen und Beinahe-Unf\u00e4lle;<\/p>\n\n\n\n<p>(b) andere als die unter Buchstabe a genannten Stellen, unabh\u00e4ngig davon, ob sie in den Anwendungsbereich dieser Richtlinie fallen, in Bezug auf erhebliche Vorf\u00e4lle, Cyber-Bedrohungen und Beinaheunf\u00e4lle.<\/p>\n\n\n\n<p>2. (2) Die Mitgliedstaaten bearbeiten die in Absatz 1 des vorliegenden Artikels genannten Meldungen nach dem Verfahren des Artikels 23. Die Mitgliedstaaten k\u00f6nnen der Bearbeitung von obligatorischen Meldungen Vorrang vor freiwilligen Meldungen einr\u00e4umen.<\/p>\n\n\n\n<p>Erforderlichenfalls stellen die CSIRTs und gegebenenfalls die zust\u00e4ndigen Beh\u00f6rden den einheitlichen Ansprechpartnern die Informationen \u00fcber die gem\u00e4\u00df diesem Artikel eingegangenen Meldungen zur Verf\u00fcgung, wobei die Vertraulichkeit und der angemessene Schutz der von den meldenden Personen \u00fcbermittelten Informationen gew\u00e4hrleistet werden. <span tabindex='0' class='glossary-item-container'>Unternehmen<span class='glossary-item-hidden-content'><span class='glossary-item-header'>Entit\u00e4t<\/span> <span class='glossary-item-description'>bezeichnet eine nat\u00fcrliche oder juristische Person, die nach dem innerstaatlichen Recht des Ortes ihrer Niederlassung gegr\u00fcndet und als solche anerkannt wurde und die in eigenem Namen handelnd Rechte und Pflichten aus\u00fcben kann. <a href=\"https:\/\/nis2resources.eu\/de\/directive\/artikel-6\/\">Definition gem\u00e4\u00df Artikel 6 der Richtlinie (EU) 2022\/2555 (NIS2-Richtlinie)<\/a><\/span><\/span><\/span>. Unbeschadet der Verh\u00fctung, Ermittlung, Feststellung und Verfolgung von Straftaten darf die freiwillige Meldung nicht dazu f\u00fchren, dass der meldenden Stelle zus\u00e4tzliche Verpflichtungen auferlegt werden, die ihr nicht auferlegt worden w\u00e4ren, wenn sie die Meldung nicht vorgenommen h\u00e4tte.<\/p>\n\n\n\n<p><\/p>","protected":false},"excerpt":{"rendered":"<p>1. Member States shall ensure that, in addition to the notification obligation provided for in Article 23, notifications can be submitted to the CSIRTs or, where applicable, the competent authorities, on a voluntary basis, by: (a) essential and important entities with regard to incidents, cyber threats and near misses; (b) entities other than those referred [&hellip;]<\/p>\n","protected":false},"author":1,"featured_media":0,"parent":592,"menu_order":30,"comment_status":"closed","ping_status":"closed","template":"","meta":{"_gspb_post_css":".gspb_container-id-gsbp-318027b{flex-direction:column;box-sizing:border-box}#gspb_container-id-gsbp-318027b.gspb_container>p:last-of-type{margin-bottom:0}.gspb_container{position:relative}#gspb_container-id-gsbp-318027b.gspb_container{background-color:var(--wp--preset--color--palette-color-7, var(--theme-palette-color-7, #F7FAFD));height:100px}","footnotes":""},"class_list":["post-863","page","type-page","status-publish","hentry"],"blocksy_meta":{"has_hero_section":"enabled","styles_descriptor":{"styles":{"desktop":"[data-prefix=\"single_page\"] .entry-header .page-title {--theme-font-size:30px;} [data-prefix=\"single_page\"] .entry-header .entry-meta {--theme-font-weight:600;--theme-text-transform:uppercase;--theme-font-size:12px;--theme-line-height:1.3;}","tablet":"","mobile":""},"google_fonts":[],"version":6},"vertical_spacing_source":"custom","content_area_spacing":"none","page_structure_type":"type-2","hero_elements":[{"id":"custom_title","enabled":true,"heading_tag":"h1","title":"Startseite","__id":"396NmX_C_T7NwNo7f6x0s"},{"id":"custom_description","enabled":true,"description_visibility":{"desktop":true,"tablet":true,"mobile":false},"__id":"vpGlXJ0HtQOwIExloPWB7"},{"id":"custom_meta","enabled":false,"meta_elements":[{"id":"author","enabled":true,"label":"By","has_author_avatar":"yes","avatar_size":25},{"id":"post_date","enabled":true,"label":"On","date_format_source":"default","date_format":"M j, Y"},{"id":"updated_date","enabled":false,"label":"On","date_format_source":"default","date_format":"M j, Y"},{"id":"categories","enabled":false,"label":"In","style":"simple"},{"id":"comments","enabled":true}],"page_meta_elements":{"joined":true,"articles_count":true,"comments":true},"__id":"V_vGBmFq-45m2KxvvaDGy"},{"id":"breadcrumbs","enabled":true,"__id":"nzdAWiz0zgZmqWxYsygsB"},{"id":"content-block","enabled":false,"__id":"OEGW3NQM24xJ9NFtYj-fF"}]},"_links":{"self":[{"href":"https:\/\/nis2resources.eu\/de\/wp-json\/wp\/v2\/pages\/863","targetHints":{"allow":["GET"]}}],"collection":[{"href":"https:\/\/nis2resources.eu\/de\/wp-json\/wp\/v2\/pages"}],"about":[{"href":"https:\/\/nis2resources.eu\/de\/wp-json\/wp\/v2\/types\/page"}],"author":[{"embeddable":true,"href":"https:\/\/nis2resources.eu\/de\/wp-json\/wp\/v2\/users\/1"}],"replies":[{"embeddable":true,"href":"https:\/\/nis2resources.eu\/de\/wp-json\/wp\/v2\/comments?post=863"}],"version-history":[{"count":0,"href":"https:\/\/nis2resources.eu\/de\/wp-json\/wp\/v2\/pages\/863\/revisions"}],"up":[{"embeddable":true,"href":"https:\/\/nis2resources.eu\/de\/wp-json\/wp\/v2\/pages\/592"}],"wp:attachment":[{"href":"https:\/\/nis2resources.eu\/de\/wp-json\/wp\/v2\/media?parent=863"}],"curies":[{"name":"wp","href":"https:\/\/api.w.org\/{rel}","templated":true}]}}