{"id":843,"date":"2024-01-29T16:47:57","date_gmt":"2024-01-29T16:47:57","guid":{"rendered":"https:\/\/nis2resources.eu\/?page_id=843"},"modified":"2024-08-09T09:20:10","modified_gmt":"2024-08-09T09:20:10","slug":"artikel-25","status":"publish","type":"page","link":"https:\/\/nis2resources.eu\/de\/directive-2022-2555-nis2\/article-25\/","title":{"rendered":"Artikel 25, Normung"},"content":{"rendered":"<p>1. (1) Zur F\u00f6rderung der konvergenten Umsetzung von Artikel 21 Abs\u00e4tze 1 und 2 unterst\u00fctzen die Mitgliedstaaten die Anwendung europ\u00e4ischer und internationaler Normen und technischer Spezifikationen, die f\u00fcr die folgenden Bereiche relevant sind, ohne die Verwendung einer bestimmten Art von Technologie vorzuschreiben oder zu beg\u00fcnstigen <span tabindex='0' class='glossary-item-container'>Sicherheit der Netz- und Informationssysteme<span class='glossary-item-hidden-content'><span class='glossary-item-header'>Sicherheit von Netz- und Informationssystemen<\/span> <span class='glossary-item-description'>bezeichnet die F\u00e4higkeit von Netz- und Informationssystemen, mit einem bestimmten Vertrauensniveau jedem Ereignis zu widerstehen, das die Verf\u00fcgbarkeit, Authentizit\u00e4t, Integrit\u00e4t oder Vertraulichkeit gespeicherter, \u00fcbermittelter oder verarbeiteter Daten oder der von diesen Netz- und Informationssystemen angebotenen oder \u00fcber sie zug\u00e4nglichen Dienste beeintr\u00e4chtigen k\u00f6nnte; - <a href=\"https:\/\/nis2resources.eu\/de\/directive\/artikel-6\/\">Definition gem\u00e4\u00df Artikel 6 der Richtlinie (EU) 2022\/2555 (NIS2-Richtlinie)<\/a><\/span><\/span><\/span>.<\/p>\n\n\n\n<p>2. (2) Die ENISA erstellt in Zusammenarbeit mit den Mitgliedstaaten und gegebenenfalls nach Anh\u00f6rung der einschl\u00e4gigen Interessengruppen Ratschl\u00e4ge und Leitlinien in Bezug auf die technischen Bereiche, die im Zusammenhang mit Absatz 1 zu ber\u00fccksichtigen sind, sowie in Bezug auf bereits bestehende Normen, einschlie\u00dflich nationaler Normen, die die Abdeckung dieser Bereiche erm\u00f6glichen w\u00fcrden.<\/p>","protected":false},"excerpt":{"rendered":"<p>1. In order to promote the convergent implementation of Article 21(1) and (2), Member States shall, without imposing or discriminating in favour of the use of a particular type of technology, encourage the use of European and international standards and technical specifications relevant to the security of network and information systemsSecurity of Network and Information [&hellip;]<\/p>\n","protected":false},"author":1,"featured_media":0,"parent":592,"menu_order":25,"comment_status":"closed","ping_status":"closed","template":"","meta":{"_gspb_post_css":".gspb_container-id-gsbp-318027b{flex-direction:column;box-sizing:border-box}#gspb_container-id-gsbp-318027b.gspb_container>p:last-of-type{margin-bottom:0}.gspb_container{position:relative}#gspb_container-id-gsbp-318027b.gspb_container{background-color:var(--wp--preset--color--palette-color-7, var(--theme-palette-color-7, #F7FAFD));height:100px}","footnotes":""},"class_list":["post-843","page","type-page","status-publish","hentry"],"blocksy_meta":{"has_hero_section":"enabled","styles_descriptor":{"styles":{"desktop":"[data-prefix=\"single_page\"] .entry-header .page-title {--theme-font-size:30px;} [data-prefix=\"single_page\"] .entry-header .entry-meta {--theme-font-weight:600;--theme-text-transform:uppercase;--theme-font-size:12px;--theme-line-height:1.3;}","tablet":"","mobile":""},"google_fonts":[],"version":6},"vertical_spacing_source":"custom","content_area_spacing":"none","page_structure_type":"type-2","hero_elements":[{"id":"custom_title","enabled":true,"heading_tag":"h1","title":"Startseite","__id":"396NmX_C_T7NwNo7f6x0s"},{"id":"custom_description","enabled":true,"description_visibility":{"desktop":true,"tablet":true,"mobile":false},"__id":"vpGlXJ0HtQOwIExloPWB7"},{"id":"custom_meta","enabled":false,"meta_elements":[{"id":"author","enabled":true,"label":"By","has_author_avatar":"yes","avatar_size":25},{"id":"post_date","enabled":true,"label":"On","date_format_source":"default","date_format":"M j, Y"},{"id":"updated_date","enabled":false,"label":"On","date_format_source":"default","date_format":"M j, Y"},{"id":"categories","enabled":false,"label":"In","style":"simple"},{"id":"comments","enabled":true}],"page_meta_elements":{"joined":true,"articles_count":true,"comments":true},"__id":"V_vGBmFq-45m2KxvvaDGy"},{"id":"breadcrumbs","enabled":true,"__id":"nzdAWiz0zgZmqWxYsygsB"},{"id":"content-block","enabled":false,"__id":"OEGW3NQM24xJ9NFtYj-fF"}]},"_links":{"self":[{"href":"https:\/\/nis2resources.eu\/de\/wp-json\/wp\/v2\/pages\/843","targetHints":{"allow":["GET"]}}],"collection":[{"href":"https:\/\/nis2resources.eu\/de\/wp-json\/wp\/v2\/pages"}],"about":[{"href":"https:\/\/nis2resources.eu\/de\/wp-json\/wp\/v2\/types\/page"}],"author":[{"embeddable":true,"href":"https:\/\/nis2resources.eu\/de\/wp-json\/wp\/v2\/users\/1"}],"replies":[{"embeddable":true,"href":"https:\/\/nis2resources.eu\/de\/wp-json\/wp\/v2\/comments?post=843"}],"version-history":[{"count":0,"href":"https:\/\/nis2resources.eu\/de\/wp-json\/wp\/v2\/pages\/843\/revisions"}],"up":[{"embeddable":true,"href":"https:\/\/nis2resources.eu\/de\/wp-json\/wp\/v2\/pages\/592"}],"wp:attachment":[{"href":"https:\/\/nis2resources.eu\/de\/wp-json\/wp\/v2\/media?parent=843"}],"curies":[{"name":"wp","href":"https:\/\/api.w.org\/{rel}","templated":true}]}}