{"id":807,"date":"2024-01-29T16:47:57","date_gmt":"2024-01-29T16:47:57","guid":{"rendered":"https:\/\/nis2resources.eu\/?page_id=807"},"modified":"2024-08-09T09:07:44","modified_gmt":"2024-08-09T09:07:44","slug":"artikel-18","status":"publish","type":"page","link":"https:\/\/nis2resources.eu\/de\/directive-2022-2555-nis2\/article-18\/","title":{"rendered":"Artikel 18, Bericht \u00fcber den Stand der Cybersicherheit in der Union"},"content":{"rendered":"<p>1. (1) Die ENISA nimmt in Zusammenarbeit mit der Kommission und der Gruppe \"Zusammenarbeit\" alle zwei Jahre einen Bericht \u00fcber den Stand der <span tabindex='0' class='glossary-item-container'>Cybersicherheit<span class='glossary-item-hidden-content'><span class='glossary-item-header'>Cybersecurity<\/span> <span class='glossary-item-description'>\"Cybersicherheit\" ist die Cybersicherheit im Sinne von Artikel 2 Nummer 1 der Verordnung (EU) 2019\/881; - <a href=\"https:\/\/nis2resources.eu\/de\/directive\/artikel-6\/\">Definition gem\u00e4\u00df Artikel 6 der Richtlinie (EU) 2022\/2555 (NIS2-Richtlinie)<\/a>\r\r\"Cybersicherheit\" bezeichnet die T\u00e4tigkeiten, die erforderlich sind, um Netz- und Informationssysteme, die Nutzer solcher Systeme und andere von Cyberbedrohungen betroffene Personen zu sch\u00fctzen; - Definition gem\u00e4\u00df Artikel 2 Nummer 1 der Verordnung (EU) 2019\/881;<\/span><\/span><\/span> in der Union und legt diesen Bericht dem Europ\u00e4ischen Parlament vor. Der Bericht wird unter anderem in maschinenlesbaren Daten zur Verf\u00fcgung gestellt und enth\u00e4lt Folgendes:<\/p>\n\n\n\n<p>(a) eine Cybersicherheit auf Unionsebene <span tabindex='0' class='glossary-item-container'>Risiko<span class='glossary-item-hidden-content'><span class='glossary-item-header'>Risiko<\/span> <span class='glossary-item-description'>Bezeichnet das Potenzial f\u00fcr Verluste oder St\u00f6rungen, die durch ein Ereignis verursacht werden, und wird als Kombination aus dem Ausma\u00df eines solchen Verlusts oder einer solchen St\u00f6rung und der Wahrscheinlichkeit des Eintretens des Ereignisses ausgedr\u00fcckt. <a href=\"https:\/\/nis2resources.eu\/de\/directive\/artikel-6\/\">Definition gem\u00e4\u00df Artikel 6 der Richtlinie (EU) 2022\/2555 (NIS2-Richtlinie)<\/a><\/span><\/span><\/span> Bewertung, unter Ber\u00fccksichtigung der <span tabindex='0' class='glossary-item-container'>Cyber-Bedrohung<span class='glossary-item-hidden-content'><span class='glossary-item-header'>Cyber-Bedrohung<\/span> <span class='glossary-item-description'>bezeichnet alle potenziellen Umst\u00e4nde, Ereignisse oder Handlungen, die Netz- und Informationssysteme, die Nutzer solcher Systeme und andere Personen besch\u00e4digen, st\u00f6ren oder anderweitig beeintr\u00e4chtigen k\u00f6nnten - Definition gem\u00e4\u00df Artikel 2 Nummer 8 der Verordnung (EU) 2019\/881<\/span><\/span><\/span> Landschaft;<\/p>\n\n\n\n<p>(b) eine Bewertung der Entwicklung der Cybersicherheitskapazit\u00e4ten im \u00f6ffentlichen und privaten Sektor in der gesamten Union;<\/p>\n\n\n\n<p>(c) eine Bewertung des allgemeinen Niveaus des Cybersicherheitsbewusstseins und der Cyberhygiene bei B\u00fcrgern und Einrichtungen, einschlie\u00dflich kleiner und mittlerer Unternehmen;<\/p>\n\n\n\n<p>(d) eine aggregierte Bewertung der Ergebnisse der in Artikel 19 genannten Peer Reviews;<\/p>\n\n\n\n<p>(e) eine aggregierte Bewertung des Reifegrads der Cybersicherheitskapazit\u00e4ten und -ressourcen in der gesamten Union, einschlie\u00dflich derjenigen auf Sektorebene, sowie des Umfangs, in dem die nationalen Cybersicherheitsstrategien der Mitgliedstaaten aufeinander abgestimmt sind.<\/p>\n\n\n\n<p>2. Der Bericht enth\u00e4lt besondere politische Empfehlungen zur Behebung von M\u00e4ngeln und zur Verbesserung der Cybersicherheit in der gesamten Union sowie eine Zusammenfassung der Erkenntnisse f\u00fcr den betreffenden Zeitraum aus den von der ENISA gem\u00e4\u00df Artikel 7 Absatz 6 der Verordnung (EU) 2019\/881 erstellten technischen Lageberichten zur Cybersicherheit in der EU \u00fcber Vorf\u00e4lle und Cyberbedrohungen.<\/p>\n\n\n\n<p>3. (3) Die ENISA entwickelt in Zusammenarbeit mit der Kommission, der Gruppe \"Zusammenarbeit\" und dem CSIRT-Netz die Methodik, einschlie\u00dflich der einschl\u00e4gigen Variablen, wie quantitativer und qualitativer Indikatoren, f\u00fcr die aggregierte Bewertung nach Absatz 1 Buchstabe e.<\/p>\n\n\n\n<p><\/p>","protected":false},"excerpt":{"rendered":"<p>1. ENISA shall adopt, in cooperation with the Commission and the Cooperation Group, a biennial report on the state of cybersecurityCybersecurity \u2018cybersecurity\u2019 means cybersecurity as defined in Article 2, point (1), of Regulation (EU) 2019\/881; &#8211; Definition according Article 6 Directive (EU) 2022\/2555 (NIS2 Directive) &#8216;cybersecurity\u2019 means the activities necessary to protect network and information [&hellip;]<\/p>\n","protected":false},"author":1,"featured_media":0,"parent":592,"menu_order":18,"comment_status":"closed","ping_status":"closed","template":"","meta":{"_gspb_post_css":".gspb_container-id-gsbp-318027b{flex-direction:column;box-sizing:border-box}#gspb_container-id-gsbp-318027b.gspb_container>p:last-of-type{margin-bottom:0}.gspb_container{position:relative}#gspb_container-id-gsbp-318027b.gspb_container{background-color:var(--wp--preset--color--palette-color-7, var(--theme-palette-color-7, #F7FAFD));height:100px}","footnotes":""},"class_list":["post-807","page","type-page","status-publish","hentry"],"blocksy_meta":{"has_hero_section":"enabled","styles_descriptor":{"styles":{"desktop":"[data-prefix=\"single_page\"] .entry-header .page-title {--theme-font-size:30px;} [data-prefix=\"single_page\"] .entry-header .entry-meta {--theme-font-weight:600;--theme-text-transform:uppercase;--theme-font-size:12px;--theme-line-height:1.3;}","tablet":"","mobile":""},"google_fonts":[],"version":6},"vertical_spacing_source":"custom","content_area_spacing":"none","page_structure_type":"type-2","hero_elements":[{"id":"custom_title","enabled":true,"heading_tag":"h1","title":"Startseite","__id":"396NmX_C_T7NwNo7f6x0s"},{"id":"custom_description","enabled":true,"description_visibility":{"desktop":true,"tablet":true,"mobile":false},"__id":"vpGlXJ0HtQOwIExloPWB7"},{"id":"custom_meta","enabled":false,"meta_elements":[{"id":"author","enabled":true,"label":"By","has_author_avatar":"yes","avatar_size":25},{"id":"post_date","enabled":true,"label":"On","date_format_source":"default","date_format":"M j, Y"},{"id":"updated_date","enabled":false,"label":"On","date_format_source":"default","date_format":"M j, Y"},{"id":"categories","enabled":false,"label":"In","style":"simple"},{"id":"comments","enabled":true}],"page_meta_elements":{"joined":true,"articles_count":true,"comments":true},"__id":"V_vGBmFq-45m2KxvvaDGy"},{"id":"breadcrumbs","enabled":true,"__id":"nzdAWiz0zgZmqWxYsygsB"},{"id":"content-block","enabled":false,"__id":"OEGW3NQM24xJ9NFtYj-fF"}]},"_links":{"self":[{"href":"https:\/\/nis2resources.eu\/de\/wp-json\/wp\/v2\/pages\/807","targetHints":{"allow":["GET"]}}],"collection":[{"href":"https:\/\/nis2resources.eu\/de\/wp-json\/wp\/v2\/pages"}],"about":[{"href":"https:\/\/nis2resources.eu\/de\/wp-json\/wp\/v2\/types\/page"}],"author":[{"embeddable":true,"href":"https:\/\/nis2resources.eu\/de\/wp-json\/wp\/v2\/users\/1"}],"replies":[{"embeddable":true,"href":"https:\/\/nis2resources.eu\/de\/wp-json\/wp\/v2\/comments?post=807"}],"version-history":[{"count":0,"href":"https:\/\/nis2resources.eu\/de\/wp-json\/wp\/v2\/pages\/807\/revisions"}],"up":[{"embeddable":true,"href":"https:\/\/nis2resources.eu\/de\/wp-json\/wp\/v2\/pages\/592"}],"wp:attachment":[{"href":"https:\/\/nis2resources.eu\/de\/wp-json\/wp\/v2\/media?parent=807"}],"curies":[{"name":"wp","href":"https:\/\/api.w.org\/{rel}","templated":true}]}}