{"id":793,"date":"2024-01-29T16:47:57","date_gmt":"2024-01-29T16:47:57","guid":{"rendered":"https:\/\/nis2resources.eu\/?page_id=793"},"modified":"2024-08-09T09:02:40","modified_gmt":"2024-08-09T09:02:40","slug":"artikel-16","status":"publish","type":"page","link":"https:\/\/nis2resources.eu\/de\/directive-2022-2555-nis2\/article-16\/","title":{"rendered":"Artikel 16, Europ\u00e4isches Verbindungsnetz f\u00fcr Computerkrisen (EU-CyCLONe)"},"content":{"rendered":"<p>1. EU-CyCLONe wurde eingerichtet, um das koordinierte Management von gro\u00df angelegten <span tabindex='0' class='glossary-item-container'>Cybersicherheit<span class='glossary-item-hidden-content'><span class='glossary-item-header'>Cybersecurity<\/span> <span class='glossary-item-description'>\"Cybersicherheit\" ist die Cybersicherheit im Sinne von Artikel 2 Nummer 1 der Verordnung (EU) 2019\/881; - <a href=\"https:\/\/nis2resources.eu\/de\/directive\/artikel-6\/\">Definition gem\u00e4\u00df Artikel 6 der Richtlinie (EU) 2022\/2555 (NIS2-Richtlinie)<\/a>\r\r\"Cybersicherheit\" bezeichnet die T\u00e4tigkeiten, die erforderlich sind, um Netz- und Informationssysteme, die Nutzer solcher Systeme und andere von Cyberbedrohungen betroffene Personen zu sch\u00fctzen; - Definition gem\u00e4\u00df Artikel 2 Nummer 1 der Verordnung (EU) 2019\/881;<\/span><\/span><\/span> Zwischenf\u00e4lle und Krisen auf operativer Ebene und zur Gew\u00e4hrleistung eines regelm\u00e4\u00dfigen Austauschs relevanter Informationen zwischen den Mitgliedstaaten und den Organen, Einrichtungen, \u00c4mtern und Agenturen der Union.<\/p>\n\n\n\n<p>2. Die EU-CyCLONe setzt sich aus Vertretern der f\u00fcr die Bew\u00e4ltigung von Cyber-Krisen zust\u00e4ndigen Beh\u00f6rden der Mitgliedstaaten sowie - in F\u00e4llen, in denen eine potenzielle oder laufende <span tabindex='0' class='glossary-item-container'>gro\u00df angelegter Cybersicherheitsvorfall<span class='glossary-item-hidden-content'><span class='glossary-item-header'>Gro\u00dfer Vorfall im Bereich der Cybersicherheit<\/span> <span class='glossary-item-description'>Ein Ereignis, das ein Ausma\u00df an St\u00f6rungen verursacht, das die Reaktionsf\u00e4higkeit eines Mitgliedstaats \u00fcbersteigt, oder das erhebliche Auswirkungen auf mindestens zwei Mitgliedstaaten hat. <a href=\"https:\/\/nis2resources.eu\/de\/directive\/artikel-6\/\">Definition gem\u00e4\u00df Artikel 6 der Richtlinie (EU) 2022\/2555 (NIS2-Richtlinie)<\/a><\/span><\/span><\/span> erhebliche Auswirkungen auf die in den Anwendungsbereich dieser Richtlinie fallenden Dienstleistungen und T\u00e4tigkeiten hat oder haben kann, die Kommission. In anderen F\u00e4llen nimmt die Kommission an den T\u00e4tigkeiten des EU-CyCLONe als Beobachter teil.<\/p>\n\n\n\n<p>Die ENISA stellt das Sekretariat des EU-CyCLONe und unterst\u00fctzt den sicheren Informationsaustausch sowie die Bereitstellung der erforderlichen Instrumente zur Unterst\u00fctzung der Zusammenarbeit zwischen den Mitgliedstaaten, um einen sicheren Informationsaustausch zu gew\u00e4hrleisten.<\/p>\n\n\n\n<p>Gegebenenfalls kann EU-CyCLONe Vertreter relevanter Interessengruppen einladen, als Beobachter an seiner Arbeit teilzunehmen.<\/p>\n\n\n\n<p>3. EU-CyCLONe hat die folgenden Aufgaben:<\/p>\n\n\n\n<p>(a) Erh\u00f6hung des Bereitschaftsniveaus f\u00fcr die Bew\u00e4ltigung gro\u00df angelegter Cybersicherheitsvorf\u00e4lle und -krisen;<\/p>\n\n\n\n<p>(b) Entwicklung eines gemeinsamen Lagebewusstseins f\u00fcr gro\u00df angelegte Cybersicherheitsvorf\u00e4lle und -krisen;<\/p>\n\n\n\n<p>(c) Bewertung der Folgen und Auswirkungen einschl\u00e4giger gro\u00df angelegter Cybersicherheitsvorf\u00e4lle und -krisen und Vorschlag m\u00f6glicher Abhilfema\u00dfnahmen;<\/p>\n\n\n\n<p>(d) Koordinierung der Bew\u00e4ltigung gro\u00df angelegter Cybersicherheitsvorf\u00e4lle und -krisen und Unterst\u00fctzung der Entscheidungsfindung auf politischer Ebene im Zusammenhang mit solchen Vorf\u00e4llen und Krisen;<\/p>\n\n\n\n<p>(e) auf Ersuchen eines betroffenen Mitgliedstaats Er\u00f6rterung nationaler gro\u00df angelegter Reaktionspl\u00e4ne f\u00fcr Cybersicherheitsvorf\u00e4lle und -krisen gem\u00e4\u00df Artikel 9 Absatz 4.<\/p>\n\n\n\n<p>4. Die EU-CyCLONe gibt sich eine Gesch\u00e4ftsordnung.<\/p>\n\n\n\n<p>5. Die EU-CyCLONe erstattet der Kooperationsgruppe regelm\u00e4\u00dfig Bericht \u00fcber die Bew\u00e4ltigung gro\u00df angelegter Cybersicherheitsvorf\u00e4lle und -krisen sowie \u00fcber Trends, wobei sie sich insbesondere auf deren Auswirkungen auf wesentliche und wichtige Einrichtungen konzentriert.<\/p>\n\n\n\n<p>6. (6) Das EU-CyCLONe arbeitet mit dem CSIRT-Netz auf der Grundlage der in Artikel 15 Absatz 6 vorgesehenen Verfahrensvereinbarungen zusammen.<\/p>\n\n\n\n<p>7. Bis zum 17. Juli 2024 und danach alle 18 Monate legt die EU-CyCLONe dem Europ\u00e4ischen Parlament und dem Rat einen Bericht zur Bewertung ihrer Arbeit vor.<\/p>\n\n\n\n<p><\/p>","protected":false},"excerpt":{"rendered":"<p>1. EU-CyCLONe is established to support the coordinated management of large-scale cybersecurityCybersecurity \u2018cybersecurity\u2019 means cybersecurity as defined in Article 2, point (1), of Regulation (EU) 2019\/881; &#8211; Definition according Article 6 Directive (EU) 2022\/2555 (NIS2 Directive) &#8216;cybersecurity\u2019 means the activities necessary to protect network and information systems, the users of such systems, and other persons [&hellip;]<\/p>\n","protected":false},"author":1,"featured_media":0,"parent":592,"menu_order":16,"comment_status":"closed","ping_status":"closed","template":"","meta":{"_gspb_post_css":".gspb_container-id-gsbp-318027b{flex-direction:column;box-sizing:border-box}#gspb_container-id-gsbp-318027b.gspb_container>p:last-of-type{margin-bottom:0}.gspb_container{position:relative}#gspb_container-id-gsbp-318027b.gspb_container{background-color:var(--wp--preset--color--palette-color-7, var(--theme-palette-color-7, #F7FAFD));height:100px}","footnotes":""},"class_list":["post-793","page","type-page","status-publish","hentry"],"blocksy_meta":{"has_hero_section":"enabled","styles_descriptor":{"styles":{"desktop":"[data-prefix=\"single_page\"] .entry-header .page-title {--theme-font-size:30px;} [data-prefix=\"single_page\"] .entry-header .entry-meta {--theme-font-weight:600;--theme-text-transform:uppercase;--theme-font-size:12px;--theme-line-height:1.3;}","tablet":"","mobile":""},"google_fonts":[],"version":6},"vertical_spacing_source":"custom","content_area_spacing":"none","page_structure_type":"type-2","hero_elements":[{"id":"custom_title","enabled":true,"heading_tag":"h1","title":"Startseite","__id":"396NmX_C_T7NwNo7f6x0s"},{"id":"custom_description","enabled":true,"description_visibility":{"desktop":true,"tablet":true,"mobile":false},"__id":"vpGlXJ0HtQOwIExloPWB7"},{"id":"custom_meta","enabled":false,"meta_elements":[{"id":"author","enabled":true,"label":"By","has_author_avatar":"yes","avatar_size":25},{"id":"post_date","enabled":true,"label":"On","date_format_source":"default","date_format":"M j, Y"},{"id":"updated_date","enabled":false,"label":"On","date_format_source":"default","date_format":"M j, Y"},{"id":"categories","enabled":false,"label":"In","style":"simple"},{"id":"comments","enabled":true}],"page_meta_elements":{"joined":true,"articles_count":true,"comments":true},"__id":"V_vGBmFq-45m2KxvvaDGy"},{"id":"breadcrumbs","enabled":true,"__id":"nzdAWiz0zgZmqWxYsygsB"},{"id":"content-block","enabled":false,"__id":"OEGW3NQM24xJ9NFtYj-fF"}]},"_links":{"self":[{"href":"https:\/\/nis2resources.eu\/de\/wp-json\/wp\/v2\/pages\/793","targetHints":{"allow":["GET"]}}],"collection":[{"href":"https:\/\/nis2resources.eu\/de\/wp-json\/wp\/v2\/pages"}],"about":[{"href":"https:\/\/nis2resources.eu\/de\/wp-json\/wp\/v2\/types\/page"}],"author":[{"embeddable":true,"href":"https:\/\/nis2resources.eu\/de\/wp-json\/wp\/v2\/users\/1"}],"replies":[{"embeddable":true,"href":"https:\/\/nis2resources.eu\/de\/wp-json\/wp\/v2\/comments?post=793"}],"version-history":[{"count":0,"href":"https:\/\/nis2resources.eu\/de\/wp-json\/wp\/v2\/pages\/793\/revisions"}],"up":[{"embeddable":true,"href":"https:\/\/nis2resources.eu\/de\/wp-json\/wp\/v2\/pages\/592"}],"wp:attachment":[{"href":"https:\/\/nis2resources.eu\/de\/wp-json\/wp\/v2\/media?parent=793"}],"curies":[{"name":"wp","href":"https:\/\/api.w.org\/{rel}","templated":true}]}}