{"id":716,"date":"2024-01-29T16:47:57","date_gmt":"2024-01-29T16:47:57","guid":{"rendered":"https:\/\/nis2resources.eu\/?page_id=716"},"modified":"2024-08-09T07:41:29","modified_gmt":"2024-08-09T07:41:29","slug":"artikel-8","status":"publish","type":"page","link":"https:\/\/nis2resources.eu\/de\/directive-2022-2555-nis2\/article-8\/","title":{"rendered":"Artikel 8, Zust\u00e4ndige Beh\u00f6rden und zentrale Anlaufstellen"},"content":{"rendered":"<p>1. Jeder Mitgliedstaat benennt oder errichtet eine oder mehrere zust\u00e4ndige Beh\u00f6rden, die verantwortlich sind f\u00fcr <span tabindex='0' class='glossary-item-container'>Cybersicherheit<span class='glossary-item-hidden-content'><span class='glossary-item-header'>Cybersecurity<\/span> <span class='glossary-item-description'>\"Cybersicherheit\" ist die Cybersicherheit im Sinne von Artikel 2 Nummer 1 der Verordnung (EU) 2019\/881; - <a href=\"https:\/\/nis2resources.eu\/de\/directive\/artikel-6\/\">Definition gem\u00e4\u00df Artikel 6 der Richtlinie (EU) 2022\/2555 (NIS2-Richtlinie)<\/a>\r\r\"Cybersicherheit\" bezeichnet die T\u00e4tigkeiten, die erforderlich sind, um Netz- und Informationssysteme, die Nutzer solcher Systeme und andere von Cyberbedrohungen betroffene Personen zu sch\u00fctzen; - Definition gem\u00e4\u00df Artikel 2 Nummer 1 der Verordnung (EU) 2019\/881;<\/span><\/span><\/span> und f\u00fcr die in Kapitel VII genannten Aufsichtsaufgaben (zust\u00e4ndige Beh\u00f6rden).<\/p>\n\n\n\n<p>2. Die in Absatz 1 genannten zust\u00e4ndigen Beh\u00f6rden \u00fcberwachen die Durchf\u00fchrung dieser Richtlinie auf nationaler Ebene.<\/p>\n\n\n\n<p>3. (3) Jeder Mitgliedstaat benennt oder errichtet eine einzige Kontaktstelle. Benennt oder errichtet ein Mitgliedstaat nur eine einzige zust\u00e4ndige Beh\u00f6rde gem\u00e4\u00df Absatz 1, so ist diese zust\u00e4ndige Beh\u00f6rde auch die einzige Anlaufstelle f\u00fcr diesen Mitgliedstaat.<\/p>\n\n\n\n<p>4. Jede zentrale Kontaktstelle \u00fcbt eine Verbindungsfunktion aus, um die grenz\u00fcberschreitende Zusammenarbeit der Beh\u00f6rden ihres Mitgliedstaats mit den einschl\u00e4gigen Beh\u00f6rden anderer Mitgliedstaaten und gegebenenfalls mit der Kommission und der ENISA sowie die sektor\u00fcbergreifende Zusammenarbeit mit anderen zust\u00e4ndigen Beh\u00f6rden in ihrem Mitgliedstaat sicherzustellen.<\/p>\n\n\n\n<p>5. (5) Die Mitgliedstaaten stellen sicher, dass ihre zust\u00e4ndigen Beh\u00f6rden und einheitlichen Ansprechpartner \u00fcber angemessene Ressourcen verf\u00fcgen, um die ihnen \u00fcbertragenen Aufgaben wirksam und effizient zu erf\u00fcllen und damit die Ziele dieser Richtlinie zu erreichen.<\/p>\n\n\n\n<p>6. (6) Jeder Mitgliedstaat teilt der Kommission unverz\u00fcglich die Identit\u00e4t der in Absatz 1 genannten zust\u00e4ndigen Beh\u00f6rde und des in Absatz 3 genannten einheitlichen Ansprechpartners sowie die Aufgaben dieser Beh\u00f6rden und alle diesbez\u00fcglichen \u00c4nderungen mit. Jeder Mitgliedstaat gibt die Identit\u00e4t seiner zust\u00e4ndigen Beh\u00f6rde bekannt. Die Kommission macht eine Liste der einheitlichen Ansprechpartner \u00f6ffentlich zug\u00e4nglich.<\/p>","protected":false},"excerpt":{"rendered":"<p>1. Each Member State shall designate or establish one or more competent authorities responsible for cybersecurityCybersecurity \u2018cybersecurity\u2019 means cybersecurity as defined in Article 2, point (1), of Regulation (EU) 2019\/881; &#8211; Definition according Article 6 Directive (EU) 2022\/2555 (NIS2 Directive) &#8216;cybersecurity\u2019 means the activities necessary to protect network and information systems, the users of such [&hellip;]<\/p>\n","protected":false},"author":1,"featured_media":0,"parent":592,"menu_order":8,"comment_status":"closed","ping_status":"closed","template":"","meta":{"_gspb_post_css":".gspb_container-id-gsbp-318027b{flex-direction:column;box-sizing:border-box}#gspb_container-id-gsbp-318027b.gspb_container>p:last-of-type{margin-bottom:0}.gspb_container{position:relative}#gspb_container-id-gsbp-318027b.gspb_container{background-color:var(--wp--preset--color--palette-color-7, var(--theme-palette-color-7, #F7FAFD));height:100px}","footnotes":""},"class_list":["post-716","page","type-page","status-publish","hentry"],"blocksy_meta":{"has_hero_section":"enabled","styles_descriptor":{"styles":{"desktop":"[data-prefix=\"single_page\"] .entry-header .page-title {--theme-font-size:30px;} [data-prefix=\"single_page\"] .entry-header .entry-meta {--theme-font-weight:600;--theme-text-transform:uppercase;--theme-font-size:12px;--theme-line-height:1.3;}","tablet":"","mobile":""},"google_fonts":[],"version":6},"vertical_spacing_source":"custom","content_area_spacing":"none","page_structure_type":"type-2","hero_elements":[{"id":"custom_title","enabled":true,"heading_tag":"h1","title":"Startseite","__id":"396NmX_C_T7NwNo7f6x0s"},{"id":"custom_description","enabled":true,"description_visibility":{"desktop":true,"tablet":true,"mobile":false},"__id":"vpGlXJ0HtQOwIExloPWB7"},{"id":"custom_meta","enabled":false,"meta_elements":[{"id":"author","enabled":true,"label":"By","has_author_avatar":"yes","avatar_size":25},{"id":"post_date","enabled":true,"label":"On","date_format_source":"default","date_format":"M j, Y"},{"id":"updated_date","enabled":false,"label":"On","date_format_source":"default","date_format":"M j, Y"},{"id":"categories","enabled":false,"label":"In","style":"simple"},{"id":"comments","enabled":true}],"page_meta_elements":{"joined":true,"articles_count":true,"comments":true},"__id":"V_vGBmFq-45m2KxvvaDGy"},{"id":"breadcrumbs","enabled":true,"__id":"nzdAWiz0zgZmqWxYsygsB"},{"id":"content-block","enabled":false,"__id":"OEGW3NQM24xJ9NFtYj-fF"}]},"_links":{"self":[{"href":"https:\/\/nis2resources.eu\/de\/wp-json\/wp\/v2\/pages\/716","targetHints":{"allow":["GET"]}}],"collection":[{"href":"https:\/\/nis2resources.eu\/de\/wp-json\/wp\/v2\/pages"}],"about":[{"href":"https:\/\/nis2resources.eu\/de\/wp-json\/wp\/v2\/types\/page"}],"author":[{"embeddable":true,"href":"https:\/\/nis2resources.eu\/de\/wp-json\/wp\/v2\/users\/1"}],"replies":[{"embeddable":true,"href":"https:\/\/nis2resources.eu\/de\/wp-json\/wp\/v2\/comments?post=716"}],"version-history":[{"count":0,"href":"https:\/\/nis2resources.eu\/de\/wp-json\/wp\/v2\/pages\/716\/revisions"}],"up":[{"embeddable":true,"href":"https:\/\/nis2resources.eu\/de\/wp-json\/wp\/v2\/pages\/592"}],"wp:attachment":[{"href":"https:\/\/nis2resources.eu\/de\/wp-json\/wp\/v2\/media?parent=716"}],"curies":[{"name":"wp","href":"https:\/\/api.w.org\/{rel}","templated":true}]}}