{"id":705,"date":"2024-01-29T16:47:57","date_gmt":"2024-01-29T16:47:57","guid":{"rendered":"https:\/\/nis2resources.eu\/?page_id=705"},"modified":"2024-08-09T07:40:58","modified_gmt":"2024-08-09T07:40:58","slug":"artikel-4","status":"publish","type":"page","link":"https:\/\/nis2resources.eu\/de\/directive-2022-2555-nis2\/article-4\/","title":{"rendered":"Artikel 4, Sektorspezifische Rechtsakte der Union"},"content":{"rendered":"<p>1. Wenn sektorspezifische Rechtsakte der Union vorschreiben, dass wesentliche oder wichtige Einrichtungen <span tabindex='0' class='glossary-item-container'>Cybersicherheit<span class='glossary-item-hidden-content'><span class='glossary-item-header'>Cybersecurity<\/span> <span class='glossary-item-description'>\"Cybersicherheit\" ist die Cybersicherheit im Sinne von Artikel 2 Nummer 1 der Verordnung (EU) 2019\/881; - <a href=\"https:\/\/nis2resources.eu\/de\/directive\/artikel-6\/\">Definition gem\u00e4\u00df Artikel 6 der Richtlinie (EU) 2022\/2555 (NIS2-Richtlinie)<\/a>\r\r\"Cybersicherheit\" bezeichnet die T\u00e4tigkeiten, die erforderlich sind, um Netz- und Informationssysteme, die Nutzer solcher Systeme und andere von Cyberbedrohungen betroffene Personen zu sch\u00fctzen; - Definition gem\u00e4\u00df Artikel 2 Nummer 1 der Verordnung (EU) 2019\/881;<\/span><\/span><\/span> <span tabindex='0' class='glossary-item-container'>Risiko<span class='glossary-item-hidden-content'><span class='glossary-item-header'>Risiko<\/span> <span class='glossary-item-description'>Bezeichnet das Potenzial f\u00fcr Verluste oder St\u00f6rungen, die durch ein Ereignis verursacht werden, und wird als Kombination aus dem Ausma\u00df eines solchen Verlusts oder einer solchen St\u00f6rung und der Wahrscheinlichkeit des Eintretens des Ereignisses ausgedr\u00fcckt. <a href=\"https:\/\/nis2resources.eu\/de\/directive\/artikel-6\/\">Definition gem\u00e4\u00df Artikel 6 der Richtlinie (EU) 2022\/2555 (NIS2-Richtlinie)<\/a><\/span><\/span><\/span>-Managementma\u00dfnahmen zu ergreifen oder bedeutende Vorf\u00e4lle zu melden, und sind diese Anforderungen in ihrer Wirkung den in dieser Richtlinie festgelegten Verpflichtungen zumindest gleichwertig, so gelten die einschl\u00e4gigen Bestimmungen dieser Richtlinie, einschlie\u00dflich der in Kapitel VII festgelegten Bestimmungen \u00fcber die Aufsicht und Durchsetzung, nicht f\u00fcr diese Stellen. Erfassen sektorspezifische Rechtsakte der Union nicht alle Stellen eines bestimmten Sektors, der in den Anwendungsbereich dieser Richtlinie f\u00e4llt, so gelten die einschl\u00e4gigen Bestimmungen dieser Richtlinie weiterhin f\u00fcr die Stellen, die nicht unter diese sektorspezifischen Rechtsakte der Union fallen.<\/p>\n\n\n\n<p>2. (2) Die in Absatz 1 des vorliegenden Artikels genannten Anforderungen gelten als in ihrer Wirkung den in dieser Richtlinie festgelegten Verpflichtungen gleichwertig, wenn:<\/p>\n\n\n\n<p>(a) die Ma\u00dfnahmen f\u00fcr das Risikomanagement im Bereich der Cybersicherheit in ihrer Wirkung den in Artikel 21 Abs\u00e4tze 1 und 2 festgelegten Ma\u00dfnahmen mindestens gleichwertig sind; oder<\/p>\n\n\n\n<p>(b) der sektorspezifische Rechtsakt der Union sieht einen unmittelbaren, gegebenenfalls automatischen und direkten Zugang zu den <span tabindex='0' class='glossary-item-container'>Vorfall<span class='glossary-item-hidden-content'><span class='glossary-item-header'>Vorfall<\/span> <span class='glossary-item-description'>Bezeichnet ein Ereignis, das die Verf\u00fcgbarkeit, Authentizit\u00e4t, Integrit\u00e4t oder Vertraulichkeit gespeicherter, \u00fcbermittelter oder verarbeiteter Daten oder der von Netz- und Informationssystemen angebotenen oder \u00fcber sie zug\u00e4nglichen Dienste beeintr\u00e4chtigt. <a href=\"https:\/\/nis2resources.eu\/de\/directive\/artikel-6\/\">Definition gem\u00e4\u00df Artikel 6 der Richtlinie (EU) 2022\/2555 (NIS2-Richtlinie)<\/a><\/span><\/span><\/span> Meldungen durch die CSIRTs, die zust\u00e4ndigen Beh\u00f6rden oder die einheitlichen Ansprechpartner im Rahmen dieser Richtlinie und wenn die Anforderungen f\u00fcr die Meldung von bedeutsamen Vorkommnissen in ihrer Wirkung den in Artikel 23 Abs\u00e4tze 1 bis 6 dieser Richtlinie festgelegten Anforderungen mindestens gleichwertig sind.<\/p>\n\n\n\n<p>3. (3) Die Kommission legt bis zum 17. Juli 2023 Leitlinien zur Kl\u00e4rung der Anwendung der Abs\u00e4tze 1 und 2 vor. Die Kommission \u00fcberpr\u00fcft diese Leitlinien in regelm\u00e4\u00dfigen Abst\u00e4nden. Bei der Ausarbeitung dieser Leitlinien tr\u00e4gt die Kommission etwaigen Bemerkungen der Kooperationsgruppe und der ENISA Rechnung.<\/p>\n\n\n\n<p><\/p>","protected":false},"excerpt":{"rendered":"<p>1. Where sector-specific Union legal acts require essential or important entities to adopt cybersecurityCybersecurity \u2018cybersecurity\u2019 means cybersecurity as defined in Article 2, point (1), of Regulation (EU) 2019\/881; &#8211; Definition according Article 6 Directive (EU) 2022\/2555 (NIS2 Directive) &#8216;cybersecurity\u2019 means the activities necessary to protect network and information systems, the users of such systems, and [&hellip;]<\/p>\n","protected":false},"author":1,"featured_media":0,"parent":592,"menu_order":4,"comment_status":"closed","ping_status":"closed","template":"","meta":{"_gspb_post_css":".gspb_container-id-gsbp-318027b{flex-direction:column;box-sizing:border-box}#gspb_container-id-gsbp-318027b.gspb_container>p:last-of-type{margin-bottom:0}.gspb_container{position:relative}#gspb_container-id-gsbp-318027b.gspb_container{background-color:var(--wp--preset--color--palette-color-7, var(--theme-palette-color-7, #F7FAFD));height:100px}","footnotes":""},"class_list":["post-705","page","type-page","status-publish","hentry"],"blocksy_meta":{"has_hero_section":"enabled","styles_descriptor":{"styles":{"desktop":"[data-prefix=\"single_page\"] .entry-header .page-title {--theme-font-size:30px;} [data-prefix=\"single_page\"] .entry-header .entry-meta {--theme-font-weight:600;--theme-text-transform:uppercase;--theme-font-size:12px;--theme-line-height:1.3;}","tablet":"","mobile":""},"google_fonts":[],"version":6},"vertical_spacing_source":"custom","content_area_spacing":"none","page_structure_type":"type-2","hero_elements":[{"id":"custom_title","enabled":true,"heading_tag":"h1","title":"Startseite","__id":"396NmX_C_T7NwNo7f6x0s"},{"id":"custom_description","enabled":true,"description_visibility":{"desktop":true,"tablet":true,"mobile":false},"__id":"vpGlXJ0HtQOwIExloPWB7"},{"id":"custom_meta","enabled":false,"meta_elements":[{"id":"author","enabled":true,"label":"By","has_author_avatar":"yes","avatar_size":25},{"id":"post_date","enabled":true,"label":"On","date_format_source":"default","date_format":"M j, Y"},{"id":"updated_date","enabled":false,"label":"On","date_format_source":"default","date_format":"M j, Y"},{"id":"categories","enabled":false,"label":"In","style":"simple"},{"id":"comments","enabled":true}],"page_meta_elements":{"joined":true,"articles_count":true,"comments":true},"__id":"V_vGBmFq-45m2KxvvaDGy"},{"id":"breadcrumbs","enabled":true,"__id":"nzdAWiz0zgZmqWxYsygsB"},{"id":"content-block","enabled":false,"__id":"OEGW3NQM24xJ9NFtYj-fF"}]},"_links":{"self":[{"href":"https:\/\/nis2resources.eu\/de\/wp-json\/wp\/v2\/pages\/705","targetHints":{"allow":["GET"]}}],"collection":[{"href":"https:\/\/nis2resources.eu\/de\/wp-json\/wp\/v2\/pages"}],"about":[{"href":"https:\/\/nis2resources.eu\/de\/wp-json\/wp\/v2\/types\/page"}],"author":[{"embeddable":true,"href":"https:\/\/nis2resources.eu\/de\/wp-json\/wp\/v2\/users\/1"}],"replies":[{"embeddable":true,"href":"https:\/\/nis2resources.eu\/de\/wp-json\/wp\/v2\/comments?post=705"}],"version-history":[{"count":0,"href":"https:\/\/nis2resources.eu\/de\/wp-json\/wp\/v2\/pages\/705\/revisions"}],"up":[{"embeddable":true,"href":"https:\/\/nis2resources.eu\/de\/wp-json\/wp\/v2\/pages\/592"}],"wp:attachment":[{"href":"https:\/\/nis2resources.eu\/de\/wp-json\/wp\/v2\/media?parent=705"}],"curies":[{"name":"wp","href":"https:\/\/api.w.org\/{rel}","templated":true}]}}