{"id":621,"date":"2024-01-29T16:47:57","date_gmt":"2024-01-29T16:47:57","guid":{"rendered":"https:\/\/nis2resources.eu\/?page_id=621"},"modified":"2024-08-09T07:40:31","modified_gmt":"2024-08-09T07:40:31","slug":"artikel-1","status":"publish","type":"page","link":"https:\/\/nis2resources.eu\/de\/directive-2022-2555-nis2\/article-1\/","title":{"rendered":"Artikel 1, Gegenstand"},"content":{"rendered":"<p>1. In dieser Richtlinie werden Ma\u00dfnahmen festgelegt, die darauf abzielen, ein hohes gemeinsames Niveau an <span tabindex='0' class='glossary-item-container'>Cybersicherheit<span class='glossary-item-hidden-content'><span class='glossary-item-header'>Cybersecurity<\/span> <span class='glossary-item-description'>\"Cybersicherheit\" ist die Cybersicherheit im Sinne von Artikel 2 Nummer 1 der Verordnung (EU) 2019\/881; - <a href=\"https:\/\/nis2resources.eu\/de\/directive\/artikel-6\/\">Definition gem\u00e4\u00df Artikel 6 der Richtlinie (EU) 2022\/2555 (NIS2-Richtlinie)<\/a>\r\r\"Cybersicherheit\" bezeichnet die T\u00e4tigkeiten, die erforderlich sind, um Netz- und Informationssysteme, die Nutzer solcher Systeme und andere von Cyberbedrohungen betroffene Personen zu sch\u00fctzen; - Definition gem\u00e4\u00df Artikel 2 Nummer 1 der Verordnung (EU) 2019\/881;<\/span><\/span><\/span> in der gesamten Union mit dem Ziel, das Funktionieren des Binnenmarktes zu verbessern.<\/p>\n\n\n\n<p>2. Zu diesem Zweck sieht die Richtlinie Folgendes vor:<\/p>\n\n\n\n<p>(a) Verpflichtungen, die die Mitgliedstaaten dazu verpflichten, nationale Strategien f\u00fcr die Cybersicherheit zu verabschieden und zust\u00e4ndige Beh\u00f6rden, Beh\u00f6rden f\u00fcr das Cyber-Krisenmanagement, einheitliche Ansprechpartner f\u00fcr Cybersicherheit (einheitliche Ansprechpartner) und Computersicherheit zu benennen oder einzurichten <span tabindex='0' class='glossary-item-container'>Vorfall<span class='glossary-item-hidden-content'><span class='glossary-item-header'>Vorfall<\/span> <span class='glossary-item-description'>Bezeichnet ein Ereignis, das die Verf\u00fcgbarkeit, Authentizit\u00e4t, Integrit\u00e4t oder Vertraulichkeit gespeicherter, \u00fcbermittelter oder verarbeiteter Daten oder der von Netz- und Informationssystemen angebotenen oder \u00fcber sie zug\u00e4nglichen Dienste beeintr\u00e4chtigt. <a href=\"https:\/\/nis2resources.eu\/de\/directive\/artikel-6\/\">Definition gem\u00e4\u00df Artikel 6 der Richtlinie (EU) 2022\/2555 (NIS2-Richtlinie)<\/a><\/span><\/span><\/span> Reaktionsteams (CSIRTs);<\/p>\n\n\n\n<p>(b) Cybersicherheit <span tabindex='0' class='glossary-item-container'>Risiko<span class='glossary-item-hidden-content'><span class='glossary-item-header'>Risiko<\/span> <span class='glossary-item-description'>Bezeichnet das Potenzial f\u00fcr Verluste oder St\u00f6rungen, die durch ein Ereignis verursacht werden, und wird als Kombination aus dem Ausma\u00df eines solchen Verlusts oder einer solchen St\u00f6rung und der Wahrscheinlichkeit des Eintretens des Ereignisses ausgedr\u00fcckt. <a href=\"https:\/\/nis2resources.eu\/de\/directive\/artikel-6\/\">Definition gem\u00e4\u00df Artikel 6 der Richtlinie (EU) 2022\/2555 (NIS2-Richtlinie)<\/a><\/span><\/span><\/span>-Managementma\u00dfnahmen und Meldepflichten f\u00fcr Einrichtungen der in Anhang I oder II genannten Art sowie f\u00fcr Einrichtungen, die gem\u00e4\u00df der Richtlinie (EU) 2022\/2557 als kritische Einrichtungen eingestuft sind;<\/p>\n\n\n\n<p>(c) Vorschriften und Verpflichtungen f\u00fcr den Austausch von Cybersicherheitsinformationen;<\/p>\n\n\n\n<p>(d) Aufsichts- und Durchsetzungspflichten der Mitgliedstaaten.<\/p>\n\n\n\n<p><\/p>","protected":false},"excerpt":{"rendered":"<p>1. This Directive lays down measures that aim to achieve a high common level of cybersecurityCybersecurity \u2018cybersecurity\u2019 means cybersecurity as defined in Article 2, point (1), of Regulation (EU) 2019\/881; &#8211; Definition according Article 6 Directive (EU) 2022\/2555 (NIS2 Directive) &#8216;cybersecurity\u2019 means the activities necessary to protect network and information systems, the users of such [&hellip;]<\/p>\n","protected":false},"author":1,"featured_media":0,"parent":592,"menu_order":1,"comment_status":"closed","ping_status":"closed","template":"","meta":{"_gspb_post_css":".gspb_container-id-gsbp-08edf4d{flex-direction:column;box-sizing:border-box}#gspb_container-id-gsbp-08edf4d.gspb_container>p:last-of-type,#gspb_container-id-gsbp-318027b.gspb_container>p:last-of-type{margin-bottom:0}body.gspb-bodyfront #gspb_container-id-gsbp-08edf4d.gspb_container{z-index:3}#gspb_container-id-gsbp-08edf4d.gspb_container{margin-bottom:-100px;padding:60px}@media (max-width:991.98px){#gspb_container-id-gsbp-08edf4d.gspb_container{padding:50px}}@media (max-width:575.98px){#gspb_container-id-gsbp-08edf4d.gspb_container{padding:35px}}#gspb_container-id-gsbp-08edf4d.gspb_container,#gspb_container-id-gsbp-08edf4d.gspb_container>.gspb_backgroundOverlay{border-top-left-radius:40px;border-top-right-radius:40px;border-bottom-right-radius:40px;border-bottom-left-radius:40px}#gspb_container-id-gsbp-08edf4d.gspb_container{background-color:var(--wp--preset--color--palette-color-2, var(--theme-palette-color-2, #24417C))}@media (max-width:991.98px){#gspb_heading-id-gsbp-d9024e8{font-size:25px}}#gspb_heading-id-gsbp-d9024e8,#gspb_heading-id-gsbp-d9024e8 .gsap-g-line{text-align:center!important}#gspb_heading-id-gsbp-d9024e8{color:var(--wp--preset--color--palette-color-8, var(--theme-palette-color-8, #ffffff));margin-top:0;margin-bottom:0}#gspb_heading-id-gsbp-0f939b1{font-size:23px}@media (max-width:991.98px){#gspb_heading-id-gsbp-0f939b1{font-size:20px}}#gspb_heading-id-gsbp-0f939b1,#gspb_heading-id-gsbp-0f939b1 .gsap-g-line{text-align:center!important}#gspb_heading-id-gsbp-0f939b1{color:var(--wp--preset--color--palette-color-8, var(--theme-palette-color-8, #ffffff));margin-top:0;margin-bottom:0}.gspb_container-id-gsbp-318027b{flex-direction:column;box-sizing:border-box}.gspb_container{position:relative}#gspb_container-id-gsbp-318027b.gspb_container{background-color:var(--wp--preset--color--palette-color-7, var(--theme-palette-color-7, #F7FAFD));height:100px}","footnotes":""},"class_list":["post-621","page","type-page","status-publish","hentry"],"blocksy_meta":{"has_hero_section":"enabled","styles_descriptor":{"styles":{"desktop":"[data-prefix=\"single_page\"] .entry-header .page-title {--theme-font-size:30px;} [data-prefix=\"single_page\"] .entry-header .entry-meta {--theme-font-weight:600;--theme-text-transform:uppercase;--theme-font-size:12px;--theme-line-height:1.3;}","tablet":"","mobile":""},"google_fonts":[],"version":6},"vertical_spacing_source":"custom","content_area_spacing":"none","page_structure_type":"type-2","hero_section":"type-1","hero_elements":[{"id":"custom_title","enabled":true,"heading_tag":"h1","title":"Startseite","__id":"R2U-HYFiRxNB68ehtVNnD"},{"id":"custom_description","enabled":false,"description_visibility":{"desktop":true,"tablet":true,"mobile":false},"__id":"iunddIgO99hpSPG9Fg5JG"},{"id":"custom_meta","enabled":false,"meta_elements":[{"id":"author","enabled":true,"label":"By","has_author_avatar":"yes","avatar_size":25},{"id":"post_date","enabled":true,"label":"On","date_format_source":"default","date_format":"M j, Y"},{"id":"updated_date","enabled":false,"label":"On","date_format_source":"default","date_format":"M j, Y"},{"id":"categories","enabled":false,"label":"In","style":"simple"},{"id":"comments","enabled":true}],"page_meta_elements":{"joined":true,"articles_count":true,"comments":true},"__id":"5eaAHMv04hORzKiN9yiIn"},{"id":"breadcrumbs","enabled":true,"__id":"cWM29SLjiH-CvKLggsfwD"},{"id":"content-block","enabled":false,"__id":"WGpWtEusOELIm65POzykI"}]},"_links":{"self":[{"href":"https:\/\/nis2resources.eu\/de\/wp-json\/wp\/v2\/pages\/621","targetHints":{"allow":["GET"]}}],"collection":[{"href":"https:\/\/nis2resources.eu\/de\/wp-json\/wp\/v2\/pages"}],"about":[{"href":"https:\/\/nis2resources.eu\/de\/wp-json\/wp\/v2\/types\/page"}],"author":[{"embeddable":true,"href":"https:\/\/nis2resources.eu\/de\/wp-json\/wp\/v2\/users\/1"}],"replies":[{"embeddable":true,"href":"https:\/\/nis2resources.eu\/de\/wp-json\/wp\/v2\/comments?post=621"}],"version-history":[{"count":0,"href":"https:\/\/nis2resources.eu\/de\/wp-json\/wp\/v2\/pages\/621\/revisions"}],"up":[{"embeddable":true,"href":"https:\/\/nis2resources.eu\/de\/wp-json\/wp\/v2\/pages\/592"}],"wp:attachment":[{"href":"https:\/\/nis2resources.eu\/de\/wp-json\/wp\/v2\/media?parent=621"}],"curies":[{"name":"wp","href":"https:\/\/api.w.org\/{rel}","templated":true}]}}