{"id":3,"date":"2024-08-01T23:10:14","date_gmt":"2024-08-01T23:10:14","guid":{"rendered":"https:\/\/nis2resources.eu\/?page_id=3"},"modified":"2024-08-17T01:10:05","modified_gmt":"2024-08-17T01:10:05","slug":"datenschutzbestimmungen","status":"publish","type":"page","link":"https:\/\/nis2resources.eu\/de\/privacy-policy\/","title":{"rendered":"Datenschutzbestimmungen"},"content":{"rendered":"<p>Verweise auf \"wir\", \"unser\" oder \"uns\" in dieser Datenschutz- und Cookie-Richtlinie (\"Datenschutzrichtlinie\") beziehen sich auf Occentus Network SL, eine in Spanien gegr\u00fcndete Gesellschaft mit beschr\u00e4nkter Haftung mit Sitz in Vila de Madrid 44, ES46988 Paterna, unter der Registrierungs- und Steuernummer ESB97933022, die als <a href=\"https:\/\/edgewatch.com\" data-type=\"link\" data-id=\"https:\/\/edgewatch.com\" target=\"_blank\" rel=\"noreferrer noopener\">Edgewatch<\/a>, eingetragenes Warenzeichen in den USA <strong>6083866<\/strong>, EU <strong>018130597<\/strong> und UK <strong>00918130597<\/strong>. Weitere Informationen finden Sie auf unserer <a href=\"https:\/\/edgewatch.com\/legal\/trademark\/\" data-type=\"link\" data-id=\"https:\/\/edgewatch.com\/legal\/trademark\/\" target=\"_blank\" rel=\"noreferrer noopener nofollow\">Markenpolitik und Markennutzung<\/a>. <\/p>\n\n\n\n<p>F\u00fcr die Zwecke der Datenschutzgesetze sind wir der \"Datenverarbeiter\" in Bezug auf die pers\u00f6nlichen Daten, die \u00fcber unsere Website unter folgender Adresse gesammelt werden <a href=\"https:\/\/nis2resources.eu\/de\/\" target=\"_blank\" rel=\"noreferrer noopener\">https:\/\/nis2resources.eu\/<\/a> (\"Website\").<\/p>\n\n\n\n<ol class=\"wp-block-list\">\n<li>GELTUNGSBEREICH Wir erheben bestimmte Daten \u00fcber unsere Website, einschlie\u00dflich der auf der Website angebotenen Produkte und Dienstleistungen. In dieser Datenschutzrichtlinie werden unsere Richtlinien und Verfahren im Zusammenhang mit der Erfassung und dem Umgang mit solchen Daten dargelegt, die einen einzelnen Nutzer identifizieren oder dazu verwendet werden k\u00f6nnten, ihn pers\u00f6nlich zu kontaktieren oder ausfindig zu machen (\"pers\u00f6nlich identifizierbare Informationen\" oder \"PII\"). Diese Datenschutzrichtlinie gilt nur f\u00fcr unsere Website und f\u00fcr die \u00fcber unsere Website angebotenen Produkte und Dienstleistungen. Sie gilt nicht f\u00fcr Websites oder Dienstleistungen Dritter, die mit unserer Website verlinkt sind oder die von unserer Website, unseren Produkten oder Dienstleistungen oder von unseren Mitarbeitern empfohlen oder empfohlen werden. Sie gilt auch nicht f\u00fcr andere Websites, Produkte oder Dienstleistungen, die von uns betrieben werden, oder f\u00fcr unsere Offline-Aktivit\u00e4ten.<\/li>\n\n\n\n<li>DIE PII UND ANDERE SENSIBLE DATEN, DIE WIR ERFASSEN Wir erfassen automatisch die folgenden PII von Benutzern, die unsere Website besuchen:<ul><li>IP-Adresse<\/li><li>Typ und Version des Webbrowsers<\/li><li>Betriebssystem<\/li><li>eine Liste von URLs, die mit einer verweisenden Website beginnen, Ihre Aktivit\u00e4ten auf unserer Website und die Website, die Sie verlassen<\/li><\/ul>Bei der Einrichtung eines individuellen Kontos auf der Website ist es obligatorisch, die folgenden PII anzugeben, und wir werden sie aufzeichnen:<ul><li>Name<\/li><li>E-Mail Adresse<\/li><li>Firmenname<\/li><li>Titel<\/li><\/ul>Wenn Sie ein zahlender Kunde werden, zeichnen wir au\u00dferdem die folgenden personenbezogenen Daten auf, die die Rechnungsdaten betreffen:<ul><li>Name<\/li><li>Umsatzsteueridentifikationsnummer<\/li><li>Adresse<\/li><li>Postleitzahl<\/li><li>Stadt<\/li><li>Land<\/li><\/ul>Dar\u00fcber hinaus sammeln und verarbeiten wir auf anonymer Basis Daten im Zusammenhang mit der Nutzung unserer Website, wie die besuchten Seiten, die auf jeder Seite verbrachte Zeit usw. Um den Service f\u00fcr unsere Kunden zu gew\u00e4hrleisten, sammelt unser Produkt auch die folgenden Informationen:\n<ul class=\"wp-block-list\">\n<li>Ziel-URL und -Einstellungen (einschlie\u00dflich Testanmeldedaten, falls vorhanden)<\/li>\n\n\n\n<li><span tabindex='0' class='glossary-item-container'>Schwachstelle<span class='glossary-item-hidden-content'><span class='glossary-item-header'>Schwachstelle<\/span> <span class='glossary-item-description'>Bezeichnet eine Schw\u00e4che, Anf\u00e4lligkeit oder einen Fehler von IKT-Produkten oder IKT-Diensten, die durch eine Cyber-Bedrohung ausgenutzt werden k\u00f6nnen. <a href=\"https:\/\/nis2resources.eu\/de\/directive\/artikel-6\/\">Definition gem\u00e4\u00df Artikel 6 der Richtlinie (EU) 2022\/2555 (NIS2-Richtlinie)<\/a><\/span><\/span><\/span> Einzelheiten einschlie\u00dflich Anfragen\/Antworten f\u00fcr jede gefundene Schwachstelle<\/li>\n\n\n\n<li>Produktprotokolle, einschlie\u00dflich der getesteten URLs und vollst\u00e4ndigen Anfragen (vor\u00fcbergehend, bis zu 60 Tage)<\/li>\n<\/ul>\n<\/li>\n\n\n\n<li>UNSERE VERWENDUNG VON PII Alle personenbezogenen Daten werden in \u00dcbereinstimmung mit der EU-Datenschutzgrundverordnung (Verordnung (EU) 2016\/679) (GDPR) sicher gespeichert. Weitere Einzelheiten zur Sicherheit finden Sie in Abschnitt 6 unten. Wir verwenden Ihre PII, um Ihre Erfahrung auf unserer Website zu personalisieren, um Ihr Konto zu erstellen, um mit Ihnen \u00fcber Produkte und Dienstleistungen zu kommunizieren, die wir anbieten, um Sie mit Neuigkeiten zu versorgen und f\u00fcr die Rechnungsstellung. Wir verwenden diese Informationen auch, soweit dies erforderlich ist, um die Nutzungsbedingungen unserer Website durchzusetzen und um drohende Sch\u00e4den an Personen oder Eigentum zu verhindern. Wir sind Eigent\u00fcmer der anonymen Daten im Zusammenhang mit der Nutzung unserer Website und k\u00f6nnen diese anonymen Daten f\u00fcr statistische oder kommerzielle Zwecke verwenden. Gem\u00e4\u00df GDPR stellen wir sicher, dass Ihre pers\u00f6nlichen Daten rechtm\u00e4\u00dfig, fair und transparent verarbeitet werden, ohne Ihre Rechte zu beeintr\u00e4chtigen. Wir werden Ihre personenbezogenen Daten nur verarbeiten, wenn mindestens eine der folgenden Grundlagen zutrifft:\n<ul class=\"wp-block-list\">\n<li>Sie haben Ihre Einwilligung zur Verarbeitung Ihrer personenbezogenen Daten f\u00fcr einen oder mehrere bestimmte Zwecke gegeben;<\/li>\n\n\n\n<li>die Verarbeitung ist f\u00fcr die Erf\u00fcllung eines Vertrags, dessen Vertragspartei Sie sind, oder f\u00fcr die Durchf\u00fchrung von Ma\u00dfnahmen erforderlich, die auf Ihren Wunsch hin vor Abschluss eines Vertrags erfolgen;<\/li>\n\n\n\n<li>die Verarbeitung ist f\u00fcr die Erf\u00fcllung einer rechtlichen Verpflichtung erforderlich, der wir unterliegen;<\/li>\n\n\n\n<li>die Verarbeitung ist erforderlich, um die lebenswichtigen Interessen von Ihnen oder einer anderen nat\u00fcrlichen Person zu sch\u00fctzen;<\/li>\n\n\n\n<li>die Verarbeitung ist f\u00fcr die Wahrnehmung einer Aufgabe erforderlich, die im \u00f6ffentlichen Interesse liegt oder in Aus\u00fcbung \u00f6ffentlicher Gewalt erfolgt, die dem f\u00fcr die Verarbeitung Verantwortlichen \u00fcbertragen wurde.<\/li>\n<\/ul>\n<\/li>\n\n\n\n<li>DIE COOKIES, DIE WIR ERSAMMELN UND DIE VERWENDUNG, DIE WIR IHNEN GEBEN Ein Cookie ist eine kleine Datenmenge, die oft eine eindeutige Kennung enth\u00e4lt, die vom Computer einer Website an den Browser Ihres Computers oder Mobiltelefons (hier als \"Ger\u00e4t\" bezeichnet) gesendet wird. Es wird auf der Festplatte Ihres Ger\u00e4ts gespeichert. Jede Website kann ihre eigenen Cookies an Ihren Browser senden, wenn die Einstellungen Ihres Browsers dies zulassen. Um Ihre Privatsph\u00e4re zu sch\u00fctzen, erlaubt Ihr Browser einer Website jedoch nur den Zugriff auf die Cookies, die er bereits an Sie gesendet hat, nicht aber auf die Cookies, die Ihnen von anderen Websites gesendet wurden. Cookies liefern uns Nutzungsdaten, z. B. wie oft Sie die Website besuchen, wohin Sie gehen und was Sie tun. Wir verwenden Cookies, damit sich unsere Website an Sie erinnert und Ihnen die Informationen liefert, die Sie am ehesten ben\u00f6tigen, und um anonyme statistische Daten zu erstellen. Bitte beachten Sie, dass wir bestimmte Informationen von allen Nutzern sammeln, auch von Web-Besuchern, die sich nur auf unserer Website umsehen. Wir k\u00f6nnen auch Cookies von Drittanbietern (z. B. Google AdSense und DoubleClick) und Web-Beacons auf unserer Website verwenden, um Ihnen Werbung auf Websites von Drittanbietern anzuzeigen. Wir k\u00f6nnen auch Cookie-Informationen verwenden, um zu erfahren, wann Sie nach dem Besuch dieser Drittanbieter-Websites zu unserer Website zur\u00fcckkehren. Dar\u00fcber hinaus k\u00f6nnen wir auch Analysedienste (wie Google Analytics, Optimizely, New Relic und andere) verwenden, um zu analysieren, wie Benutzer die Website nutzen. Sie haben die M\u00f6glichkeit, die Verwendung von Cookies f\u00fcr Werbezwecke abzulehnen, indem Sie folgende Website besuchen <a href=\"https:\/\/tools.google.com\/dlpage\/gaoptout\/\" target=\"_blank\" rel=\"noreferrer noopener\">https:\/\/tools.google.com\/dlpage\/gaoptout\/<\/a>. \u00c4hnlich wie Cookies k\u00f6nnen wir auch \"Web Beacons\" verwenden. Web Beacons werden verwendet, um zu verfolgen, wie Sie unsere Website besuchen und ob Sie unsere E-Mails \u00f6ffnen oder nicht. Die Seiten unserer Website und die E-Mails, die wir Ihnen senden, k\u00f6nnen Web-Beacons enthalten. Dar\u00fcber hinaus k\u00f6nnen wir verschiedene Dienste von Drittanbietern nutzen, die zu \u00e4hnlichen Zwecken Web-Beacons auf unserer Website einbetten. Diese Dienste von Drittanbietern werden verwendet, um den Nutzern zus\u00e4tzliche Funktionen zur Verf\u00fcgung zu stellen, z. B. die M\u00f6glichkeit, Inhalte auf unserer Website mit Ihrem sozialen Netzwerk zu teilen. In der nachstehenden Tabelle finden Sie die Cookies und Web-Beacons, die wir derzeit auf Ihrem Browser oder Ger\u00e4t installieren, ihren Zweck und ihre maximale Lebensdauer:<ul><li><strong>_ga<\/strong> Wird von Google Analytics verwendet, um Nutzer zu unterscheiden (2 Jahre)<\/li><li><strong>_gid<\/strong> Wird von Google Analytics verwendet, um Nutzer zu unterscheiden (1 Tag)<\/li><li><strong>_gat<\/strong> Wird von Google Analytics zur Drosselung der Anfragerate verwendet (1 min)<\/li><li><strong>_gcl<\/strong>* Verwendet von Google Adsense (3 Monate)<\/li><li><strong>NID; DV; 1P_JAR<\/strong> Wird von Google zum Speichern von Einstellungen verwendet (6 mon)<\/li><li><strong>__Streifen_<\/strong>* Wird von Stripe verwendet, um Betrug zu verhindern<\/li><\/ul>Bitte beachten Sie, dass die Nutzer die M\u00f6glichkeit haben, ihre Ger\u00e4te so einzustellen, dass sie alle Cookies akzeptieren, dass sie benachrichtigt werden, wenn ein Cookie ausgegeben wird, oder dass sie jederzeit keine Cookies erhalten. Jeder Browser ist anders, daher sollten Sie im \"Hilfe\"-Men\u00fc Ihres Browsers nachsehen, wie Sie Ihre Cookie-Einstellungen \u00e4ndern k\u00f6nnen. Um mehr \u00fcber Cookies zu erfahren, was sie bewirken und wie Sie die von ihnen gesammelten Informationen \u00fcber Sie und Ihre Nutzung der Website verwalten k\u00f6nnen, besuchen Sie bitte informative Websites wie <a href=\"https:\/\/www.allaboutcookies.org\" target=\"_blank\" rel=\"noreferrer noopener\">https:\/\/www.allaboutcookies.org<\/a>. Bitte beachten Sie, dass das Blockieren aller oder einiger Cookies die Funktionalit\u00e4t unserer Website beeintr\u00e4chtigen kann. Die Relevanz der von uns verwendeten Cookies entnehmen Sie bitte der obigen Tabelle. Wenn Sie auf unsere Website zugreifen, werden Sie darauf hingewiesen, dass wir Cookies verwenden und dass wir davon ausgehen, dass Sie mit der Installation und Verwendung von Cookies einverstanden sind, wenn Sie die Website weiter nutzen. Sollten Sie damit nicht einverstanden sein, blockieren Sie bitte Cookies in Ihrem Browser oder stellen Sie die Nutzung der Website ein.<\/li>\n\n\n\n<li>SCHUTZ VON PII UND ANDEREN SENSIBELEN DATEN Als Eigent\u00fcmer eines Sicherheitsprodukts nehmen wir die Sicherheit von PII sehr ernst. Die folgende Liste ist eine nicht ersch\u00f6pfende Auflistung von Sicherheitskontrollen, die wir zum Schutz unserer Infrastruktur, unseres Produkts und Ihrer PII implementiert haben:<ul><li>Wir erlauben die Kommunikation mit unseren Servern, die unser Produkt und unsere Website hosten, nur \u00fcber einen sicheren Kanal (HTTPS) unter Verwendung von TLS. HTTPS erm\u00f6glicht die Authentifizierung der besuchten Website und den Schutz der Privatsph\u00e4re und der Integrit\u00e4t der ausgetauschten Daten.<\/li><li>Unsere gesamte Infrastruktur wird bei einem erstklassigen Cloud-Anbieter gehostet, bei dem die Sicherheit genauestens gepr\u00fcft wurde. Wir nutzen die vom Cloud-Anbieter bereitgestellten verwalteten Dienste im gr\u00f6\u00dftm\u00f6glichen Umfang. Wir nutzen auch deren Sicherheitsfunktionen und -kontrollen, um unsere Servicenetzwerke abzutrennen und zu \u00fcberwachen, f\u00fcr Audit-Protokolle und f\u00fcr die Verwaltung von Sicherheitsereignissen. Die Frontend-, Backend- und Datenbankserver nutzen private und getrennte Netzwerke, die von Sicherheitsgruppen kontrolliert werden.<\/li><li>Wir befolgen auch die besten Sicherheitspraktiken, einschlie\u00dflich (aber nicht beschr\u00e4nkt auf):<ul><li>Grundsatz des geringsten Privilegs (f\u00fcr den Zugang zu unseren Systemen und Daten),<\/li><li>Verschl\u00fcsselung von sensiblen Daten im Ruhezustand,<\/li><li>Serverh\u00e4rtung und Sicherheitsupdates,<\/li><li>Erfordernis einer 2-Faktor-Authentifizierung f\u00fcr den Zugang zu unseren Systemen,<\/li><li>Zentrale Protokollierung<\/li><li>Sicherer Lebenszyklus der Softwareentwicklung, einschlie\u00dflich regelm\u00e4\u00dfiger Sicherheitsbewertungen (manuell und mit Edgewatch)<\/li><\/ul><\/li><\/ul>Ungeachtet der von uns ergriffenen Sicherheitsma\u00dfnahmen ist es wichtig, sich daran zu erinnern, dass die \u00dcbertragung von Daten \u00fcber das Internet m\u00f6glicherweise nicht v\u00f6llig sicher ist und dass wir Ihnen raten, geeignete Vorsichtsma\u00dfnahmen zu treffen, wenn Sie Daten \u00fcber das Internet an uns \u00fcbermitteln.<\/li>\n\n\n\n<li>ZUGANG DRITTER ZU IHREN PII Wir geben bestimmten unabh\u00e4ngigen Vertragspartnern Zugang zu PII (\"Datenverarbeitern\") oder k\u00f6nnen dies in Zukunft tun. Kein Datenverarbeiter wird beauftragt, ohne vorher Vertr\u00e4ge abzuschlie\u00dfen, in denen er sich verpflichtet, PII mit Verfahren zu sch\u00fctzen, die den unseren einigerma\u00dfen \u00e4hnlich sind, und PII nur gem\u00e4\u00df unseren Anweisungen zu verarbeiten. Wir k\u00f6nnen PII auch an Anw\u00e4lte und Investoren weitergeben, die an Vertraulichkeitsbeschr\u00e4nkungen gebunden sind, sowie an Strafverfolgungsbeh\u00f6rden, Gerichte und \u00f6ffentliche Aufsichtsbeh\u00f6rden, wenn dies nach geltendem Recht erforderlich ist. Schlie\u00dflich k\u00f6nnen wir PII in Verbindung mit einer Transaktion aller oder eines Gro\u00dfteils aller unserer Verm\u00f6genswerte weitergeben. Zur Erbringung unserer Dienstleistungen greifen wir auf verschiedene Unterauftragsverarbeiter zur\u00fcck, die unterschiedliche Datenkategorien verarbeiten. Die Auftragsverarbeiter speichern niemals Daten au\u00dferhalb des Rahmens ihres spezifischen Zwecks. Diese Unterauftragsverarbeiter sind im Folgenden mit einer Beschreibung des Dienstes und dem Ort, an dem die Daten gehostet werden, aufgef\u00fchrt. Diese Liste kann von Edgewatch von Zeit zu Zeit aktualisiert werden:\n<ul class=\"wp-block-list\">\n<li>Stripe, Inc.\n<ul class=\"wp-block-list\">\n<li>Zahlungsabwicklung<\/li>\n\n\n\n<li>USA<\/li>\n<\/ul>\n<\/li>\n\n\n\n<li>Google\n<ul class=\"wp-block-list\">\n<li>Analytik, Tag Manager, Arbeitsbereich<\/li>\n\n\n\n<li>USA<\/li>\n<\/ul>\n<\/li>\n<\/ul>\n<\/li>\n<\/ol>\n\n\n\n<ol start=\"7\" class=\"wp-block-list\">\n<li>IHRE RECHTE Bevor Ihr Konto aktiviert werden kann, m\u00fcssen Sie best\u00e4tigen, dass Sie die Nutzungsbedingungen der Website gelesen und ihnen zugestimmt haben und dass Sie diese Datenschutzrichtlinie zur Kenntnis genommen haben. Sie k\u00f6nnen auf alle von uns gespeicherten PII zugreifen und diese \u00e4ndern, indem Sie uns direkt unter der folgenden E-Mail-Adresse kontaktieren: <a href=\"mailto:privacy@edgewatch.com\">privacy@edgewatch.com<\/a>. Der Zugang und die Korrektur Ihrer PII sind kostenlos. Sie erkennen jedoch an, dass alle von Ihnen zur Verf\u00fcgung gestellten PII korrekt und aktuell sein m\u00fcssen. Sie k\u00f6nnen auch jederzeit und kostenlos der Verwendung Ihrer PII f\u00fcr Direktmarketing oder jede andere Form der kommerziellen Nutzung widersprechen. Sollten Sie dies w\u00fcnschen, nachdem Sie eine E-Mail oder SMS von uns erhalten haben, bieten wir Ihnen eine einfache M\u00f6glichkeit, sich aus unserem Marketingverzeichnis zu entfernen. Sie k\u00f6nnen auch Ihre Zustimmung zur Verarbeitung Ihrer personenbezogenen Daten durch uns widerrufen, wenn diese Verarbeitung von Ihrer Zustimmung abh\u00e4ngig ist. Dies k\u00f6nnen Sie ganz einfach tun, indem Sie uns eine E-Mail schicken an <a href=\"mailto:privacy@edgewatch.com\">privacy@edgewatch.com<\/a>. Au\u00dferdem k\u00f6nnen Sie jederzeit verlangen, dass wir die von uns gespeicherten personenbezogenen Daten l\u00f6schen oder einschr\u00e4nken. Sie k\u00f6nnen auch die \u00dcbertragbarkeit Ihrer PII in \u00dcbereinstimmung mit und innerhalb der Grenzen des geltenden Rechts verlangen. Sie haben auch das Recht, von uns zu verlangen, dass wir Dritte, denen wir Ihre personenbezogenen Daten mitgeteilt haben, benachrichtigen und sie auffordern, Ihren Anweisungen Folge zu leisten.<\/li>\n\n\n\n<li>WO WIR IHRE PII SPEICHERN UND WIE LANGSAM, sofern nicht ausdr\u00fccklich anders vereinbart oder vertraglich festgelegt, werden alle PII unserer Nutzer auf sicheren Servern in der Europ\u00e4ischen Union gespeichert. Wir werden unsere Nutzer informieren, falls wir unsere Politik \u00e4ndern sollten. Unser Ziel ist es, dass unsere Nutzer eine dauerhafte Beziehung zu unserer Website haben, auch wenn sie diese nicht sehr h\u00e4ufig besuchen. Wir speichern Ihre PII, und Ihr Konto bleibt nach Ihrer letzten Interaktion mit unserer Website drei Jahre lang aktiv. Vor der Schlie\u00dfung Ihres Kontos werden wir Sie benachrichtigen und Sie fragen, ob Sie Ihr Konto aktiv lassen m\u00f6chten. Nach einem L\u00f6schungsantrag werden Ihre PII bis zu 3 Monate lang im Rahmen von Sicherungsverfahren aufbewahrt.<\/li>\n\n\n\n<li>\u00c4NDERUNG DIESER DATENSCHUTZRICHTLINIE Wir behalten uns das Recht vor, diese Datenschutzrichtlinie von Zeit zu Zeit zu \u00fcberarbeiten. Wir werden die aktuellste Version dieser Datenschutzrichtlinie auf der Edgewatch-Website ver\u00f6ffentlichen - <a href=\"https:\/\/edgewatch.com\" target=\"_blank\" rel=\"noopener\">https:\/\/edgewatch.com<\/a>\u00a0 (die \"Website\"). Alle \u00c4nderungen treten an dem Datum in Kraft, das am Anfang der \u00fcberarbeiteten Datenschutzrichtlinie angegeben ist. Wenn wir nach eigenem Ermessen eine \u00dcberarbeitung dieser Datenschutzrichtlinie als wesentlich erachten, werden wir Sie \u00fcber den Dienst und\/oder per E-Mail an die mit Ihrem Konto verkn\u00fcpfte E-Mail-Adresse benachrichtigen. Ihr fortgesetzter Zugriff auf oder Ihre Nutzung von Teilen des Dienstes stellt Ihre Zustimmung zu solchen \u00c4nderungen dar. Wenn Sie mit solchen \u00c4nderungen nicht einverstanden sind, m\u00fcssen Sie den Dienst zum Zeitpunkt des Inkrafttretens der \u00c4nderungen k\u00fcndigen und nicht mehr nutzen. Wenn Sie Fragen zu unserer Datenschutzrichtlinie haben, k\u00f6nnen Sie uns gerne unter folgender Adresse kontaktieren <a href=\"mailto:privacy@edgewatch.com\">privacy@edgewatch.com<\/a>.<\/li>\n<\/ol>","protected":false},"excerpt":{"rendered":"<p>References to \u201cwe\u201d, \u201cour\u201d or \u201cus\u201d in this privacy and cookies policy (\u201cPrivacy Policy\u201d) mean Occentus Network SL., a private limited liability company incorporated in Spain, with registered offices at Vila de Madrid 44, ES46988 Paterna, under registration and tax number ESB97933022 trading as Edgewatch, trademark registered in USA 6083866, EU 018130597 and UK 00918130597. [&hellip;]<\/p>\n","protected":false},"author":1,"featured_media":0,"parent":0,"menu_order":0,"comment_status":"closed","ping_status":"open","template":"","meta":{"_gspb_post_css":"","footnotes":""},"class_list":["post-3","page","type-page","status-publish","hentry"],"blocksy_meta":{"page_structure_type":"type-4","styles_descriptor":{"styles":{"desktop":"","tablet":"","mobile":""},"google_fonts":[],"version":6}},"_links":{"self":[{"href":"https:\/\/nis2resources.eu\/de\/wp-json\/wp\/v2\/pages\/3","targetHints":{"allow":["GET"]}}],"collection":[{"href":"https:\/\/nis2resources.eu\/de\/wp-json\/wp\/v2\/pages"}],"about":[{"href":"https:\/\/nis2resources.eu\/de\/wp-json\/wp\/v2\/types\/page"}],"author":[{"embeddable":true,"href":"https:\/\/nis2resources.eu\/de\/wp-json\/wp\/v2\/users\/1"}],"replies":[{"embeddable":true,"href":"https:\/\/nis2resources.eu\/de\/wp-json\/wp\/v2\/comments?post=3"}],"version-history":[{"count":0,"href":"https:\/\/nis2resources.eu\/de\/wp-json\/wp\/v2\/pages\/3\/revisions"}],"wp:attachment":[{"href":"https:\/\/nis2resources.eu\/de\/wp-json\/wp\/v2\/media?parent=3"}],"curies":[{"name":"wp","href":"https:\/\/api.w.org\/{rel}","templated":true}]}}