{"id":1145,"date":"2024-01-29T16:48:06","date_gmt":"2024-01-29T16:48:06","guid":{"rendered":"https:\/\/nis2resources.eu\/?page_id=1145"},"modified":"2024-08-12T02:15:14","modified_gmt":"2024-08-12T02:15:14","slug":"richtlinie-5","status":"publish","type":"page","link":"https:\/\/nis2resources.eu\/de\/regulation-2019-881-enisa\/","title":{"rendered":"Verordnung (EU) 2019\/881"},"content":{"rendered":"<div class=\"wp-block-greenshift-blocks-row gspb_row gspb_row-id-gsbp-90dd5fd gspb_row--gutter-custom-0\" id=\"gspb_row-id-gsbp-90dd5fd\"><div class=\"gspb_row__content\"> \n<div class=\"wp-block-greenshift-blocks-row-column gspb_row__col--4 gspb_row__col--md-12 gspb_col-id-gsbp-d560c25\" id=\"gspb_col-id-gsbp-d560c25\">\n\n\n<h2 id=\"gspb_heading-id-gsbp-2ffee04\" class=\"gspb_heading gspb_heading-id-gsbp-2ffee04\">ENISA-Mandat und rechtlicher Rahmen<\/h2>\n\n\n\n<div id=\"gspb_text-id-gsbp-e310166\" class=\"gspb_text gspb_text-id-gsbp-e310166\">Die Verordnung (EU) 2019\/881 des Europ\u00e4ischen Parlaments und des Rates vom 17. April 2019 \u00fcber die ENISA (die Agentur der Europ\u00e4ischen Union f\u00fcr <span tabindex='0' class='glossary-item-container'>Cybersecurity<span class='glossary-item-hidden-content'><span class='glossary-item-header'>Cybersecurity<\/span> <span class='glossary-item-description'>\"Cybersicherheit\" ist die Cybersicherheit im Sinne von Artikel 2 Nummer 1 der Verordnung (EU) 2019\/881; - <a href=\"https:\/\/nis2resources.eu\/de\/directive\/artikel-6\/\">Definition gem\u00e4\u00df Artikel 6 der Richtlinie (EU) 2022\/2555 (NIS2-Richtlinie)<\/a>\r\r\"Cybersicherheit\" bezeichnet die T\u00e4tigkeiten, die erforderlich sind, um Netz- und Informationssysteme, die Nutzer solcher Systeme und andere von Cyberbedrohungen betroffene Personen zu sch\u00fctzen; - Definition gem\u00e4\u00df Artikel 2 Nummer 1 der Verordnung (EU) 2019\/881;<\/span><\/span><\/span>) und \u00fcber die Zertifizierung von Informations- und Kommunikationstechnologien im Bereich der Cybersicherheit und zur Aufhebung der Verordnung (EU) Nr. 526\/2013 (Cybersicherheitsgesetz)<\/div>\n\n\n\n<div class=\"gspb_button_wrapper gspb_button-id-gsbp-017e9fc\" id=\"gspb_button-id-gsbp-017e9fc\"><a class=\"wp-block-greenshift-blocks-buttonbox gspb-buttonbox wp-element-button\" href=\"\/de\/richtlinie-4\/praambel\/\" rel=\"noopener\"><span class=\"gspb-buttonbox-textwrap\"><span class=\"gspb-buttonbox-text\"><span class=\"gspb-buttonbox-title\">Mehr erfahren<\/span><\/span><span class=\"gspb-buttonbox-icon\"><svg xmlns=\"http:\/\/www.w3.org\/2000\/svg\" style=\"width:5rem;height:5rem;margin:10px\" viewbox=\"0 0 24 24\"><path fill-rule=\"evenodd\" d=\"M24 0v22.78h-2.87V4.9L2.03 24 0 21.97l19.1-19.1H1.26V0H24Z\"><\/path><\/svg><\/span><\/span><\/a><\/div>\n<\/div>\n <\/div><\/div>\n\n\n\n<p>Die Verordnung (EU) 2019\/881, die zum Zeitpunkt ihrer Verabschiedung gemeinhin als Cybersicherheitsgesetz bekannt war, dient als ENISA-Mandat und Rechtsrahmen. Sie legt die Struktur und die wichtigsten Zust\u00e4ndigkeiten der ENISA, der Agentur der Europ\u00e4ischen Union f\u00fcr Cybersicherheit, fest und schafft gleichzeitig einen Rahmen f\u00fcr die Zertifizierung von IKT-Produkten, -Dienstleistungen und -Prozessen in der gesamten EU. Diese Verordnung ist ein zentraler Bestandteil der EU-Strategie zur Verbesserung der Cybersicherheit und zur Schaffung eines harmonisierten digitalen Binnenmarktes.<\/p>\n\n\n\n<h3 class=\"wp-block-heading\" id=\"structure-and-key-sections\">Aufbau und wichtige Abschnitte<\/h3>\n\n\n\n<ol class=\"wp-block-list\">\n<li>Das Mandat der ENISA: Mit der Verordnung wird die ENISA dauerhaft eingerichtet und ihre Rolle bei der Unterst\u00fctzung der Mitgliedstaaten und der EU-Institutionen zur Verbesserung der Cybersicherheit, als Drehscheibe f\u00fcr Fachwissen und zur Verringerung der Marktfragmentierung gest\u00e4rkt. Die ENISA hat die Aufgabe, bei der Entwicklung und Umsetzung der EU-Politik zu helfen, den Aufbau von Kapazit\u00e4ten zu f\u00f6rdern, die operative Zusammenarbeit zu unterst\u00fctzen und die \u00d6ffentlichkeit f\u00fcr Cybersicherheitsrisiken zu sensibilisieren.<\/li>\n\n\n\n<li>Rahmen f\u00fcr die Zertifizierung der Cybersicherheit: Ein wesentlicher Teil der Verordnung ist der Schaffung eines europ\u00e4ischen Zertifizierungsrahmens f\u00fcr Cybersicherheit gewidmet. Mit diesem Rahmen sollen EU-weit einheitliche Zertifizierungssysteme geschaffen werden, um das Vertrauen in IKT-Produkte, -Dienstleistungen und -Verfahren zu st\u00e4rken. Diese Systeme sollen die Sicherheitsstufen (grundlegend, erheblich oder hoch) angeben und die Zertifizierungslandschaft vereinheitlichen, indem nationale Systeme durch einen koh\u00e4renten EU-weiten Ansatz ersetzt werden.<\/li>\n\n\n\n<li>Verwaltungsstruktur: Die ENISA arbeitet mit einem Verwaltungsrat, einem Exekutivausschuss und einer Beratungsgruppe, um sicherzustellen, dass sie effizient arbeitet und ihren erweiterten Aufgaben gerecht wird. Dar\u00fcber hinaus wurde eine Europ\u00e4ische Gruppe f\u00fcr Cybersicherheitszertifizierung (ECCG) eingerichtet, die bei der Entwicklung und Anwendung des Rahmens f\u00fcr die Cybersicherheitszertifizierung hilft.<\/li>\n\n\n\n<li>\u00dcberpr\u00fcfung und Bewertung: Die Verordnung enth\u00e4lt Bestimmungen f\u00fcr regelm\u00e4\u00dfige Bewertungen der Auswirkungen der ENISA und der Wirksamkeit der Zertifizierungssysteme. Die erste umfassende \u00dcberpr\u00fcfung wurde f\u00fcr 2024 angesetzt, weitere \u00dcberpr\u00fcfungen sollen alle f\u00fcnf Jahre stattfinden.<\/li>\n\n\n\n<li>Aufhebung der fr\u00fcheren Verordnung: Die Verordnung hebt die fr\u00fchere Verordnung (EU) Nr. 526\/2013 auf und spiegelt den sich weiterentwickelnden Ansatz der EU im Bereich der Cybersicherheit und die wachsende Bedeutung einer robusten und einheitlichen Reaktion auf Cyberbedrohungen wider.<\/li>\n<\/ol>\n\n\n\n<p>Die CER-Richtlinie ist ein wichtiger Schritt in den Bem\u00fchungen der EU, kritische Infrastrukturen vor einer Vielzahl von Bedrohungen zu sch\u00fctzen. Durch die Festlegung klarer Verpflichtungen sowohl f\u00fcr die Mitgliedstaaten als auch f\u00fcr kritische Einrichtungen soll die Richtlinie ein widerstandsf\u00e4higeres und sichereres Umfeld in der gesamten Union schaffen.<\/p>\n\n\n\n<div style=\"height:100px\" aria-hidden=\"true\" class=\"wp-block-spacer\"><\/div>\n\n\n\n<div class=\"wp-block-greenshift-blocks-row gspb_row gspb_row-id-gsbp-d224a29 gspb_row--gutter-custom-0\" id=\"gspb_row-id-gsbp-d224a29\"><div class=\"gspb_row__content\"> \n<div class=\"wp-block-greenshift-blocks-row-column gspb_row__col--6 gspb_row__col--md-12 gspb_col-id-gsbp-3f096c4\" id=\"gspb_col-id-gsbp-3f096c4\">\n<h3 id=\"gspb_heading-id-gsbp-d9024e8\" class=\"gspb_heading gspb_heading-id-gsbp-d9024e8\">NIS 2 Lieferkette erhalten <span tabindex='0' class='glossary-item-container'>Risiko<span class='glossary-item-hidden-content'><span class='glossary-item-header'>Risiko<\/span> <span class='glossary-item-description'>Bezeichnet das Potenzial f\u00fcr Verluste oder St\u00f6rungen, die durch ein Ereignis verursacht werden, und wird als Kombination aus dem Ausma\u00df eines solchen Verlusts oder einer solchen St\u00f6rung und der Wahrscheinlichkeit des Eintretens des Ereignisses ausgedr\u00fcckt. <a href=\"https:\/\/nis2resources.eu\/de\/directive\/artikel-6\/\">Definition gem\u00e4\u00df Artikel 6 der Richtlinie (EU) 2022\/2555 (NIS2-Richtlinie)<\/a><\/span><\/span><\/span> Checkliste<\/h3>\n\n\n\n<div id=\"gspb_text-id-gsbp-105d8e4\" class=\"gspb_text gspb_text-id-gsbp-105d8e4\">Laden Sie unsere kostenlose NIS2-Checkliste f\u00fcr Risiken in der Lieferkette herunter, um sicherzustellen, dass Ihr Unternehmen die neuesten Standards f\u00fcr Cybersicherheit m\u00fchelos einh\u00e4lt.<\/div>\n<\/div>\n\n\n\n<div class=\"wp-block-greenshift-blocks-row-column gspb_row__col--6 gspb_row__col--md-12 gspb_col-id-gsbp-a3dc620\" id=\"gspb_col-id-gsbp-a3dc620\">\n<div class=\"gspb_button_wrapper gspb_button-id-gsbp-51f288b\" id=\"gspb_button-id-gsbp-51f288b\"><a class=\"wp-block-greenshift-blocks-buttonbox gspb-buttonbox wp-element-button\" href=\"\/de\/compliance-kits\/\" rel=\"noopener\"><span class=\"gspb-buttonbox-textwrap\"><span class=\"gspb-buttonbox-text\"><span class=\"gspb-buttonbox-title\">Kostenloses Herunterladen<\/span><\/span><span class=\"gspb-buttonbox-icon\"><svg xmlns=\"http:\/\/www.w3.org\/2000\/svg\" style=\"width:5rem;height:5rem;margin:10px\" viewbox=\"0 0 24 24\"><path fill-rule=\"evenodd\" d=\"M24 0v22.78h-2.87V4.9L2.03 24 0 21.97l19.1-19.1H1.26V0H24Z\"><\/path><\/svg><\/span><\/span><\/a><\/div>\n<\/div>\n <\/div><\/div>","protected":false},"excerpt":{"rendered":"<p>The Regulation (EU) 2019\/881, commonly known at the time of its adoption as the CybersecurityCybersecurity \u2018cybersecurity\u2019 means cybersecurity as defined in Article 2, point (1), of Regulation (EU) 2019\/881; &#8211; Definition according Article 6 Directive (EU) 2022\/2555 (NIS2 Directive) &#8216;cybersecurity\u2019 means the activities necessary to protect network and information systems, the users of such systems, [&hellip;]<\/p>\n","protected":false},"author":1,"featured_media":0,"parent":0,"menu_order":0,"comment_status":"closed","ping_status":"closed","template":"","meta":{"_gspb_post_css":"#gspb_row-id-gsbp-90dd5fd{justify-content:space-between;margin-top:0;display:flex;flex-wrap:wrap;margin-bottom:120px;padding:0 80px}#gspb_row-id-gsbp-90dd5fd>.gspb_row__content{display:flex;justify-content:space-between;margin:0 auto;width:100%;flex-wrap:wrap}div[id^=gspb_col-id]{box-sizing:border-box;position:relative;padding:15px min(3vw,20px)}@media (max-width:991.98px){#gspb_row-id-gsbp-90dd5fd>.gspb_row__content{row-gap:30px}}body.gspb-bodyfront #gspb_row-id-gsbp-90dd5fd>.gspb_row__content{width:var(--theme-container-width, 1200px);max-width:var(--theme-normal-container-max-width, 1200px)}@media (max-width:991.98px){#gspb_row-id-gsbp-90dd5fd{margin-bottom:80px;padding-right:50px;padding-left:50px}}@media (max-width:575.98px){#gspb_row-id-gsbp-90dd5fd{margin-bottom:60px;padding-right:35px;padding-left:35px}}#gspb_row-id-gsbp-90dd5fd{background-color:var(--wp--preset--color--palette-color-7, var(--theme-palette-color-7, #F7FAFD))}#gspb_row-id-gsbp-90dd5fd,#gspb_row-id-gsbp-90dd5fd>.gspb_backgroundOverlay{border-top-left-radius:40px;border-top-right-radius:40px;border-bottom-right-radius:40px;border-bottom-left-radius:40px}#gspb_col-id-gsbp-d560c25.gspb_row__col--4{width:calc(33.333333333333336% - 5px)}@media (max-width:991.98px){#gspb_col-id-gsbp-d560c25.gspb_row__col--4{width:100%}}@media (max-width:767.98px){#gspb_col-id-gsbp-d560c25.gspb_row__col--4{width:calc(100% - 5px)}}@media (max-width:575.98px){#gspb_col-id-gsbp-d560c25.gspb_row__col--4{width:100%}}@media (min-width:992px){body.gspb-bodyfront #gspb_col-id-gsbp-d560c25.gspb_row__col--4{width:calc(100% - 0px - 5px)}}.gspb_row #gspb_col-id-gsbp-d560c25.gspb_row__col--4{padding:70px 0}@media (max-width:991.98px){.gspb_row #gspb_col-id-gsbp-d560c25.gspb_row__col--4{padding-top:50px;padding-bottom:0}}@media (max-width:575.98px){.gspb_row #gspb_col-id-gsbp-d560c25.gspb_row__col--4{padding-bottom:0}}body #gspb_col-id-gsbp-d560c25.gspb_row__col--4{display:flex;flex-direction:column;justify-content:center}@media (max-width:991.98px){body #gspb_col-id-gsbp-d560c25.gspb_row__col--4{align-items:center}}#gspb_heading-id-gsbp-2ffee04{font-size:50px}@media (max-width:991.98px){#gspb_heading-id-gsbp-2ffee04{font-size:35px}}@media (max-width:575.98px){#gspb_heading-id-gsbp-2ffee04{font-size:30px}}@media (max-width:991.98px){#gspb_heading-id-gsbp-2ffee04,#gspb_heading-id-gsbp-2ffee04 .gsap-g-line{text-align:center!important}}#gspb_heading-id-gsbp-2ffee04{font-weight:800!important;margin-top:0;margin-bottom:10px}@media (max-width:991.98px){.gspb_text-id-gsbp-e310166,.gspb_text-id-gsbp-e310166 .gsap-g-line{text-align:center!important}}.gspb_text-id-gsbp-e310166{margin-bottom:40px!important}#gspb_button-id-gsbp-017e9fc{display:flex;justify-content:flex-start}#gspb_button-id-gsbp-017e9fc .gspb-buttonbox-text{display:flex;flex-direction:column}#gspb_button-id-gsbp-017e9fc>.gspb-buttonbox{box-sizing:border-box}#gspb_button-id-gsbp-017e9fc>.gspb-buttonbox>.gspb-buttonbox-textwrap>.gspb-buttonbox-icon,#gspb_button-id-gsbp-51f288b>.gspb-buttonbox>.gspb-buttonbox-textwrap>.gspb-buttonbox-icon{display:flex}#gspb_button-id-gsbp-017e9fc>.gspb-buttonbox>.gspb-buttonbox-textwrap{display:flex;flex-direction:row;align-items:center}#gspb_button-id-gsbp-017e9fc .gspb-buttonbox-icon{margin-left:13px}#gspb_row-id-gsbp-d224a29{justify-content:space-between;margin-top:0;margin-bottom:0;display:flex;flex-wrap:wrap;align-content:center;padding:60px}#gspb_row-id-gsbp-d224a29>.gspb_row__content{display:flex;justify-content:space-between;margin:0 auto;width:100%;flex-wrap:wrap}.gspb_row{position:relative}@media (max-width:991.98px){#gspb_row-id-gsbp-d224a29>.gspb_row__content{row-gap:40px}}#gspb_row-id-gsbp-d224a29>.gspb_row__content{align-items:center}body.gspb-bodyfront #gspb_row-id-gsbp-d224a29>.gspb_row__content{width:var(--theme-container-width, 1200px);max-width:var(--theme-normal-container-max-width, 1200px)}@media (max-width:991.98px){#gspb_row-id-gsbp-d224a29{padding:50px}}@media (max-width:575.98px){#gspb_row-id-gsbp-d224a29{padding:35px}}#gspb_row-id-gsbp-d224a29{background-color:var(--wp--preset--color--palette-color-2, var(--theme-palette-color-2, #24417C))}#gspb_row-id-gsbp-d224a29,#gspb_row-id-gsbp-d224a29>.gspb_backgroundOverlay{border-top-left-radius:40px;border-top-right-radius:40px;border-bottom-right-radius:40px;border-bottom-left-radius:40px}body.gspb-bodyfront #gspb_row-id-gsbp-d224a29{z-index:3}#gspb_col-id-gsbp-3f096c4.gspb_row__col--6{width:50%}@media (max-width:991.98px){#gspb_col-id-gsbp-3f096c4.gspb_row__col--6{width:100%}}@media (max-width:575.98px){#gspb_col-id-gsbp-3f096c4.gspb_row__col--6{width:100%}}.gspb_row #gspb_col-id-gsbp-3f096c4.gspb_row__col--6,.gspb_row #gspb_col-id-gsbp-a3dc620.gspb_row__col--6{padding:0}@media (max-width:991.98px){#gspb_heading-id-gsbp-d9024e8{font-size:25px;text-align:center!important}#gspb_heading-id-gsbp-d9024e8 .gsap-g-line{text-align:center!important}}#gspb_heading-id-gsbp-d9024e8{color:var(--wp--preset--color--palette-color-8, var(--theme-palette-color-8, #ffffff));margin-top:0;margin-bottom:10px}@media (max-width:991.98px){.gspb_text-id-gsbp-105d8e4,.gspb_text-id-gsbp-105d8e4 .gsap-g-line{text-align:center!important}}.gspb_text-id-gsbp-105d8e4{color:var(--wp--preset--color--palette-color-8, var(--theme-palette-color-8, #ffffff))}#gspb_col-id-gsbp-a3dc620.gspb_row__col--6{width:50%}@media (max-width:991.98px){#gspb_col-id-gsbp-a3dc620.gspb_row__col--6{width:100%}}@media (max-width:575.98px){#gspb_col-id-gsbp-a3dc620.gspb_row__col--6{width:100%}}#gspb_button-id-gsbp-51f288b{display:flex;justify-content:flex-end}#gspb_button-id-gsbp-51f288b .gspb-buttonbox-text{display:flex;flex-direction:column}#gspb_button-id-gsbp-51f288b>.gspb-buttonbox{box-sizing:border-box}#gspb_button-id-gsbp-017e9fc>.gspb-buttonbox .gspb-buttonbox-icon svg,#gspb_button-id-gsbp-51f288b>.gspb-buttonbox .gspb-buttonbox-icon svg{height:13px!important;width:13px!important;min-width:13px!important;fill:currentColor!important;margin:0!important}#gspb_button-id-gsbp-017e9fc>.gspb-buttonbox .gspb-buttonbox-icon svg path,#gspb_button-id-gsbp-51f288b>.gspb-buttonbox .gspb-buttonbox-icon svg path{fill:currentColor!important}#gspb_button-id-gsbp-51f288b>.gspb-buttonbox>.gspb-buttonbox-textwrap{display:flex;flex-direction:row;align-items:center}#gspb_button-id-gsbp-51f288b .gspb-buttonbox-icon{margin-left:13px}@media (max-width:991.98px){#gspb_button-id-gsbp-51f288b{justify-content:center}}#gspb_button-id-gsbp-51f288b>.gspb-buttonbox{background-color:var(--wp--preset--color--palette-color-8, var(--theme-palette-color-8, #ffffff));color:var(--wp--preset--color--palette-color-2, var(--theme-palette-color-2, #24417C))}#gspb_button-id-gsbp-51f288b>.gspb-buttonbox:hover{background-color:var(--wp--preset--color--palette-color-9, var(--theme-palette-color-9, #FFE8DA))!important}","footnotes":""},"class_list":["post-1145","page","type-page","status-publish","hentry"],"blocksy_meta":{"has_hero_section":"disabled","vertical_spacing_source":"custom","content_area_spacing":"none","styles_descriptor":{"styles":{"desktop":"","tablet":"","mobile":""},"google_fonts":[],"version":6},"page_structure_type":"type-2"},"_links":{"self":[{"href":"https:\/\/nis2resources.eu\/de\/wp-json\/wp\/v2\/pages\/1145","targetHints":{"allow":["GET"]}}],"collection":[{"href":"https:\/\/nis2resources.eu\/de\/wp-json\/wp\/v2\/pages"}],"about":[{"href":"https:\/\/nis2resources.eu\/de\/wp-json\/wp\/v2\/types\/page"}],"author":[{"embeddable":true,"href":"https:\/\/nis2resources.eu\/de\/wp-json\/wp\/v2\/users\/1"}],"replies":[{"embeddable":true,"href":"https:\/\/nis2resources.eu\/de\/wp-json\/wp\/v2\/comments?post=1145"}],"version-history":[{"count":0,"href":"https:\/\/nis2resources.eu\/de\/wp-json\/wp\/v2\/pages\/1145\/revisions"}],"wp:attachment":[{"href":"https:\/\/nis2resources.eu\/de\/wp-json\/wp\/v2\/media?parent=1145"}],"curies":[{"name":"wp","href":"https:\/\/api.w.org\/{rel}","templated":true}]}}