{"id":1135,"date":"2024-01-29T16:47:57","date_gmt":"2024-01-29T16:47:57","guid":{"rendered":"https:\/\/nis2resources.eu\/?page_id=1135"},"modified":"2024-08-11T19:31:28","modified_gmt":"2024-08-11T19:31:28","slug":"artikel-1","status":"publish","type":"page","link":"https:\/\/nis2resources.eu\/de\/regulation-2022-2554-dora\/article-1\/","title":{"rendered":"Artikel 1 - Gegenstand"},"content":{"rendered":"<p>Um ein hohes gemeinsames Niveau an digitaler operativer Belastbarkeit zu erreichen, werden in dieser Verordnung einheitliche Anforderungen an die <span tabindex='0' class='glossary-item-container'>Sicherheit der Netz- und Informationssysteme<span class='glossary-item-hidden-content'><span class='glossary-item-header'>Sicherheit von Netz- und Informationssystemen<\/span> <span class='glossary-item-description'>bezeichnet die F\u00e4higkeit von Netz- und Informationssystemen, mit einem bestimmten Vertrauensniveau jedem Ereignis zu widerstehen, das die Verf\u00fcgbarkeit, Authentizit\u00e4t, Integrit\u00e4t oder Vertraulichkeit gespeicherter, \u00fcbermittelter oder verarbeiteter Daten oder der von diesen Netz- und Informationssystemen angebotenen oder \u00fcber sie zug\u00e4nglichen Dienste beeintr\u00e4chtigen k\u00f6nnte; - <a href=\"https:\/\/nis2resources.eu\/de\/directive\/artikel-6\/\">Definition gem\u00e4\u00df Artikel 6 der Richtlinie (EU) 2022\/2555 (NIS2-Richtlinie)<\/a><\/span><\/span><\/span> Unterst\u00fctzung der Gesch\u00e4ftsprozesse von Finanzunternehmen wie folgt:<\/p>\n\n\n\n<p>(a) die f\u00fcr Finanzunternehmen geltenden Anforderungen in Bezug auf:<\/p>\n\n\n\n<p>(i) Informations- und Kommunikationstechnologie (IKT) <span tabindex='0' class='glossary-item-container'>Risiko<span class='glossary-item-hidden-content'><span class='glossary-item-header'>Risiko<\/span> <span class='glossary-item-description'>Bezeichnet das Potenzial f\u00fcr Verluste oder St\u00f6rungen, die durch ein Ereignis verursacht werden, und wird als Kombination aus dem Ausma\u00df eines solchen Verlusts oder einer solchen St\u00f6rung und der Wahrscheinlichkeit des Eintretens des Ereignisses ausgedr\u00fcckt. <a href=\"https:\/\/nis2resources.eu\/de\/directive\/artikel-6\/\">Definition gem\u00e4\u00df Artikel 6 der Richtlinie (EU) 2022\/2555 (NIS2-Richtlinie)<\/a><\/span><\/span><\/span> Verwaltung;<\/p>\n\n\n\n<p>(ii) Meldung gr\u00f6\u00dferer IKT-bezogener Vorf\u00e4lle und - auf freiwilliger Basis - Meldung erheblicher Cyber-Bedrohungen an die zust\u00e4ndigen Beh\u00f6rden;<\/p>\n\n\n\n<p>(iii) Meldung gr\u00f6\u00dferer operationeller oder sicherheitsrelevanter Vorf\u00e4lle an die zust\u00e4ndigen Beh\u00f6rden durch die in Artikel 2 Absatz 1 Buchstaben a bis d genannten Finanzinstitute;<\/p>\n\n\n\n<p>(iv) Pr\u00fcfung der digitalen operationellen Belastbarkeit;<\/p>\n\n\n\n<p>(v) Austausch von Informationen und Erkenntnissen in Bezug auf Cyber-Bedrohungen und -Schwachstellen;<\/p>\n\n\n\n<p>(vi) Ma\u00dfnahmen f\u00fcr ein solides Management des IKT-Drittrisikos;<br>(b) Anforderungen in Bezug auf die vertraglichen Vereinbarungen zwischen IKT-Drittanbietern und Finanzunternehmen;<\/p>\n\n\n\n<p>(c) Regeln f\u00fcr die Einrichtung und Durchf\u00fchrung des Aufsichtsrahmens f\u00fcr kritische IKT-Drittdienstleister, die Dienstleistungen f\u00fcr Finanzunternehmen erbringen;<\/p>\n\n\n\n<p>(d) Regeln f\u00fcr die Zusammenarbeit zwischen den zust\u00e4ndigen Beh\u00f6rden sowie Regeln f\u00fcr die \u00dcberwachung und Durchsetzung durch die zust\u00e4ndigen Beh\u00f6rden in Bezug auf alle von dieser Verordnung erfassten Angelegenheiten.<\/p>\n\n\n\n<p>Diese Verordnung ber\u00fchrt nicht die Zust\u00e4ndigkeit der Mitgliedstaaten f\u00fcr wesentliche staatliche Aufgaben in den Bereichen \u00f6ffentliche Sicherheit, Verteidigung und nationale Sicherheit im Einklang mit dem Unionsrecht.<\/p>\n\n\n\n<p>In Bezug auf Finanzunternehmen, die gem\u00e4\u00df den nationalen Vorschriften zur Umsetzung von Artikel 3 der Richtlinie (EU) 2022\/2555 als wesentliche oder bedeutende Unternehmen eingestuft sind, gilt diese Verordnung als sektorspezifischer Rechtsakt der Union im Sinne von Artikel 4 der genannten Richtlinie.<\/p>\n\n\n\n<p><\/p>","protected":false},"excerpt":{"rendered":"<p>In order to achieve a high common level of digital operational resilience, this Regulation lays down uniform requirements concerning the security of network and information systemsSecurity of Network and Information Systems Means the ability of network and information systems to resist, at a given level of confidence, any event that may compromise the availability, authenticity, [&hellip;]<\/p>\n","protected":false},"author":1,"featured_media":0,"parent":1133,"menu_order":1,"comment_status":"closed","ping_status":"closed","template":"","meta":{"_gspb_post_css":".gspb_container-id-gsbp-08edf4d{flex-direction:column;box-sizing:border-box}#gspb_container-id-gsbp-08edf4d.gspb_container>p:last-of-type,#gspb_container-id-gsbp-318027b.gspb_container>p:last-of-type{margin-bottom:0}body.gspb-bodyfront #gspb_container-id-gsbp-08edf4d.gspb_container{z-index:3}#gspb_container-id-gsbp-08edf4d.gspb_container{margin-bottom:-100px;padding:60px}@media (max-width:991.98px){#gspb_container-id-gsbp-08edf4d.gspb_container{padding:50px}}@media (max-width:575.98px){#gspb_container-id-gsbp-08edf4d.gspb_container{padding:35px}}#gspb_container-id-gsbp-08edf4d.gspb_container,#gspb_container-id-gsbp-08edf4d.gspb_container>.gspb_backgroundOverlay{border-top-left-radius:40px;border-top-right-radius:40px;border-bottom-right-radius:40px;border-bottom-left-radius:40px}#gspb_container-id-gsbp-08edf4d.gspb_container{background-color:var(--wp--preset--color--palette-color-2, var(--theme-palette-color-2, #24417C))}@media (max-width:991.98px){#gspb_heading-id-gsbp-d9024e8{font-size:25px}}#gspb_heading-id-gsbp-d9024e8,#gspb_heading-id-gsbp-d9024e8 .gsap-g-line{text-align:center!important}#gspb_heading-id-gsbp-d9024e8{color:var(--wp--preset--color--palette-color-8, var(--theme-palette-color-8, #ffffff));margin-top:0;margin-bottom:0}#gspb_heading-id-gsbp-0f939b1{font-size:23px}@media (max-width:991.98px){#gspb_heading-id-gsbp-0f939b1{font-size:20px}}#gspb_heading-id-gsbp-0f939b1,#gspb_heading-id-gsbp-0f939b1 .gsap-g-line{text-align:center!important}#gspb_heading-id-gsbp-0f939b1{color:var(--wp--preset--color--palette-color-8, var(--theme-palette-color-8, #ffffff));margin-top:0;margin-bottom:0}.gspb_container-id-gsbp-318027b{flex-direction:column;box-sizing:border-box}.gspb_container{position:relative}#gspb_container-id-gsbp-318027b.gspb_container{background-color:var(--wp--preset--color--palette-color-7, var(--theme-palette-color-7, #F7FAFD));height:100px}","footnotes":""},"class_list":["post-1135","page","type-page","status-publish","hentry"],"blocksy_meta":{"has_hero_section":"enabled","styles_descriptor":{"styles":{"desktop":"[data-prefix=\"single_page\"] .entry-header .page-title {--theme-font-size:30px;} [data-prefix=\"single_page\"] .entry-header .entry-meta {--theme-font-weight:600;--theme-text-transform:uppercase;--theme-font-size:12px;--theme-line-height:1.3;}","tablet":"","mobile":""},"google_fonts":[],"version":6},"vertical_spacing_source":"custom","content_area_spacing":"none","page_structure_type":"type-2","hero_section":"type-1","hero_elements":[{"id":"custom_title","enabled":true,"heading_tag":"h1","title":"Startseite","__id":"R2U-HYFiRxNB68ehtVNnD"},{"id":"custom_description","enabled":false,"description_visibility":{"desktop":true,"tablet":true,"mobile":false},"__id":"iunddIgO99hpSPG9Fg5JG"},{"id":"custom_meta","enabled":false,"meta_elements":[{"id":"author","enabled":true,"label":"By","has_author_avatar":"yes","avatar_size":25},{"id":"post_date","enabled":true,"label":"On","date_format_source":"default","date_format":"M j, Y"},{"id":"updated_date","enabled":false,"label":"On","date_format_source":"default","date_format":"M j, Y"},{"id":"categories","enabled":false,"label":"In","style":"simple"},{"id":"comments","enabled":true}],"page_meta_elements":{"joined":true,"articles_count":true,"comments":true},"__id":"5eaAHMv04hORzKiN9yiIn"},{"id":"breadcrumbs","enabled":true,"__id":"cWM29SLjiH-CvKLggsfwD"},{"id":"content-block","enabled":false,"__id":"WGpWtEusOELIm65POzykI"}]},"_links":{"self":[{"href":"https:\/\/nis2resources.eu\/de\/wp-json\/wp\/v2\/pages\/1135","targetHints":{"allow":["GET"]}}],"collection":[{"href":"https:\/\/nis2resources.eu\/de\/wp-json\/wp\/v2\/pages"}],"about":[{"href":"https:\/\/nis2resources.eu\/de\/wp-json\/wp\/v2\/types\/page"}],"author":[{"embeddable":true,"href":"https:\/\/nis2resources.eu\/de\/wp-json\/wp\/v2\/users\/1"}],"replies":[{"embeddable":true,"href":"https:\/\/nis2resources.eu\/de\/wp-json\/wp\/v2\/comments?post=1135"}],"version-history":[{"count":0,"href":"https:\/\/nis2resources.eu\/de\/wp-json\/wp\/v2\/pages\/1135\/revisions"}],"up":[{"embeddable":true,"href":"https:\/\/nis2resources.eu\/de\/wp-json\/wp\/v2\/pages\/1133"}],"wp:attachment":[{"href":"https:\/\/nis2resources.eu\/de\/wp-json\/wp\/v2\/media?parent=1135"}],"curies":[{"name":"wp","href":"https:\/\/api.w.org\/{rel}","templated":true}]}}